{"id":889,"date":"2024-01-31T07:57:06","date_gmt":"2024-01-31T07:57:06","guid":{"rendered":"https:\/\/green-card-usa.net\/lotterie-green-card\/"},"modified":"2025-02-21T09:17:40","modified_gmt":"2025-02-21T09:17:40","slug":"lotterie-green-card","status":"publish","type":"page","link":"https:\/\/us-gc.net\/de\/lotterie-green-card\/","title":{"rendered":"Amerikanische Green Card-Lotterie"},"content":{"rendered":"\n<h1 class=\"wp-block-heading\" id=\"h-loterie-americaine-pour-obtenir-une-green-card\">Amerikanische Lotterie, um eine Green Card zu erhalten<\/h1>\n\n<p>Jedes Jahr erhalten mehr als 50 000 Menschen auf der ganzen Welt durch die amerikanische Lotterie eine Green Card. Um dieses Recht auf eine Green Card zu gewinnen, nehmen die Bewerber an einer zuf\u00e4lligen Computerziehung teil, die einmal im Jahr stattfindet.<\/p>\n\n<p><strong>Nehmen Sie an dieser j\u00e4hrlichen Lotterie teil<\/strong>, indem Sie sich in wenigen Minuten online registrieren, indem Sie auf <a href=\"https:\/\/us-gc.net\/de\/lotterie-formular-green-card\/\">Online-Formular<\/a> klicken. <\/p>\n\n<div style=\"height:10px\" aria-hidden=\"true\" class=\"wp-block-spacer\"><\/div>\n\n<h2 class=\"wp-block-heading\" id=\"h-qu-est-ce-que-la-loterie-de-la-green-card\">Was ist die Green Card-Lotterie?<\/h2>\n\n<p>Die Vereinigten Staaten haben ein Programm zur Steuerung der Vielfalt ausl\u00e4ndischer Zuwanderer eingef\u00fchrt. Dieses Verfahren wird als Diversity Visa Program bezeichnet. Es beinhaltet eine j\u00e4hrliche Auslosung unter den Bewerbern f\u00fcr eine Einwanderung in die USA. Die Gewinner sind berechtigt, sich f\u00fcr eine <a href=\"https:\/\/us-gc.net\/de\/green-card\/\">Green Card<\/a> im Rahmen des Diversity Visa Program zu bewerben.<\/p>\n\n<h2 class=\"wp-block-heading\" id=\"h-quand-se-deroule-la-loterie-de-la-green-card\">Wann findet die Green Card-Lotterie statt?<\/h2>\n\n<p>Die Anmeldung f\u00fcr die Ziehung der Green-Card-Lotterie erfolgt innerhalb eines von der US-Regierung festgelegten Zeitraums. Diese Anmeldephase l\u00e4uft folgenderma\u00dfen ab:<\/p>\n\n<ul class=\"wp-block-list\">\n<li>Die Anmeldephase beginnt in der ersten Oktoberwoche ;<\/li>\n\n\n\n<li>Der Anmeldeschluss findet in der ersten Novemberwoche statt.<\/li>\n<\/ul>\n\n<div style=\"height:10px\" aria-hidden=\"true\" class=\"wp-block-spacer\"><\/div>\n\n<p>Die endg\u00fcltige Auslosung findet jedes Jahr im November statt.<\/p>\n\n<h2 class=\"wp-block-heading\" id=\"h-comment-s-inscrire-a-la-loterie\">Wie melde ich mich f\u00fcr die Lotterie an?<\/h2>\n\n<p>Die Anmeldung erfolgt ausschlie\u00dflich online im Internet. Es gibt zwei Hauptschritte, um sich anzumelden:<\/p>\n\n<ul class=\"wp-block-list\">\n<li>Der Bewerber muss seine Eignung f\u00fcr die Teilnahme an der Lotterie des Diversity Visa Program \u00fcberpr\u00fcfen.<\/li>\n\n\n\n<li>Der Bewerber muss ein Online-Formular ausf\u00fcllen, um seine Teilnahme an der Lotterie zu registrieren.<\/li>\n<\/ul>\n\n<h3 class=\"wp-block-heading\" id=\"h-verifier-son-eligibilite-pour-participer-a-la-loterie\">\u00dcberpr\u00fcfen Sie Ihre Berechtigung zur Teilnahme an der Lotterie<\/h3>\n\n<p><strong>Teilnahmeberechtigung<\/strong>: Die erste Voraussetzung f\u00fcr die Teilnahme an der Green-Card-Lotterie ist, dass Sie kein Staatsangeh\u00f6riger eines Landes sind, das nicht zur Teilnahme berechtigt ist.<\/p>\n\n<p>Die USA m\u00f6chten eine gemischte Bev\u00f6lkerung unter den Zuwanderern beibehalten. Die US-Regierung legt jedes Jahr fest, welche <a href=\"https:\/\/us-gc.net\/de\/greencard-lotterie-fur-nicht-teilnehmende-lander\/\">L\u00e4nder nicht an der Green-Card-Lotterie teilnehmen d\u00fcrfen<\/a>. Diese Auswahl der nicht teilnehmenden L\u00e4nder erfolgt auf der Grundlage der folgenden Regel: Staatsangeh\u00f6rige von L\u00e4ndern, aus denen in den vergangenen f\u00fcnf Jahren mehr als 50.000 B\u00fcrger in die USA eingewandert sind, d\u00fcrfen nicht an der diesj\u00e4hrigen Auslosung teilnehmen.<\/p>\n\n<p><strong>Zweite Voraussetzung f\u00fcr die Teilnahme<\/strong>: Der Bewerber muss einen Bachelor-Abschluss haben oder in den letzten f\u00fcnf Jahren eine Position mit einer Dauer von mindestens zwei Jahren bekleidet haben, die eine Ausbildung oder Erfahrung von mindestens zwei Jahren voraussetzt.<\/p>\n\n<h3 class=\"wp-block-heading\" id=\"h-s-inscrire-en-ligne-a-la-loterie\">Sich online f\u00fcr die Lotterie anmelden<\/h3>\n\n<p>Die Anmeldung f\u00fcr die <a href=\"https:\/\/us-gc.net\/de\/lotterie-grune-karte-amerikanische\/\">Greencard-Lotterie<\/a> erfolgt online in wenigen Minuten, indem Sie das <a href=\"https:\/\/us-gc.net\/de\/lotterie-formular-green-card\/\">Online-Formular<\/a> ausf\u00fcllen.  <\/p>\n\n<h2 class=\"wp-block-heading\" id=\"h-comment-connaitre-les-resultats-de-la-loterie-de-la-green-card\">Wie kann ich die Ergebnisse der Green Card-Lotterie erfahren?<\/h2>\n\n<p>Die <a href=\"https:\/\/us-gc.net\/de\/lotterie-ergebnisse-green-card\/\">Ergebnisse der Green-Card-Verlosung<\/a> werden jedes Jahr mindestens sechs Monate nach der Verlosung im November ver\u00f6ffentlicht. Die Ergebnisse der Lotterieziehung werden daher ab Mai des folgenden Jahres online ver\u00f6ffentlicht.<\/p>\n\n<p>Das US-Au\u00dfenministerium, das das Diversity Visa Program verwaltet, ver\u00f6ffentlicht online Statistiken \u00fcber die Bewerber, die jedes Jahr an der Lotterie teilnehmen.  <\/p>\n\n<h2 class=\"wp-block-heading\" id=\"h-est-ce-qu-il-y-a-des-quotas-par-pays-pour-la-loterie\">Gibt es f\u00fcr die Lotterie Quoten pro Land?<\/h2>\n\n<p>Es gibt keine L\u00e4nderquoten bei der Anmeldung, um an der Green-Card-Lotterie teilzunehmen. Im Gegensatz dazu sieht das Diversity Visa Program L\u00e4nderquoten f\u00fcr die endg\u00fcltige Vergabe von Visa aus dem Diversity Program vor: <strong>B\u00fcrger aus einem Land d\u00fcrfen nicht mehr als 7% der Gesamtgewinner stellen<\/strong>.<\/p>\n\n<p><strong>Beispiel f\u00fcr 2023<\/strong>: Bei einer Gesamtzahl von 55 000 Gr\u00fcnen Karten, die im Jahr 2023 ausgestellt wurden, durfte kein Land mehr als 7 % davon haben, d. h. maximal 3 850 Gr\u00fcne Karten.<\/p>\n\n<h2 class=\"wp-block-heading\" id=\"h-synthese-des-candidats-ayant-participes-a-la-loterie-de-2019-a-2021\">Zusammenfassung der Kandidaten, die an der Lotterie von 2019 bis 2021 teilgenommen haben.<\/h2>\n\n<p>Die j\u00fcngsten vom US-Au\u00dfenministerium ver\u00f6ffentlichten Zahlen zur Anzahl der Online-Anmeldungen f\u00fcr die Green-Card-Lotterie beziehen sich auf das Jahr 2021. Hier ist die Zusammenfassung der Teilnahme von 2019 bis 2021 nach geografischen Zonen aufgeteilt :  <\/p>\n\n<figure class=\"wp-block-table\"><table><tbody><tr><td><strong>Geografische Gebiete <\/strong><\/td><td class=\"has-text-align-center\" data-align=\"center\"><strong>2019<\/strong><\/td><td class=\"has-text-align-center\" data-align=\"center\"><strong>2020<\/strong><\/td><td class=\"has-text-align-center\" data-align=\"center\"><strong>2021<\/strong><\/td><\/tr><tr><td><a href=\"https:\/\/us-gc.net\/de\/lotterie-green-card-lander-afrika\/\">L\u00e4nder in Afrika<\/a><\/td><td class=\"has-text-align-center\" data-align=\"center\">7 832 894<\/td><td class=\"has-text-align-center\" data-align=\"center\">8 145 390<\/td><td class=\"has-text-align-center\" data-align=\"center\">3 100 982<\/td><\/tr><tr><td><a href=\"https:\/\/us-gc.net\/de\/greencard-lotterieland-asien\/\">L\u00e4nder in Asien<\/a><\/td><td class=\"has-text-align-center\" data-align=\"center\">1 871 824<\/td><td class=\"has-text-align-center\" data-align=\"center\">1 952 489<\/td><td class=\"has-text-align-center\" data-align=\"center\">1 281 046<\/td><\/tr><tr><td><a href=\"https:\/\/us-gc.net\/de\/lotterie-green-card-europa\/\">L\u00e4nder in Europa<\/a><\/td><td class=\"has-text-align-center\" data-align=\"center\">4 349 555<\/td><td class=\"has-text-align-center\" data-align=\"center\">4 072 324<\/td><td class=\"has-text-align-center\" data-align=\"center\">2 014 089<\/td><\/tr><tr><td>Land in Nordamerika (Bahamas)<\/td><td class=\"has-text-align-center\" data-align=\"center\">1 506<\/td><td class=\"has-text-align-center\" data-align=\"center\">1 445<\/td><td class=\"has-text-align-center\" data-align=\"center\">937<\/td><\/tr><tr><td>L\u00e4nder in Ozeanien<\/td><td class=\"has-text-align-center\" data-align=\"center\">23 201<\/td><td class=\"has-text-align-center\" data-align=\"center\">22 722<\/td><td class=\"has-text-align-center\" data-align=\"center\">16 672<\/td><\/tr><tr><td>L\u00e4nder in Mittel- und S\u00fcdamerika<\/td><td class=\"has-text-align-center\" data-align=\"center\">273 033<\/td><td class=\"has-text-align-center\" data-align=\"center\">528 428<\/td><td class=\"has-text-align-center\" data-align=\"center\">327 402<\/td><\/tr><tr><td><strong>Insgesamt Anmeldedossiers<\/strong><\/td><td class=\"has-text-align-center\" data-align=\"center\"><strong>14 352 013<\/strong><\/td><td class=\"has-text-align-center\" data-align=\"center\"><strong>14 722 798<\/strong><\/td><td class=\"has-text-align-center\" data-align=\"center\"><strong>6 741 128<\/strong><\/td><\/tr><\/tbody><\/table><\/figure>\n\n<p>Diese Statistiken wurden aus \u00f6ffentlichen Daten zusammengestellt, die das US-Au\u00dfenministerium auf <a href=\"https:\/\/travel.state.gov\/content\/travel\/en\/us-visas\/immigrate\/diversity-visa-program-entry\/diversity-visa-program-statistics.html\">travel.state.gov<\/a> ver\u00f6ffentlicht hat.<\/p>\n\n<h2 class=\"wp-block-heading\" id=\"h-qu-est-ce-qu-il-se-passe-apres-la-loterie-de-la-green-card\">Was passiert nach der Green-Card-Lotterie?<\/h2>\n\n<p>Lotteriegewinner m\u00fcssen nach dem Gewinn der Lotterie mehrere Schritte unternehmen. Die n\u00e4chsten Schritte des Verfahrens sind :<\/p>\n\n<ul class=\"wp-block-list\">\n<li>F\u00fcllen Sie das <a href=\"https:\/\/travel.state.gov\/content\/travel\/en\/us-visas\/visa-information-resources\/forms\/online-immigrant-visa-forms\/ds-260-faqs.html\">Formular DS-260<\/a> f\u00fcr den Visumantrag aus.<\/li>\n\n\n\n<li>F\u00fchren Sie die Zahlung der <a href=\"https:\/\/us-gc.net\/de\/preis-green-card\/\">Geb\u00fchren durch, die f\u00fcr den Erhalt der Green Card<\/a> im Rahmen dieses obligatorischen Visumantrags zu entrichten sind;<\/li>\n\n\n\n<li>Ein <a href=\"https:\/\/us-gc.net\/de\/green-card-interview\/\">Interview f\u00fcr die Green Card<\/a> mit einem USCIS-Beamten des Diversity Visa Program f\u00fchren ;<\/li>\n\n\n\n<li>F\u00fchren Sie eine medizinische Untersuchung durch.<\/li>\n<\/ul>\n\n<div style=\"height:10px\" aria-hidden=\"true\" class=\"wp-block-spacer\"><\/div>\n","protected":false},"excerpt":{"rendered":"<p>Amerikanische Lotterie, um eine Green Card zu erhalten Jedes Jahr erhalten mehr als 50 000 Menschen auf der ganzen Welt durch die amerikanische Lotterie eine Green Card. Um dieses Recht auf eine Green Card zu gewinnen, nehmen die Bewerber an einer zuf\u00e4lligen Computerziehung teil, die einmal im Jahr stattfindet. Nehmen Sie an dieser j\u00e4hrlichen Lotterie [&hellip;]<\/p>\n","protected":false},"author":1,"featured_media":0,"parent":0,"menu_order":0,"comment_status":"closed","ping_status":"closed","template":"","meta":{"footnotes":""},"class_list":["post-889","page","type-page","status-publish","hentry"],"yoast_head":"<!-- This site is optimized with the Yoast SEO plugin v27.4 - https:\/\/yoast.com\/product\/yoast-seo-wordpress\/ -->\n<title>Amerikanische Green Card-Lotterie - USA GC<\/title>\n<meta name=\"description\" content=\"An der j\u00e4hrlichen amerikanischen Lotterie teilnehmen, bei der man wie 50.000 andere Gewinner bei der Auslosung eine Green Card erh\u00e4lt.\" \/>\n<meta name=\"robots\" content=\"index, follow, max-snippet:-1, max-image-preview:large, max-video-preview:-1\" \/>\n<link rel=\"canonical\" href=\"https:\/\/us-gc.net\/de\/lotterie-green-card\/\" \/>\n<meta property=\"og:locale\" content=\"de_DE\" \/>\n<meta property=\"og:type\" content=\"article\" \/>\n<meta property=\"og:title\" content=\"Amerikanische Green Card-Lotterie - USA GC\" \/>\n<meta property=\"og:description\" content=\"An der j\u00e4hrlichen amerikanischen Lotterie teilnehmen, bei der man wie 50.000 andere Gewinner bei der Auslosung eine Green Card erh\u00e4lt.\" \/>\n<meta property=\"og:url\" content=\"https:\/\/us-gc.net\/de\/lotterie-green-card\/\" \/>\n<meta property=\"og:site_name\" content=\"USA GC\" \/>\n<meta property=\"article:modified_time\" content=\"2025-02-21T09:17:40+00:00\" \/>\n<meta name=\"twitter:card\" content=\"summary_large_image\" \/>\n<meta name=\"twitter:label1\" content=\"Gesch\u00e4tzte Lesezeit\" \/>\n\t<meta name=\"twitter:data1\" content=\"4\u00a0Minuten\" \/>\n<script type=\"application\/ld+json\" class=\"yoast-schema-graph\">{\"@context\":\"https:\\\/\\\/schema.org\",\"@graph\":[{\"@type\":\"WebPage\",\"@id\":\"https:\\\/\\\/us-gc.net\\\/de\\\/lotterie-green-card\\\/\",\"url\":\"https:\\\/\\\/us-gc.net\\\/de\\\/lotterie-green-card\\\/\",\"name\":\"Amerikanische Green Card-Lotterie - USA GC\",\"isPartOf\":{\"@id\":\"https:\\\/\\\/us-gc.net\\\/de\\\/#website\"},\"datePublished\":\"2024-01-31T07:57:06+00:00\",\"dateModified\":\"2025-02-21T09:17:40+00:00\",\"description\":\"An der j\u00e4hrlichen amerikanischen Lotterie teilnehmen, bei der man wie 50.000 andere Gewinner bei der Auslosung eine Green Card erh\u00e4lt.\",\"breadcrumb\":{\"@id\":\"https:\\\/\\\/us-gc.net\\\/de\\\/lotterie-green-card\\\/#breadcrumb\"},\"inLanguage\":\"de\",\"potentialAction\":[{\"@type\":\"ReadAction\",\"target\":[\"https:\\\/\\\/us-gc.net\\\/de\\\/lotterie-green-card\\\/\"]}]},{\"@type\":\"BreadcrumbList\",\"@id\":\"https:\\\/\\\/us-gc.net\\\/de\\\/lotterie-green-card\\\/#breadcrumb\",\"itemListElement\":[{\"@type\":\"ListItem\",\"position\":1,\"name\":\"Accueil\",\"item\":\"https:\\\/\\\/us-gc.net\\\/de\\\/green-card\\\/\"},{\"@type\":\"ListItem\",\"position\":2,\"name\":\"Amerikanische Green Card-Lotterie\"}]},{\"@type\":\"WebSite\",\"@id\":\"https:\\\/\\\/us-gc.net\\\/de\\\/#website\",\"url\":\"https:\\\/\\\/us-gc.net\\\/de\\\/\",\"name\":\"USA GC\",\"description\":\"\",\"potentialAction\":[{\"@type\":\"SearchAction\",\"target\":{\"@type\":\"EntryPoint\",\"urlTemplate\":\"https:\\\/\\\/us-gc.net\\\/de\\\/?s={search_term_string}\"},\"query-input\":{\"@type\":\"PropertyValueSpecification\",\"valueRequired\":true,\"valueName\":\"search_term_string\"}}],\"inLanguage\":\"de\"}]}<\/script>\n<!-- \/ Yoast SEO plugin. -->","yoast_head_json":{"title":"Amerikanische Green Card-Lotterie - USA GC","description":"An der j\u00e4hrlichen amerikanischen Lotterie teilnehmen, bei der man wie 50.000 andere Gewinner bei der Auslosung eine Green Card erh\u00e4lt.","robots":{"index":"index","follow":"follow","max-snippet":"max-snippet:-1","max-image-preview":"max-image-preview:large","max-video-preview":"max-video-preview:-1"},"canonical":"https:\/\/us-gc.net\/de\/lotterie-green-card\/","og_locale":"de_DE","og_type":"article","og_title":"Amerikanische Green Card-Lotterie - USA GC","og_description":"An der j\u00e4hrlichen amerikanischen Lotterie teilnehmen, bei der man wie 50.000 andere Gewinner bei der Auslosung eine Green Card erh\u00e4lt.","og_url":"https:\/\/us-gc.net\/de\/lotterie-green-card\/","og_site_name":"USA GC","article_modified_time":"2025-02-21T09:17:40+00:00","twitter_card":"summary_large_image","twitter_misc":{"Gesch\u00e4tzte Lesezeit":"4\u00a0Minuten"},"schema":{"@context":"https:\/\/schema.org","@graph":[{"@type":"WebPage","@id":"https:\/\/us-gc.net\/de\/lotterie-green-card\/","url":"https:\/\/us-gc.net\/de\/lotterie-green-card\/","name":"Amerikanische Green Card-Lotterie - USA GC","isPartOf":{"@id":"https:\/\/us-gc.net\/de\/#website"},"datePublished":"2024-01-31T07:57:06+00:00","dateModified":"2025-02-21T09:17:40+00:00","description":"An der j\u00e4hrlichen amerikanischen Lotterie teilnehmen, bei der man wie 50.000 andere Gewinner bei der Auslosung eine Green Card erh\u00e4lt.","breadcrumb":{"@id":"https:\/\/us-gc.net\/de\/lotterie-green-card\/#breadcrumb"},"inLanguage":"de","potentialAction":[{"@type":"ReadAction","target":["https:\/\/us-gc.net\/de\/lotterie-green-card\/"]}]},{"@type":"BreadcrumbList","@id":"https:\/\/us-gc.net\/de\/lotterie-green-card\/#breadcrumb","itemListElement":[{"@type":"ListItem","position":1,"name":"Accueil","item":"https:\/\/us-gc.net\/de\/green-card\/"},{"@type":"ListItem","position":2,"name":"Amerikanische Green Card-Lotterie"}]},{"@type":"WebSite","@id":"https:\/\/us-gc.net\/de\/#website","url":"https:\/\/us-gc.net\/de\/","name":"USA GC","description":"","potentialAction":[{"@type":"SearchAction","target":{"@type":"EntryPoint","urlTemplate":"https:\/\/us-gc.net\/de\/?s={search_term_string}"},"query-input":{"@type":"PropertyValueSpecification","valueRequired":true,"valueName":"search_term_string"}}],"inLanguage":"de"}]}},"_links":{"self":[{"href":"https:\/\/us-gc.net\/de\/wp-json\/wp\/v2\/pages\/889","targetHints":{"allow":["GET"]}}],"collection":[{"href":"https:\/\/us-gc.net\/de\/wp-json\/wp\/v2\/pages"}],"about":[{"href":"https:\/\/us-gc.net\/de\/wp-json\/wp\/v2\/types\/page"}],"author":[{"embeddable":true,"href":"https:\/\/us-gc.net\/de\/wp-json\/wp\/v2\/users\/1"}],"replies":[{"embeddable":true,"href":"https:\/\/us-gc.net\/de\/wp-json\/wp\/v2\/comments?post=889"}],"version-history":[{"count":2,"href":"https:\/\/us-gc.net\/de\/wp-json\/wp\/v2\/pages\/889\/revisions"}],"predecessor-version":[{"id":9825,"href":"https:\/\/us-gc.net\/de\/wp-json\/wp\/v2\/pages\/889\/revisions\/9825"}],"wp:attachment":[{"href":"https:\/\/us-gc.net\/de\/wp-json\/wp\/v2\/media?parent=889"}],"curies":[{"name":"wp","href":"https:\/\/api.w.org\/{rel}","templated":true}]}}