{"id":839,"date":"2024-01-31T16:18:19","date_gmt":"2024-01-31T16:18:19","guid":{"rendered":"https:\/\/green-card-usa.net\/reisen-ausland-mit-der-green-card\/"},"modified":"2025-03-31T11:23:12","modified_gmt":"2025-03-31T11:23:12","slug":"reisen-ausland-mit-der-green-card","status":"publish","type":"page","link":"https:\/\/us-gc.net\/de\/reisen-ausland-mit-der-green-card\/","title":{"rendered":"Mit der Green Card ins Ausland reisen"},"content":{"rendered":"\n<h1 class=\"wp-block-heading\" id=\"h-voyager-hors-des-etats-unis-avec-une-green-card\">Reisen au\u00dferhalb der Vereinigten Staaten mit einer Green Card<\/h1>\n\n<p>Die Macht des US-Passes erm\u00f6glicht es US-B\u00fcrgern, ohne Visum in \u00fcber 140 L\u00e4nder der Welt zu reisen. Einige dieser L\u00e4nder haben dieses Recht auf visumfreies Reisen auf Inhaber einer <a href=\"https:\/\/us-gc.net\/de\/\">US-amerikanischen Green Card<\/a> ausgeweitet.<\/p>\n\n<h2 class=\"wp-block-heading\" id=\"h-ou-peut-on-voyager-a-l-etranger-avec-une-green-card\">Wohin kann man mit einer Green Card im Ausland reisen?<\/h2>\n\n<p>Mit einigen Nachbarl\u00e4ndern der Vereinigten Staaten besteht ein regionales Abkommen, das es Ihnen erlaubt, als Inhaber einer Green Card deren Grenzen zu \u00fcberqueren. In den USA ans\u00e4ssige Personen d\u00fcrfen die Grenzen folgender L\u00e4nder \u00fcberschreiten:<\/p>\n\n<ul class=\"wp-block-list\">\n<li>Kanada<\/li>\n\n\n\n<li>Mexiko-Stadt<\/li>\n\n\n\n<li>Costa Rica<\/li>\n\n\n\n<li>Britische Jungferninseln<\/li>\n\n\n\n<li>Aruba und Cura\u00e7ao<\/li>\n<\/ul>\n\n<p>Andere L\u00e4nder, die viel weiter in der Welt liegen, erlauben Inhabern einer amerikanischen Green Card ebenfalls, ohne Visum in ihr Land zu reisen, wie zum Beispiel: Georgien, Singapur oder die Balkanl\u00e4nder Albanien, Bosnien und Herzegowina, Kosovo, Montenegro und Serbien.<\/p>\n\n<p>Unabh\u00e4ngig davon, ob Sie Ihre <a href=\"https:\/\/us-gc.net\/de\/green-card-durch-heirat\/\">Green Card durch Heirat<\/a> erhalten haben oder eine <a href=\"https:\/\/us-gc.net\/de\/lotterie-green-card\/\">Green Card in der Lotterie<\/a> gewonnen haben, haben Sie die gleichen Rechte wie alle Inhaber einer US-Green Card.<\/p>\n\n<h2 class=\"wp-block-heading\" id=\"h-comment-voyager-au-canada-avec-une-green-card\">Wie kann ich mit einer Green Card nach Kanada reisen?<\/h2>\n\n<p>Wenn Sie eine US-amerikanische Green Card besitzen, k\u00f6nnen Sie die Grenze nach Kanada \u00fcberqueren, ohne vorher ein kanadisches Touristenvisum zu beantragen. Diese Regel funktioniert f\u00fcr alle Inhaber einer Green Card, unabh\u00e4ngig von ihrer Staatsangeh\u00f6rigkeit.  <\/p>\n\n<p>Wenn Sie hingegen mit dem Flugzeug reisen oder durch Kanada durchreisen, m\u00fcssen Sie vor dem Einsteigen in das Flugzeug eine elektronische Reisegenehmigung ETA aus Kanada beantragen. Wenn Sie die Grenze auf dem Landweg \u00fcberqueren, ben\u00f6tigen Sie schlie\u00dflich nur Ihren Reisepass und Ihre Green Card.<\/p>\n\n<h2 class=\"wp-block-heading\" id=\"h-peut-on-voyager-a-l-etranger-avec-une-green-card-sans-passeport\">Kann man mit einer Green Card ohne Reisepass ins Ausland reisen?<\/h2>\n\n<p>F\u00fcr Reisen ins Ausland ist ein Reisepass in der Regel unerl\u00e4sslich. Der Besitz einer Green Card allein reicht nicht aus, um internationale Grenzen zu \u00fcberqueren. Sowohl auf dem Luft- als auch auf dem Landweg verlangen die Zoll- und Einwanderungsbeh\u00f6rden die Vorlage eines g\u00fcltigen Reisepasses. Nur der Reisepass kann die Identit\u00e4t und Staatsangeh\u00f6rigkeit eines Reisenden nachweisen.<\/p>\n\n<p>Es gibt jedoch begrenzte Ausnahmen von dieser Regel. In einigen speziellen F\u00e4llen haben L\u00e4nder eine regionale Vereinbarung getroffen, ihre Grenzen ohne Vorlage eines Reisepasses zu \u00fcberqueren. Das wichtigste Beispiel betrifft Staatsangeh\u00f6rige der Schengen-L\u00e4nder. Sie k\u00f6nnen sich ohne Vorlage eines Reisepasses frei zwischen den Mitgliedstaaten bewegen.<\/p>\n\n<h2 class=\"wp-block-heading\" id=\"h-peut-on-voyager-avec-une-copie-de-la-green-card\">Kann man mit einer Kopie der Green Card reisen?<\/h2>\n\n<p>Die Green Card ist ein offizielles Dokument, das den Status eines st\u00e4ndigen Wohnsitzes in den USA nachweist. Nur mit einer Kopie der Green Card ins Ausland zu reisen, ist nicht ratsam. Bei internationalen Reisen verlangen die Grenzbeh\u00f6rden, die Originaldokumente zu sehen, um die Identit\u00e4t und den Status des Reisenden zu \u00fcberpr\u00fcfen.<\/p>\n\n<p>Wenn Sie au\u00dferhalb der USA reisen, m\u00fcssen Sie Ihre Original-Green Card mitnehmen, um wieder einreisen zu k\u00f6nnen. Eine Kopie der Green Card reicht nicht aus, um Ihren Status als Daueraufenthaltsberechtigter zu belegen.<\/p>\n\n<p>Wenn Ihre Green Card verloren geht oder gestohlen wird, w\u00e4hrend Sie sich im Ausland befinden, m\u00fcssen Sie sich sofort mit der US-Botschaft oder dem US-Konsulat in Verbindung setzen. Die Botschaft stellt Ihnen ein Ersatzdokument aus, mit dem Sie an Bord gehen und in die USA zur\u00fcckkehren k\u00f6nnen.<\/p>\n","protected":false},"excerpt":{"rendered":"<p>Reisen au\u00dferhalb der Vereinigten Staaten mit einer Green Card Die Macht des US-Passes erm\u00f6glicht es US-B\u00fcrgern, ohne Visum in \u00fcber 140 L\u00e4nder der Welt zu reisen. Einige dieser L\u00e4nder haben dieses Recht auf visumfreies Reisen auf Inhaber einer US-amerikanischen Green Card ausgeweitet. Wohin kann man mit einer Green Card im Ausland reisen? Mit einigen Nachbarl\u00e4ndern [&hellip;]<\/p>\n","protected":false},"author":1,"featured_media":0,"parent":0,"menu_order":0,"comment_status":"closed","ping_status":"closed","template":"","meta":{"footnotes":""},"class_list":["post-839","page","type-page","status-publish","hentry"],"yoast_head":"<!-- This site is optimized with the Yoast SEO plugin v27.4 - https:\/\/yoast.com\/product\/yoast-seo-wordpress\/ -->\n<title>Mit der Green Card ins Ausland reisen - USA GC<\/title>\n<meta name=\"description\" content=\"Welche Regeln gelten f\u00fcr das Reisen mit einer Green Card im Ausland f\u00fcr einen in den USA ans\u00e4ssigen B\u00fcrger?\" \/>\n<meta name=\"robots\" content=\"index, follow, max-snippet:-1, max-image-preview:large, max-video-preview:-1\" \/>\n<link rel=\"canonical\" href=\"https:\/\/us-gc.net\/de\/reisen-ausland-mit-der-green-card\/\" \/>\n<meta property=\"og:locale\" content=\"de_DE\" \/>\n<meta property=\"og:type\" content=\"article\" \/>\n<meta property=\"og:title\" content=\"Mit der Green Card ins Ausland reisen - USA GC\" \/>\n<meta property=\"og:description\" content=\"Welche Regeln gelten f\u00fcr das Reisen mit einer Green Card im Ausland f\u00fcr einen in den USA ans\u00e4ssigen B\u00fcrger?\" \/>\n<meta property=\"og:url\" content=\"https:\/\/us-gc.net\/de\/reisen-ausland-mit-der-green-card\/\" \/>\n<meta property=\"og:site_name\" content=\"USA GC\" \/>\n<meta property=\"article:modified_time\" content=\"2025-03-31T11:23:12+00:00\" \/>\n<meta name=\"twitter:card\" content=\"summary_large_image\" \/>\n<meta name=\"twitter:label1\" content=\"Gesch\u00e4tzte Lesezeit\" \/>\n\t<meta name=\"twitter:data1\" content=\"3\u00a0Minuten\" \/>\n<script type=\"application\/ld+json\" class=\"yoast-schema-graph\">{\"@context\":\"https:\\\/\\\/schema.org\",\"@graph\":[{\"@type\":\"WebPage\",\"@id\":\"https:\\\/\\\/us-gc.net\\\/de\\\/reisen-ausland-mit-der-green-card\\\/\",\"url\":\"https:\\\/\\\/us-gc.net\\\/de\\\/reisen-ausland-mit-der-green-card\\\/\",\"name\":\"Mit der Green Card ins Ausland reisen - USA GC\",\"isPartOf\":{\"@id\":\"https:\\\/\\\/us-gc.net\\\/de\\\/#website\"},\"datePublished\":\"2024-01-31T16:18:19+00:00\",\"dateModified\":\"2025-03-31T11:23:12+00:00\",\"description\":\"Welche Regeln gelten f\u00fcr das Reisen mit einer Green Card im Ausland f\u00fcr einen in den USA ans\u00e4ssigen B\u00fcrger?\",\"breadcrumb\":{\"@id\":\"https:\\\/\\\/us-gc.net\\\/de\\\/reisen-ausland-mit-der-green-card\\\/#breadcrumb\"},\"inLanguage\":\"de\",\"potentialAction\":[{\"@type\":\"ReadAction\",\"target\":[\"https:\\\/\\\/us-gc.net\\\/de\\\/reisen-ausland-mit-der-green-card\\\/\"]}]},{\"@type\":\"BreadcrumbList\",\"@id\":\"https:\\\/\\\/us-gc.net\\\/de\\\/reisen-ausland-mit-der-green-card\\\/#breadcrumb\",\"itemListElement\":[{\"@type\":\"ListItem\",\"position\":1,\"name\":\"Accueil\",\"item\":\"https:\\\/\\\/us-gc.net\\\/de\\\/green-card\\\/\"},{\"@type\":\"ListItem\",\"position\":2,\"name\":\"Mit der Green Card ins Ausland reisen\"}]},{\"@type\":\"WebSite\",\"@id\":\"https:\\\/\\\/us-gc.net\\\/de\\\/#website\",\"url\":\"https:\\\/\\\/us-gc.net\\\/de\\\/\",\"name\":\"USA GC\",\"description\":\"\",\"potentialAction\":[{\"@type\":\"SearchAction\",\"target\":{\"@type\":\"EntryPoint\",\"urlTemplate\":\"https:\\\/\\\/us-gc.net\\\/de\\\/?s={search_term_string}\"},\"query-input\":{\"@type\":\"PropertyValueSpecification\",\"valueRequired\":true,\"valueName\":\"search_term_string\"}}],\"inLanguage\":\"de\"}]}<\/script>\n<!-- \/ Yoast SEO plugin. -->","yoast_head_json":{"title":"Mit der Green Card ins Ausland reisen - USA GC","description":"Welche Regeln gelten f\u00fcr das Reisen mit einer Green Card im Ausland f\u00fcr einen in den USA ans\u00e4ssigen B\u00fcrger?","robots":{"index":"index","follow":"follow","max-snippet":"max-snippet:-1","max-image-preview":"max-image-preview:large","max-video-preview":"max-video-preview:-1"},"canonical":"https:\/\/us-gc.net\/de\/reisen-ausland-mit-der-green-card\/","og_locale":"de_DE","og_type":"article","og_title":"Mit der Green Card ins Ausland reisen - USA GC","og_description":"Welche Regeln gelten f\u00fcr das Reisen mit einer Green Card im Ausland f\u00fcr einen in den USA ans\u00e4ssigen B\u00fcrger?","og_url":"https:\/\/us-gc.net\/de\/reisen-ausland-mit-der-green-card\/","og_site_name":"USA GC","article_modified_time":"2025-03-31T11:23:12+00:00","twitter_card":"summary_large_image","twitter_misc":{"Gesch\u00e4tzte Lesezeit":"3\u00a0Minuten"},"schema":{"@context":"https:\/\/schema.org","@graph":[{"@type":"WebPage","@id":"https:\/\/us-gc.net\/de\/reisen-ausland-mit-der-green-card\/","url":"https:\/\/us-gc.net\/de\/reisen-ausland-mit-der-green-card\/","name":"Mit der Green Card ins Ausland reisen - USA GC","isPartOf":{"@id":"https:\/\/us-gc.net\/de\/#website"},"datePublished":"2024-01-31T16:18:19+00:00","dateModified":"2025-03-31T11:23:12+00:00","description":"Welche Regeln gelten f\u00fcr das Reisen mit einer Green Card im Ausland f\u00fcr einen in den USA ans\u00e4ssigen B\u00fcrger?","breadcrumb":{"@id":"https:\/\/us-gc.net\/de\/reisen-ausland-mit-der-green-card\/#breadcrumb"},"inLanguage":"de","potentialAction":[{"@type":"ReadAction","target":["https:\/\/us-gc.net\/de\/reisen-ausland-mit-der-green-card\/"]}]},{"@type":"BreadcrumbList","@id":"https:\/\/us-gc.net\/de\/reisen-ausland-mit-der-green-card\/#breadcrumb","itemListElement":[{"@type":"ListItem","position":1,"name":"Accueil","item":"https:\/\/us-gc.net\/de\/green-card\/"},{"@type":"ListItem","position":2,"name":"Mit der Green Card ins Ausland reisen"}]},{"@type":"WebSite","@id":"https:\/\/us-gc.net\/de\/#website","url":"https:\/\/us-gc.net\/de\/","name":"USA GC","description":"","potentialAction":[{"@type":"SearchAction","target":{"@type":"EntryPoint","urlTemplate":"https:\/\/us-gc.net\/de\/?s={search_term_string}"},"query-input":{"@type":"PropertyValueSpecification","valueRequired":true,"valueName":"search_term_string"}}],"inLanguage":"de"}]}},"_links":{"self":[{"href":"https:\/\/us-gc.net\/de\/wp-json\/wp\/v2\/pages\/839","targetHints":{"allow":["GET"]}}],"collection":[{"href":"https:\/\/us-gc.net\/de\/wp-json\/wp\/v2\/pages"}],"about":[{"href":"https:\/\/us-gc.net\/de\/wp-json\/wp\/v2\/types\/page"}],"author":[{"embeddable":true,"href":"https:\/\/us-gc.net\/de\/wp-json\/wp\/v2\/users\/1"}],"replies":[{"embeddable":true,"href":"https:\/\/us-gc.net\/de\/wp-json\/wp\/v2\/comments?post=839"}],"version-history":[{"count":3,"href":"https:\/\/us-gc.net\/de\/wp-json\/wp\/v2\/pages\/839\/revisions"}],"predecessor-version":[{"id":10158,"href":"https:\/\/us-gc.net\/de\/wp-json\/wp\/v2\/pages\/839\/revisions\/10158"}],"wp:attachment":[{"href":"https:\/\/us-gc.net\/de\/wp-json\/wp\/v2\/media?parent=839"}],"curies":[{"name":"wp","href":"https:\/\/api.w.org\/{rel}","templated":true}]}}