{"id":779,"date":"2024-02-02T15:07:30","date_gmt":"2024-02-02T15:07:30","guid":{"rendered":"https:\/\/green-card-usa.net\/lotterie-ergebnisse-green-card\/"},"modified":"2024-12-30T09:47:01","modified_gmt":"2024-12-30T09:47:01","slug":"lotterie-ergebnisse-green-card","status":"publish","type":"page","link":"https:\/\/us-gc.net\/de\/lotterie-ergebnisse-green-card\/","title":{"rendered":"Ergebnisse der Green Card-Lotterie"},"content":{"rendered":"\n<h1 class=\"wp-block-heading\" id=\"h-les-resultats-du-tirage-au-sort-de-la-loterie-de-la-green-card\">Die Ergebnisse der Green Card Lotterie Verlosung<\/h1>\n\n<p>Die Ergebnisse der Auslosung der amerikanischen Green-Card-Lotterie werden jedes Jahr im Rahmen des <a href=\"https:\/\/us-gc.net\/de\/diversity-visa-program\/\">Diversity Visa Program<\/a> ver\u00f6ffentlicht. Jeder Bewerber der <a href=\"https:\/\/us-gc.net\/de\/lotterie-grune-karte-amerikanische\/\">Greencard-Lotterie<\/a> kann sein pers\u00f6nliches Ergebnis online abrufen.<\/p>\n\n<h2 class=\"wp-block-heading\" id=\"h-quand-a-lieu-le-tirage-de-la-loterie-de-la-green-card\">Wann findet die Ziehung der Green Card-Lotterie statt?<\/h2>\n\n<p>Die Auslosung findet jedes Jahr im November statt. Die genauen Termine f\u00fcr den Beginn und den Abschluss der Einschreibung werden jedes Jahr einige Monate vorher ver\u00f6ffentlicht.<\/p>\n\n<h2 class=\"wp-block-heading\" id=\"h-quand-est-ce-que-les-resultats-sont-publies\">Wann werden die Ergebnisse ver\u00f6ffentlicht?<\/h2>\n\n<p>Die Ergebnisse der <a href=\"https:\/\/us-gc.net\/de\/lotterie-green-card\/\">Green Card-Lotterie<\/a> sind etwa 6 Monate nach dem Ende der Anmeldefrist verf\u00fcgbar. Sie werden daher jedes Jahr um den Monat Mai herum ver\u00f6ffentlicht. Die Ergebnisse der im November 2023 durchgef\u00fchrten Ziehung f\u00fcr das Diversity Visa 2025 wurden am 4. Mai 2024 auf dieser Seite <a href=\"https:\/\/dvprogram.state.gov\/ESC\/CheckStatus.aspx\">dvprogram.state.gov<\/a> ver\u00f6ffentlicht.<\/p>\n\n<h2 class=\"wp-block-heading\" id=\"h-resultats-de-la-loterie-de-2018-a-2022\">Lotterieergebnisse von 2018 bis 2022<\/h2>\n\n<p>Ausgehend von den Statistiken, die das Au\u00dfenministerium jedes Jahr ver\u00f6ffentlicht, sind hier die Lotterieergebnisse der letzten f\u00fcnf Jahre, f\u00fcr die die Ergebnisse \u00f6ffentlich zug\u00e4nglich sind, aufgef\u00fchrt:<\/p>\n\n<figure class=\"wp-block-table\"><table><tbody><tr><td><strong>Geografische Gebiete <\/strong><\/td><td class=\"has-text-align-center\" data-align=\"center\"><strong>2018<\/strong><\/td><td class=\"has-text-align-center\" data-align=\"center\"><strong>2019<\/strong><\/td><td class=\"has-text-align-center\" data-align=\"center\"><strong>2020<\/strong><\/td><td class=\"has-text-align-center\" data-align=\"center\"><strong>2021<\/strong><\/td><td class=\"has-text-align-center\" data-align=\"center\"><strong>2022<\/strong><\/td><\/tr><tr><td><a href=\"https:\/\/us-gc.net\/de\/lotterie-green-card-lander-afrika\/\">L\u00e4nder in Afrika<\/a><\/td><td class=\"has-text-align-center\" data-align=\"center\">20 532<\/td><td class=\"has-text-align-center\" data-align=\"center\">20 336<\/td><td class=\"has-text-align-center\" data-align=\"center\">6 017<\/td><td class=\"has-text-align-center\" data-align=\"center\">5 801<\/td><td class=\"has-text-align-center\" data-align=\"center\">19 215<\/td><\/tr><tr><td><a href=\"https:\/\/us-gc.net\/de\/greencard-lotterieland-asien\/\">L\u00e4nder in Asien<\/a><\/td><td class=\"has-text-align-center\" data-align=\"center\">6 290<\/td><td class=\"has-text-align-center\" data-align=\"center\">6 079<\/td><td class=\"has-text-align-center\" data-align=\"center\">4 055<\/td><td class=\"has-text-align-center\" data-align=\"center\">4 498<\/td><td class=\"has-text-align-center\" data-align=\"center\">11 693<\/td><\/tr><tr><td><a href=\"https:\/\/us-gc.net\/de\/lotterie-green-card-europa\/\">L\u00e4nder in Europa<\/a><\/td><td class=\"has-text-align-center\" data-align=\"center\">20 434<\/td><td class=\"has-text-align-center\" data-align=\"center\">17 897<\/td><td class=\"has-text-align-center\" data-align=\"center\">7 643<\/td><td class=\"has-text-align-center\" data-align=\"center\">5 795<\/td><td class=\"has-text-align-center\" data-align=\"center\">21 806<\/td><\/tr><tr><td>Land in Nordamerika (Bahamas)<\/td><td class=\"has-text-align-center\" data-align=\"center\">2<\/td><td class=\"has-text-align-center\" data-align=\"center\">8<\/td><td class=\"has-text-align-center\" data-align=\"center\">13<\/td><td class=\"has-text-align-center\" data-align=\"center\">21<\/td><td class=\"has-text-align-center\" data-align=\"center\">12<\/td><\/tr><tr><td>L\u00e4nder in Ozeanien<\/td><td class=\"has-text-align-center\" data-align=\"center\">824<\/td><td class=\"has-text-align-center\" data-align=\"center\">592<\/td><td class=\"has-text-align-center\" data-align=\"center\">543<\/td><td class=\"has-text-align-center\" data-align=\"center\">631<\/td><td class=\"has-text-align-center\" data-align=\"center\">1 195<\/td><\/tr><tr><td>L\u00e4nder in Mittel- und S\u00fcdamerika<\/td><td class=\"has-text-align-center\" data-align=\"center\">1 631<\/td><td class=\"has-text-align-center\" data-align=\"center\">977<\/td><td class=\"has-text-align-center\" data-align=\"center\">854<\/td><td class=\"has-text-align-center\" data-align=\"center\">2 166<\/td><td class=\"has-text-align-center\" data-align=\"center\">1 961<\/td><\/tr><tr><td><strong>Gesamt  <\/strong><\/td><td class=\"has-text-align-center\" data-align=\"center\"><strong>49 713<\/strong><\/td><td class=\"has-text-align-center\" data-align=\"center\"><strong><strong>45 889<\/strong><\/strong><\/td><td class=\"has-text-align-center\" data-align=\"center\"><strong><strong>19 125<\/strong><\/strong><\/td><td class=\"has-text-align-center\" data-align=\"center\"><strong><strong>18 912<\/strong><\/strong><\/td><td class=\"has-text-align-center\" data-align=\"center\"><strong>55 882<\/strong><\/td><\/tr><\/tbody><\/table><figcaption class=\"wp-element-caption\">Anzahl der Green Cards, die in der Lotterie von 2018 bis 2022 gewonnen wurden, nach geografischen Gebieten<\/figcaption><\/figure>\n\n<h2 class=\"wp-block-heading\" id=\"h-ou-trouver-les-resultats-en-ligne-de-la-loterie-de-la-green-card\">Wo finde ich die Online-Ergebnisse der Green Card-Lotterie?<\/h2>\n\n<p>Auf der speziellen Website des amerikanischen Diversit\u00e4tsprogramms k\u00f6nnen Sie die Ergebnisse eines Bewerbers in der Green-Card-Lotterie direkt online \u00fcberpr\u00fcfen. Die Seite, auf der Sie Ihre pers\u00f6nlichen Ergebnisse direkt \u00fcberpr\u00fcfen k\u00f6nnen, ist diese: https: <a href=\"https:\/\/dvprogram.state.gov\/ESC\/CheckStatus.aspx\">\/\/dvprogram.state.gov\/ESC\/CheckStatus.aspx<\/a>.<\/p>\n\n<p>Um die Ergebnisse zu erhalten, m\u00fcssen Sie :<\/p>\n\n<ul class=\"wp-block-list\">\n<li>Geben Sie Ihre <strong>Best\u00e4tigungsnummer<\/strong> f\u00fcr die Teilnahme an der Lotterie an.<\/li>\n\n\n\n<li>Geben Sie Ihren Nachnamen ein, der f\u00fcr die Registrierung bei der Green Card-Lotterie verwendet wird.<\/li>\n\n\n\n<li>F\u00fcllen Sie Ihr Geburtsdatum aus, um Ihre Identit\u00e4t zu best\u00e4tigen.<\/li>\n\n\n\n<li>Und geben Sie zum Schluss den Text ein, der im CAPTCHA erscheint, um sich zu authentifizieren.<\/li>\n<\/ul>\n\n<div style=\"height:9px\" aria-hidden=\"true\" class=\"wp-block-spacer\"><\/div>\n\n<p>Wenn Sie auf best\u00e4tigen klicken, erhalten Sie das Ergebnis Ihrer Teilnahme an der Green Card-Lotterie.<\/p>\n\n<p>Hier ist das Foto des Formulars, das Sie ausf\u00fcllen m\u00fcssen, um die Online-Lotterieergebnisse zu erhalten<\/p>\n\n<figure class=\"wp-block-image size-large\" id=\"Formulaire-de-r&#xE9;sultat-de-la-loterie\"><img fetchpriority=\"high\" decoding=\"async\" width=\"1024\" height=\"953\" src=\"https:\/\/us-gc.net\/wp-content\/uploads\/2024\/02\/check-lotery-green-card-usa-1024x953.jpg\" alt=\"Green Card Lotterieergebnisse\" class=\"wp-image-182\" title=\"Ergebnis der Green Card-Lotterie\" srcset=\"https:\/\/us-gc.net\/wp-content\/uploads\/2024\/02\/check-lotery-green-card-usa-1024x953.jpg 1024w, https:\/\/us-gc.net\/wp-content\/uploads\/2024\/02\/check-lotery-green-card-usa-300x279.jpg 300w, https:\/\/us-gc.net\/wp-content\/uploads\/2024\/02\/check-lotery-green-card-usa-768x714.jpg 768w, https:\/\/us-gc.net\/wp-content\/uploads\/2024\/02\/check-lotery-green-card-usa.jpg 1119w\" sizes=\"(max-width: 1024px) 100vw, 1024px\" \/><\/figure>\n\n<p><\/p>\n","protected":false},"excerpt":{"rendered":"<p>Die Ergebnisse der Green Card Lotterie Verlosung Die Ergebnisse der Auslosung der amerikanischen Green-Card-Lotterie werden jedes Jahr im Rahmen des Diversity Visa Program ver\u00f6ffentlicht. Jeder Bewerber der Greencard-Lotterie kann sein pers\u00f6nliches Ergebnis online abrufen. Wann findet die Ziehung der Green Card-Lotterie statt? Die Auslosung findet jedes Jahr im November statt. Die genauen Termine f\u00fcr den [&hellip;]<\/p>\n","protected":false},"author":1,"featured_media":0,"parent":0,"menu_order":0,"comment_status":"closed","ping_status":"closed","template":"","meta":{"footnotes":""},"class_list":["post-779","page","type-page","status-publish","hentry"],"yoast_head":"<!-- This site is optimized with the Yoast SEO plugin v27.4 - https:\/\/yoast.com\/product\/yoast-seo-wordpress\/ -->\n<title>Ergebnisse der Green Card-Lotterie - USA GC<\/title>\n<meta name=\"description\" content=\"Rufen Sie mit Ihrer Best\u00e4tigungsnummer die Ergebnisse der Verlosung der Green Card-Lotterie in den USA online ab.\" \/>\n<meta name=\"robots\" content=\"index, follow, max-snippet:-1, max-image-preview:large, max-video-preview:-1\" \/>\n<link rel=\"canonical\" href=\"https:\/\/us-gc.net\/de\/lotterie-ergebnisse-green-card\/\" \/>\n<meta property=\"og:locale\" content=\"de_DE\" \/>\n<meta property=\"og:type\" content=\"article\" \/>\n<meta property=\"og:title\" content=\"Ergebnisse der Green Card-Lotterie - USA GC\" \/>\n<meta property=\"og:description\" content=\"Rufen Sie mit Ihrer Best\u00e4tigungsnummer die Ergebnisse der Verlosung der Green Card-Lotterie in den USA online ab.\" \/>\n<meta property=\"og:url\" content=\"https:\/\/us-gc.net\/de\/lotterie-ergebnisse-green-card\/\" \/>\n<meta property=\"og:site_name\" content=\"USA GC\" \/>\n<meta property=\"article:modified_time\" content=\"2024-12-30T09:47:01+00:00\" \/>\n<meta property=\"og:image\" content=\"https:\/\/us-gc.net\/wp-content\/uploads\/2024\/02\/check-lotery-green-card-usa-1024x953.jpg\" \/>\n<meta name=\"twitter:card\" content=\"summary_large_image\" \/>\n<meta name=\"twitter:label1\" content=\"Gesch\u00e4tzte Lesezeit\" \/>\n\t<meta name=\"twitter:data1\" content=\"2\u00a0Minuten\" \/>\n<script type=\"application\/ld+json\" class=\"yoast-schema-graph\">{\"@context\":\"https:\\\/\\\/schema.org\",\"@graph\":[{\"@type\":\"WebPage\",\"@id\":\"https:\\\/\\\/us-gc.net\\\/de\\\/lotterie-ergebnisse-green-card\\\/\",\"url\":\"https:\\\/\\\/us-gc.net\\\/de\\\/lotterie-ergebnisse-green-card\\\/\",\"name\":\"Ergebnisse der Green Card-Lotterie - USA GC\",\"isPartOf\":{\"@id\":\"https:\\\/\\\/us-gc.net\\\/de\\\/#website\"},\"primaryImageOfPage\":{\"@id\":\"https:\\\/\\\/us-gc.net\\\/de\\\/lotterie-ergebnisse-green-card\\\/#primaryimage\"},\"image\":{\"@id\":\"https:\\\/\\\/us-gc.net\\\/de\\\/lotterie-ergebnisse-green-card\\\/#primaryimage\"},\"thumbnailUrl\":\"https:\\\/\\\/us-gc.net\\\/wp-content\\\/uploads\\\/2024\\\/02\\\/check-lotery-green-card-usa-1024x953.jpg\",\"datePublished\":\"2024-02-02T15:07:30+00:00\",\"dateModified\":\"2024-12-30T09:47:01+00:00\",\"description\":\"Rufen Sie mit Ihrer Best\u00e4tigungsnummer die Ergebnisse der Verlosung der Green Card-Lotterie in den USA online ab.\",\"breadcrumb\":{\"@id\":\"https:\\\/\\\/us-gc.net\\\/de\\\/lotterie-ergebnisse-green-card\\\/#breadcrumb\"},\"inLanguage\":\"de\",\"potentialAction\":[{\"@type\":\"ReadAction\",\"target\":[\"https:\\\/\\\/us-gc.net\\\/de\\\/lotterie-ergebnisse-green-card\\\/\"]}]},{\"@type\":\"ImageObject\",\"inLanguage\":\"de\",\"@id\":\"https:\\\/\\\/us-gc.net\\\/de\\\/lotterie-ergebnisse-green-card\\\/#primaryimage\",\"url\":\"https:\\\/\\\/us-gc.net\\\/wp-content\\\/uploads\\\/2024\\\/02\\\/check-lotery-green-card-usa-1024x953.jpg\",\"contentUrl\":\"https:\\\/\\\/us-gc.net\\\/wp-content\\\/uploads\\\/2024\\\/02\\\/check-lotery-green-card-usa-1024x953.jpg\"},{\"@type\":\"BreadcrumbList\",\"@id\":\"https:\\\/\\\/us-gc.net\\\/de\\\/lotterie-ergebnisse-green-card\\\/#breadcrumb\",\"itemListElement\":[{\"@type\":\"ListItem\",\"position\":1,\"name\":\"Accueil\",\"item\":\"https:\\\/\\\/us-gc.net\\\/de\\\/green-card\\\/\"},{\"@type\":\"ListItem\",\"position\":2,\"name\":\"Ergebnisse der Green Card-Lotterie\"}]},{\"@type\":\"WebSite\",\"@id\":\"https:\\\/\\\/us-gc.net\\\/de\\\/#website\",\"url\":\"https:\\\/\\\/us-gc.net\\\/de\\\/\",\"name\":\"USA GC\",\"description\":\"\",\"potentialAction\":[{\"@type\":\"SearchAction\",\"target\":{\"@type\":\"EntryPoint\",\"urlTemplate\":\"https:\\\/\\\/us-gc.net\\\/de\\\/?s={search_term_string}\"},\"query-input\":{\"@type\":\"PropertyValueSpecification\",\"valueRequired\":true,\"valueName\":\"search_term_string\"}}],\"inLanguage\":\"de\"}]}<\/script>\n<!-- \/ Yoast SEO plugin. -->","yoast_head_json":{"title":"Ergebnisse der Green Card-Lotterie - USA GC","description":"Rufen Sie mit Ihrer Best\u00e4tigungsnummer die Ergebnisse der Verlosung der Green Card-Lotterie in den USA online ab.","robots":{"index":"index","follow":"follow","max-snippet":"max-snippet:-1","max-image-preview":"max-image-preview:large","max-video-preview":"max-video-preview:-1"},"canonical":"https:\/\/us-gc.net\/de\/lotterie-ergebnisse-green-card\/","og_locale":"de_DE","og_type":"article","og_title":"Ergebnisse der Green Card-Lotterie - USA GC","og_description":"Rufen Sie mit Ihrer Best\u00e4tigungsnummer die Ergebnisse der Verlosung der Green Card-Lotterie in den USA online ab.","og_url":"https:\/\/us-gc.net\/de\/lotterie-ergebnisse-green-card\/","og_site_name":"USA GC","article_modified_time":"2024-12-30T09:47:01+00:00","og_image":[{"url":"https:\/\/us-gc.net\/wp-content\/uploads\/2024\/02\/check-lotery-green-card-usa-1024x953.jpg","type":"","width":"","height":""}],"twitter_card":"summary_large_image","twitter_misc":{"Gesch\u00e4tzte Lesezeit":"2\u00a0Minuten"},"schema":{"@context":"https:\/\/schema.org","@graph":[{"@type":"WebPage","@id":"https:\/\/us-gc.net\/de\/lotterie-ergebnisse-green-card\/","url":"https:\/\/us-gc.net\/de\/lotterie-ergebnisse-green-card\/","name":"Ergebnisse der Green Card-Lotterie - USA GC","isPartOf":{"@id":"https:\/\/us-gc.net\/de\/#website"},"primaryImageOfPage":{"@id":"https:\/\/us-gc.net\/de\/lotterie-ergebnisse-green-card\/#primaryimage"},"image":{"@id":"https:\/\/us-gc.net\/de\/lotterie-ergebnisse-green-card\/#primaryimage"},"thumbnailUrl":"https:\/\/us-gc.net\/wp-content\/uploads\/2024\/02\/check-lotery-green-card-usa-1024x953.jpg","datePublished":"2024-02-02T15:07:30+00:00","dateModified":"2024-12-30T09:47:01+00:00","description":"Rufen Sie mit Ihrer Best\u00e4tigungsnummer die Ergebnisse der Verlosung der Green Card-Lotterie in den USA online ab.","breadcrumb":{"@id":"https:\/\/us-gc.net\/de\/lotterie-ergebnisse-green-card\/#breadcrumb"},"inLanguage":"de","potentialAction":[{"@type":"ReadAction","target":["https:\/\/us-gc.net\/de\/lotterie-ergebnisse-green-card\/"]}]},{"@type":"ImageObject","inLanguage":"de","@id":"https:\/\/us-gc.net\/de\/lotterie-ergebnisse-green-card\/#primaryimage","url":"https:\/\/us-gc.net\/wp-content\/uploads\/2024\/02\/check-lotery-green-card-usa-1024x953.jpg","contentUrl":"https:\/\/us-gc.net\/wp-content\/uploads\/2024\/02\/check-lotery-green-card-usa-1024x953.jpg"},{"@type":"BreadcrumbList","@id":"https:\/\/us-gc.net\/de\/lotterie-ergebnisse-green-card\/#breadcrumb","itemListElement":[{"@type":"ListItem","position":1,"name":"Accueil","item":"https:\/\/us-gc.net\/de\/green-card\/"},{"@type":"ListItem","position":2,"name":"Ergebnisse der Green Card-Lotterie"}]},{"@type":"WebSite","@id":"https:\/\/us-gc.net\/de\/#website","url":"https:\/\/us-gc.net\/de\/","name":"USA GC","description":"","potentialAction":[{"@type":"SearchAction","target":{"@type":"EntryPoint","urlTemplate":"https:\/\/us-gc.net\/de\/?s={search_term_string}"},"query-input":{"@type":"PropertyValueSpecification","valueRequired":true,"valueName":"search_term_string"}}],"inLanguage":"de"}]}},"_links":{"self":[{"href":"https:\/\/us-gc.net\/de\/wp-json\/wp\/v2\/pages\/779","targetHints":{"allow":["GET"]}}],"collection":[{"href":"https:\/\/us-gc.net\/de\/wp-json\/wp\/v2\/pages"}],"about":[{"href":"https:\/\/us-gc.net\/de\/wp-json\/wp\/v2\/types\/page"}],"author":[{"embeddable":true,"href":"https:\/\/us-gc.net\/de\/wp-json\/wp\/v2\/users\/1"}],"replies":[{"embeddable":true,"href":"https:\/\/us-gc.net\/de\/wp-json\/wp\/v2\/comments?post=779"}],"version-history":[{"count":1,"href":"https:\/\/us-gc.net\/de\/wp-json\/wp\/v2\/pages\/779\/revisions"}],"predecessor-version":[{"id":8092,"href":"https:\/\/us-gc.net\/de\/wp-json\/wp\/v2\/pages\/779\/revisions\/8092"}],"wp:attachment":[{"href":"https:\/\/us-gc.net\/de\/wp-json\/wp\/v2\/media?parent=779"}],"curies":[{"name":"wp","href":"https:\/\/api.w.org\/{rel}","templated":true}]}}