{"id":749,"date":"2024-01-31T14:45:08","date_gmt":"2024-01-31T14:45:08","guid":{"rendered":"https:\/\/green-card-usa.net\/green-card-passfoto\/"},"modified":"2024-12-30T09:39:52","modified_gmt":"2024-12-30T09:39:52","slug":"green-card-passfoto","status":"publish","type":"page","link":"https:\/\/us-gc.net\/de\/green-card-passfoto\/","title":{"rendered":"Green Card Besonderheiten des Passfotos"},"content":{"rendered":"\n<h1 class=\"wp-block-heading\" id=\"h-les-specificites-de-la-photo-pour-la-green-card\">Besonderheiten des Fotos f\u00fcr die Green Card<\/h1>\n\n<p>Bei der Beantragung der Green Card muss der Antragsteller ein Passfoto einreichen. Das Format dieses Fotos ist spezifisch. Es gibt mehrere zwingende Regeln, die eingehalten werden m\u00fcssen, damit das Foto nicht abgelehnt wird.  <\/p>\n\n<h2 class=\"wp-block-heading\" id=\"h-quelles-sont-les-principales-regles-concernant-la-photo\">Was sind die wichtigsten Regeln f\u00fcr das Fotografieren?<\/h2>\n\n<p>Die wichtigsten Regeln f\u00fcr das Foto der Green Card sind folgende:<\/p>\n\n<ol class=\"wp-block-list\">\n<li>Das Format des Fotos<\/li>\n\n\n\n<li>Das Alter des Fotos<\/li>\n\n\n\n<li>Die Position des Kopfes auf dem Foto<\/li>\n\n\n\n<li>Der Hintergrund der Aufnahme<\/li>\n\n\n\n<li>Was kann man auf dem Foto tragen?<\/li>\n<\/ol>\n\n<h3 class=\"wp-block-heading\" id=\"h-1-quel-est-le-format-de-la-photo-pour-la-green-card\">1. Welches Format hat das Foto f\u00fcr die Green Card?<\/h3>\n\n<p>Das Foto in der digitalen Version muss eine JPEG-Datei sein. Die Mindestgr\u00f6\u00dfe des Fotos muss mindestens 600 Pixel mal 600 Pixel betragen und mindestens 54 KB gro\u00df sein.<\/p>\n\n<h3 class=\"wp-block-heading\" id=\"h-2-quelle-peut-etre-l-anciennete-de-la-photo\">2. Wie alt ist das Foto?<\/h3>\n\n<p>Das f\u00fcr die Green Card eingereichte Foto darf nicht \u00e4lter als 6 Monate sein. Dadurch kann das US-Au\u00dfenministerium sicherstellen, dass das Foto mit dem Gesicht des Antragstellers \u00fcbereinstimmt. Diese Regel ist zwingend erforderlich und sollte sehr ernst genommen werden. Das Foto wird bei einem <a href=\"https:\/\/us-gc.net\/de\/green-card-interview\/\">abschlie\u00dfenden Gespr\u00e4ch f\u00fcr die Green Card<\/a> endg\u00fcltig best\u00e4tigt.<\/p>\n\n<h3 class=\"wp-block-heading\" id=\"h-3-quelle-doit-etre-la-position-de-la-tete-sur-la-photo\">3. Wie sollte der Kopf auf dem Foto positioniert sein?<\/h3>\n\n<p>Die Bewerberin\/der Bewerber sollte einen neutralen Gesichtsausdruck haben und nicht l\u00e4cheln. Ihr Gesicht muss vollst\u00e4ndig sichtbar sein und sich in der Mitte des Fotos befinden. Der Kandidat muss in die Kamera blicken und sein Kopf muss 60 % der Gesamth\u00f6he des Fotos ausmachen. Ihre Augen m\u00fcssen weit ge\u00f6ffnet sein.<\/p>\n\n<h3 class=\"wp-block-heading\" id=\"h-4-comment-doit-etre-l-arriere-plan-de-la-prise-de-vue\">4. Wie sollte der Hintergrund der Aufnahme aussehen?<\/h3>\n\n<p>Der Hintergrund des Fotos sollte eine einfarbige, helle Farbe haben und keine Schatten aufweisen. Die Hintergrundfarbe kann wei\u00df oder gebrochen wei\u00df sein.<\/p>\n\n<h3 class=\"wp-block-heading\" id=\"h-5-peut-on-porter-des-lunettes-ou-le-voile-sur-la-photo\">5. K\u00f6nnen Sie auf dem Foto eine Brille oder einen Schleier tragen?<\/h3>\n\n<p>Auf dem Foto der Green Card ist es verboten, eine Brille zu tragen. Der Green-Card-Bewerber darf auch keine M\u00fctze oder Hut tragen.<\/p>\n\n<p>Ein religi\u00f6ses Kopftuch darf hingegen auf dem Foto der Green Card getragen werden. Das Gesicht muss jedoch von der oberen Stirn bis zum unteren Ende des Kinns sichtbar sein.<\/p>\n\n<p>Diese Regeln beziehen sich auf alle Verfahren zur Erlangung einer Green Card, sei es :<\/p>\n\n<ul class=\"wp-block-list\">\n<li>Das Foto im Rahmen der <a href=\"https:\/\/us-gc.net\/de\/lotterie-green-card\/\">Green Card-Lotterie<\/a>;<\/li>\n\n\n\n<li>Das Foto, das f\u00fcr eine <a href=\"https:\/\/us-gc.net\/de\/green-card-durch-heirat\/\">Green Card durch Heirat<\/a>, eine Green <a href=\"https:\/\/us-gc.net\/de\/green-card-sponsern\/\">Card durch Sponsor<\/a> oder alle anderen Verfahren zur Erlangung einer Green Card eingereicht wurde.<\/li>\n<\/ul>\n\n<div style=\"height:10px\" aria-hidden=\"true\" class=\"wp-block-spacer\"><\/div>\n\n<h2 class=\"wp-block-heading\" id=\"h-dimensions-de-la-photo-d-identite-de-la-green-card\">Abmessungen des Passfotos f\u00fcr die Green Card<\/h2>\n\n<figure class=\"wp-block-image size-full\"><img fetchpriority=\"high\" decoding=\"async\" width=\"601\" height=\"378\" src=\"https:\/\/us-gc.net\/wp-content\/uploads\/2024\/05\/Green-card-2024.jpg\" alt=\"Bild einer im Jahr 2024 g&#xFC;ltigen Green Card\" class=\"wp-image-4826\" srcset=\"https:\/\/us-gc.net\/wp-content\/uploads\/2024\/05\/Green-card-2024.jpg 601w, https:\/\/us-gc.net\/wp-content\/uploads\/2024\/05\/Green-card-2024-300x189.jpg 300w\" sizes=\"(max-width: 601px) 100vw, 601px\" \/><figcaption class=\"wp-element-caption\">Green Card f\u00fcr einen st\u00e4ndigen Wohnsitz in den USA<\/figcaption><\/figure>\n","protected":false},"excerpt":{"rendered":"<p>Besonderheiten des Fotos f\u00fcr die Green Card Bei der Beantragung der Green Card muss der Antragsteller ein Passfoto einreichen. Das Format dieses Fotos ist spezifisch. Es gibt mehrere zwingende Regeln, die eingehalten werden m\u00fcssen, damit das Foto nicht abgelehnt wird. Was sind die wichtigsten Regeln f\u00fcr das Fotografieren? Die wichtigsten Regeln f\u00fcr das Foto der [&hellip;]<\/p>\n","protected":false},"author":1,"featured_media":0,"parent":0,"menu_order":0,"comment_status":"closed","ping_status":"closed","template":"","meta":{"footnotes":""},"class_list":["post-749","page","type-page","status-publish","hentry"],"yoast_head":"<!-- This site is optimized with the Yoast SEO plugin v27.4 - https:\/\/yoast.com\/product\/yoast-seo-wordpress\/ -->\n<title>Green Card Besonderheiten des Passfotos - USA GC<\/title>\n<meta name=\"description\" content=\"Bei der Beantragung oder Verl\u00e4ngerung einer Green Card muss der Bewerber sein Passfoto unter Einhaltung bestimmter Regeln einreichen.\" \/>\n<meta name=\"robots\" content=\"index, follow, max-snippet:-1, max-image-preview:large, max-video-preview:-1\" \/>\n<link rel=\"canonical\" href=\"https:\/\/us-gc.net\/de\/green-card-passfoto\/\" \/>\n<meta property=\"og:locale\" content=\"de_DE\" \/>\n<meta property=\"og:type\" content=\"article\" \/>\n<meta property=\"og:title\" content=\"Green Card Besonderheiten des Passfotos - USA GC\" \/>\n<meta property=\"og:description\" content=\"Bei der Beantragung oder Verl\u00e4ngerung einer Green Card muss der Bewerber sein Passfoto unter Einhaltung bestimmter Regeln einreichen.\" \/>\n<meta property=\"og:url\" content=\"https:\/\/us-gc.net\/de\/green-card-passfoto\/\" \/>\n<meta property=\"og:site_name\" content=\"USA GC\" \/>\n<meta property=\"article:modified_time\" content=\"2024-12-30T09:39:52+00:00\" \/>\n<meta property=\"og:image\" content=\"https:\/\/us-gc.net\/wp-content\/uploads\/2024\/05\/Green-card-2024.jpg\" \/>\n<meta name=\"twitter:card\" content=\"summary_large_image\" \/>\n<meta name=\"twitter:label1\" content=\"Gesch\u00e4tzte Lesezeit\" \/>\n\t<meta name=\"twitter:data1\" content=\"2\u00a0Minuten\" \/>\n<script type=\"application\/ld+json\" class=\"yoast-schema-graph\">{\"@context\":\"https:\\\/\\\/schema.org\",\"@graph\":[{\"@type\":\"WebPage\",\"@id\":\"https:\\\/\\\/us-gc.net\\\/de\\\/green-card-passfoto\\\/\",\"url\":\"https:\\\/\\\/us-gc.net\\\/de\\\/green-card-passfoto\\\/\",\"name\":\"Green Card Besonderheiten des Passfotos - USA GC\",\"isPartOf\":{\"@id\":\"https:\\\/\\\/us-gc.net\\\/de\\\/#website\"},\"primaryImageOfPage\":{\"@id\":\"https:\\\/\\\/us-gc.net\\\/de\\\/green-card-passfoto\\\/#primaryimage\"},\"image\":{\"@id\":\"https:\\\/\\\/us-gc.net\\\/de\\\/green-card-passfoto\\\/#primaryimage\"},\"thumbnailUrl\":\"https:\\\/\\\/us-gc.net\\\/wp-content\\\/uploads\\\/2024\\\/05\\\/Green-card-2024.jpg\",\"datePublished\":\"2024-01-31T14:45:08+00:00\",\"dateModified\":\"2024-12-30T09:39:52+00:00\",\"description\":\"Bei der Beantragung oder Verl\u00e4ngerung einer Green Card muss der Bewerber sein Passfoto unter Einhaltung bestimmter Regeln einreichen.\",\"breadcrumb\":{\"@id\":\"https:\\\/\\\/us-gc.net\\\/de\\\/green-card-passfoto\\\/#breadcrumb\"},\"inLanguage\":\"de\",\"potentialAction\":[{\"@type\":\"ReadAction\",\"target\":[\"https:\\\/\\\/us-gc.net\\\/de\\\/green-card-passfoto\\\/\"]}]},{\"@type\":\"ImageObject\",\"inLanguage\":\"de\",\"@id\":\"https:\\\/\\\/us-gc.net\\\/de\\\/green-card-passfoto\\\/#primaryimage\",\"url\":\"https:\\\/\\\/us-gc.net\\\/wp-content\\\/uploads\\\/2024\\\/05\\\/Green-card-2024.jpg\",\"contentUrl\":\"https:\\\/\\\/us-gc.net\\\/wp-content\\\/uploads\\\/2024\\\/05\\\/Green-card-2024.jpg\"},{\"@type\":\"BreadcrumbList\",\"@id\":\"https:\\\/\\\/us-gc.net\\\/de\\\/green-card-passfoto\\\/#breadcrumb\",\"itemListElement\":[{\"@type\":\"ListItem\",\"position\":1,\"name\":\"Accueil\",\"item\":\"https:\\\/\\\/us-gc.net\\\/de\\\/green-card\\\/\"},{\"@type\":\"ListItem\",\"position\":2,\"name\":\"Green Card Besonderheiten des Passfotos\"}]},{\"@type\":\"WebSite\",\"@id\":\"https:\\\/\\\/us-gc.net\\\/de\\\/#website\",\"url\":\"https:\\\/\\\/us-gc.net\\\/de\\\/\",\"name\":\"USA GC\",\"description\":\"\",\"potentialAction\":[{\"@type\":\"SearchAction\",\"target\":{\"@type\":\"EntryPoint\",\"urlTemplate\":\"https:\\\/\\\/us-gc.net\\\/de\\\/?s={search_term_string}\"},\"query-input\":{\"@type\":\"PropertyValueSpecification\",\"valueRequired\":true,\"valueName\":\"search_term_string\"}}],\"inLanguage\":\"de\"}]}<\/script>\n<!-- \/ Yoast SEO plugin. -->","yoast_head_json":{"title":"Green Card Besonderheiten des Passfotos - USA GC","description":"Bei der Beantragung oder Verl\u00e4ngerung einer Green Card muss der Bewerber sein Passfoto unter Einhaltung bestimmter Regeln einreichen.","robots":{"index":"index","follow":"follow","max-snippet":"max-snippet:-1","max-image-preview":"max-image-preview:large","max-video-preview":"max-video-preview:-1"},"canonical":"https:\/\/us-gc.net\/de\/green-card-passfoto\/","og_locale":"de_DE","og_type":"article","og_title":"Green Card Besonderheiten des Passfotos - USA GC","og_description":"Bei der Beantragung oder Verl\u00e4ngerung einer Green Card muss der Bewerber sein Passfoto unter Einhaltung bestimmter Regeln einreichen.","og_url":"https:\/\/us-gc.net\/de\/green-card-passfoto\/","og_site_name":"USA GC","article_modified_time":"2024-12-30T09:39:52+00:00","og_image":[{"url":"https:\/\/us-gc.net\/wp-content\/uploads\/2024\/05\/Green-card-2024.jpg","type":"","width":"","height":""}],"twitter_card":"summary_large_image","twitter_misc":{"Gesch\u00e4tzte Lesezeit":"2\u00a0Minuten"},"schema":{"@context":"https:\/\/schema.org","@graph":[{"@type":"WebPage","@id":"https:\/\/us-gc.net\/de\/green-card-passfoto\/","url":"https:\/\/us-gc.net\/de\/green-card-passfoto\/","name":"Green Card Besonderheiten des Passfotos - USA GC","isPartOf":{"@id":"https:\/\/us-gc.net\/de\/#website"},"primaryImageOfPage":{"@id":"https:\/\/us-gc.net\/de\/green-card-passfoto\/#primaryimage"},"image":{"@id":"https:\/\/us-gc.net\/de\/green-card-passfoto\/#primaryimage"},"thumbnailUrl":"https:\/\/us-gc.net\/wp-content\/uploads\/2024\/05\/Green-card-2024.jpg","datePublished":"2024-01-31T14:45:08+00:00","dateModified":"2024-12-30T09:39:52+00:00","description":"Bei der Beantragung oder Verl\u00e4ngerung einer Green Card muss der Bewerber sein Passfoto unter Einhaltung bestimmter Regeln einreichen.","breadcrumb":{"@id":"https:\/\/us-gc.net\/de\/green-card-passfoto\/#breadcrumb"},"inLanguage":"de","potentialAction":[{"@type":"ReadAction","target":["https:\/\/us-gc.net\/de\/green-card-passfoto\/"]}]},{"@type":"ImageObject","inLanguage":"de","@id":"https:\/\/us-gc.net\/de\/green-card-passfoto\/#primaryimage","url":"https:\/\/us-gc.net\/wp-content\/uploads\/2024\/05\/Green-card-2024.jpg","contentUrl":"https:\/\/us-gc.net\/wp-content\/uploads\/2024\/05\/Green-card-2024.jpg"},{"@type":"BreadcrumbList","@id":"https:\/\/us-gc.net\/de\/green-card-passfoto\/#breadcrumb","itemListElement":[{"@type":"ListItem","position":1,"name":"Accueil","item":"https:\/\/us-gc.net\/de\/green-card\/"},{"@type":"ListItem","position":2,"name":"Green Card Besonderheiten des Passfotos"}]},{"@type":"WebSite","@id":"https:\/\/us-gc.net\/de\/#website","url":"https:\/\/us-gc.net\/de\/","name":"USA GC","description":"","potentialAction":[{"@type":"SearchAction","target":{"@type":"EntryPoint","urlTemplate":"https:\/\/us-gc.net\/de\/?s={search_term_string}"},"query-input":{"@type":"PropertyValueSpecification","valueRequired":true,"valueName":"search_term_string"}}],"inLanguage":"de"}]}},"_links":{"self":[{"href":"https:\/\/us-gc.net\/de\/wp-json\/wp\/v2\/pages\/749","targetHints":{"allow":["GET"]}}],"collection":[{"href":"https:\/\/us-gc.net\/de\/wp-json\/wp\/v2\/pages"}],"about":[{"href":"https:\/\/us-gc.net\/de\/wp-json\/wp\/v2\/types\/page"}],"author":[{"embeddable":true,"href":"https:\/\/us-gc.net\/de\/wp-json\/wp\/v2\/users\/1"}],"replies":[{"embeddable":true,"href":"https:\/\/us-gc.net\/de\/wp-json\/wp\/v2\/comments?post=749"}],"version-history":[{"count":1,"href":"https:\/\/us-gc.net\/de\/wp-json\/wp\/v2\/pages\/749\/revisions"}],"predecessor-version":[{"id":7673,"href":"https:\/\/us-gc.net\/de\/wp-json\/wp\/v2\/pages\/749\/revisions\/7673"}],"wp:attachment":[{"href":"https:\/\/us-gc.net\/de\/wp-json\/wp\/v2\/media?parent=749"}],"curies":[{"name":"wp","href":"https:\/\/api.w.org\/{rel}","templated":true}]}}