{"id":712,"date":"2024-01-31T14:27:27","date_gmt":"2024-01-31T14:27:27","guid":{"rendered":"https:\/\/green-card-usa.net\/green-card-fur-beschaftigung\/"},"modified":"2024-12-30T09:39:25","modified_gmt":"2024-12-30T09:39:25","slug":"green-card-fur-beschaftigung","status":"publish","type":"page","link":"https:\/\/us-gc.net\/de\/green-card-fur-beschaftigung\/","title":{"rendered":"Besch\u00e4ftigungsbasierte Green Card f\u00fcr Zuwanderer"},"content":{"rendered":"\n<h1 class=\"wp-block-heading\" id=\"h-obtenir-une-green-card-basee-sur-l-emploi\">Eine besch\u00e4ftigungsbasierte Green Card erhalten<\/h1>\n\n<p>Erfahren Sie, wie Sie durch einen Job eine <a href=\"https:\/\/us-gc.net\/de\/\">Green Card<\/a> in den USA erhalten k\u00f6nnen. Die besch\u00e4ftigungsbasierte Green Card ist sehr beliebt bei qualifizierten Zuwanderern, die in den USA arbeiten und sich dort legal aufhalten m\u00f6chten.<\/p>\n\n<h2 class=\"wp-block-heading\" id=\"h-qu-est-ce-qu-une-green-card-basee-sur-l-emploi\">Was ist eine besch\u00e4ftigungsbasierte Green Card?<\/h2>\n\n<p>Die besch\u00e4ftigungsbasierte Green Card ist eine M\u00f6glichkeit f\u00fcr qualifizierte ausl\u00e4ndische Arbeitnehmer, durch eine Besch\u00e4ftigung einen dauerhaften Aufenthalt in den USA zu erhalten. Im Gegensatz zu anderen Einwanderungsoptionen richtet sich diese speziell an Personen, die \u00fcber berufliche F\u00e4higkeiten verf\u00fcgen, die von amerikanischen Arbeitgebern gesucht werden. Sie erm\u00f6glicht es Inhabern von Arbeitsvisa, dauerhaft ans\u00e4ssig zu werden.<\/p>\n\n<h2 class=\"wp-block-heading\" id=\"h-eligibilite-et-criteres-de-qualification\">F\u00f6rderf\u00e4higkeit und Qualifikationskriterien<\/h2>\n\n<p>Um f\u00fcr eine besch\u00e4ftigungsbasierte Green Card in Frage zu kommen, m\u00fcssen die Bewerber bestimmte Voraussetzungen erf\u00fcllen:<\/p>\n\n<ul class=\"wp-block-list\">\n<li>\u00dcber angemessene Berufserfahrung in einem bestimmten Bereich verf\u00fcgen ;<\/li>\n\n\n\n<li>Ein g\u00fcltiges Stellenangebot eines amerikanischen Arbeitgebers ;<\/li>\n\n\n\n<li>Bildungs- oder Berufsqualifikationen, die den Anforderungen der ausgeschriebenen Stelle entsprechen.  <\/li>\n<\/ul>\n\n<p>Schlie\u00dflich muss der Arbeitgeber bereit sein, <a href=\"https:\/\/us-gc.net\/de\/green-card-sponsern\/\">den Bewerber f\u00fcr die Green Card zu sponsern<\/a> und alle rechtlichen Verpflichtungen einzuhalten, die mit der Einstellung ausl\u00e4ndischer Arbeitnehmer verbunden sind.<\/p>\n\n<h2 class=\"wp-block-heading\" id=\"h-processus-de-demande\">Prozess der Antragstellung<\/h2>\n\n<p>Das Verfahren zur Beantragung einer besch\u00e4ftigungsbasierten Green Card umfasst mehrere Schritte. Zun\u00e4chst muss der Arbeitgeber eine Arbeitsbescheinigung vom US Department of Labor erhalten. Anschlie\u00dfend muss der Bewerber <a href=\"https:\/\/www.uscis.gov\/\">bei der USCIS<\/a> einen Antrag auf ein Arbeitsvisum stellen. Sobald das Arbeitsvisum genehmigt ist, kann der Bewerber mit der Beantragung der Green Card beginnen. Dieses Verfahren umfasst :<\/p>\n\n<ul class=\"wp-block-list\">\n<li>Das Einreichen des Antragsformulars ;<\/li>\n\n\n\n<li>Das Sammeln von Belegen ;<\/li>\n\n\n\n<li>Ein <a href=\"https:\/\/us-gc.net\/de\/green-card-interview\/\">Interview f\u00fcr die Green Card<\/a>;<\/li>\n\n\n\n<li>Eine medizinische Untersuchung.<\/li>\n<\/ul>\n\n<h2 class=\"wp-block-heading\" id=\"h-duree-et-delais-de-traitement\">Dauer und Fristen der Bearbeitung<\/h2>\n\n<p>Die Zeit, die es dauert, eine Green Card auf Besch\u00e4ftigungsbasis zu erhalten, kann stark variieren und h\u00e4ngt von verschiedenen Faktoren ab, wie z. B.: Die Kategorie des Visums, die Arbeitsbelastung des <a href=\"https:\/\/www.uscis.gov\/green-card\/green-card-processes-and-procedures\">USCIS<\/a> und andere individuelle Umst\u00e4nde.  <\/p>\n\n<p>In der Regel kann dieser Prozess mehrere Monate bis mehrere Jahre dauern. Es ist wichtig, dass die Bewerber geduldig sind und sich auf m\u00f6gliche Verz\u00f6gerungen w\u00e4hrend des Prozesses vorbereiten. Ein Bewerber kann sich parallel dazu f\u00fcr die <a href=\"https:\/\/us-gc.net\/de\/lotterie-green-card\/\">Green-Card-Lotterie<\/a> bewerben.<\/p>\n\n<p><\/p>\n","protected":false},"excerpt":{"rendered":"<p>Eine besch\u00e4ftigungsbasierte Green Card erhalten Erfahren Sie, wie Sie durch einen Job eine Green Card in den USA erhalten k\u00f6nnen. Die besch\u00e4ftigungsbasierte Green Card ist sehr beliebt bei qualifizierten Zuwanderern, die in den USA arbeiten und sich dort legal aufhalten m\u00f6chten. Was ist eine besch\u00e4ftigungsbasierte Green Card? Die besch\u00e4ftigungsbasierte Green Card ist eine M\u00f6glichkeit f\u00fcr [&hellip;]<\/p>\n","protected":false},"author":1,"featured_media":0,"parent":0,"menu_order":0,"comment_status":"closed","ping_status":"closed","template":"","meta":{"footnotes":""},"class_list":["post-712","page","type-page","status-publish","hentry"],"yoast_head":"<!-- This site is optimized with the Yoast SEO plugin v27.4 - https:\/\/yoast.com\/product\/yoast-seo-wordpress\/ -->\n<title>Besch\u00e4ftigungsbasierte Green Card f\u00fcr Zuwanderer - USA GC<\/title>\n<meta name=\"description\" content=\"Erhalten Sie eine US-amerikanische Green Card, die auf einer in den USA erhaltenen Besch\u00e4ftigung beruht. Alle Informationen zur Beantragung der Green Card\" \/>\n<meta name=\"robots\" content=\"index, follow, max-snippet:-1, max-image-preview:large, max-video-preview:-1\" \/>\n<link rel=\"canonical\" href=\"https:\/\/us-gc.net\/de\/green-card-fur-beschaftigung\/\" \/>\n<meta property=\"og:locale\" content=\"de_DE\" \/>\n<meta property=\"og:type\" content=\"article\" \/>\n<meta property=\"og:title\" content=\"Besch\u00e4ftigungsbasierte Green Card f\u00fcr Zuwanderer - USA GC\" \/>\n<meta property=\"og:description\" content=\"Erhalten Sie eine US-amerikanische Green Card, die auf einer in den USA erhaltenen Besch\u00e4ftigung beruht. Alle Informationen zur Beantragung der Green Card\" \/>\n<meta property=\"og:url\" content=\"https:\/\/us-gc.net\/de\/green-card-fur-beschaftigung\/\" \/>\n<meta property=\"og:site_name\" content=\"USA GC\" \/>\n<meta property=\"article:modified_time\" content=\"2024-12-30T09:39:25+00:00\" \/>\n<meta name=\"twitter:card\" content=\"summary_large_image\" \/>\n<meta name=\"twitter:label1\" content=\"Gesch\u00e4tzte Lesezeit\" \/>\n\t<meta name=\"twitter:data1\" content=\"2\u00a0Minuten\" \/>\n<script type=\"application\/ld+json\" class=\"yoast-schema-graph\">{\"@context\":\"https:\\\/\\\/schema.org\",\"@graph\":[{\"@type\":\"WebPage\",\"@id\":\"https:\\\/\\\/us-gc.net\\\/de\\\/green-card-fur-beschaftigung\\\/\",\"url\":\"https:\\\/\\\/us-gc.net\\\/de\\\/green-card-fur-beschaftigung\\\/\",\"name\":\"Besch\u00e4ftigungsbasierte Green Card f\u00fcr Zuwanderer - USA GC\",\"isPartOf\":{\"@id\":\"https:\\\/\\\/us-gc.net\\\/de\\\/#website\"},\"datePublished\":\"2024-01-31T14:27:27+00:00\",\"dateModified\":\"2024-12-30T09:39:25+00:00\",\"description\":\"Erhalten Sie eine US-amerikanische Green Card, die auf einer in den USA erhaltenen Besch\u00e4ftigung beruht. Alle Informationen zur Beantragung der Green Card\",\"breadcrumb\":{\"@id\":\"https:\\\/\\\/us-gc.net\\\/de\\\/green-card-fur-beschaftigung\\\/#breadcrumb\"},\"inLanguage\":\"de\",\"potentialAction\":[{\"@type\":\"ReadAction\",\"target\":[\"https:\\\/\\\/us-gc.net\\\/de\\\/green-card-fur-beschaftigung\\\/\"]}]},{\"@type\":\"BreadcrumbList\",\"@id\":\"https:\\\/\\\/us-gc.net\\\/de\\\/green-card-fur-beschaftigung\\\/#breadcrumb\",\"itemListElement\":[{\"@type\":\"ListItem\",\"position\":1,\"name\":\"Accueil\",\"item\":\"https:\\\/\\\/us-gc.net\\\/de\\\/green-card\\\/\"},{\"@type\":\"ListItem\",\"position\":2,\"name\":\"Besch\u00e4ftigungsbasierte Green Card f\u00fcr Zuwanderer\"}]},{\"@type\":\"WebSite\",\"@id\":\"https:\\\/\\\/us-gc.net\\\/de\\\/#website\",\"url\":\"https:\\\/\\\/us-gc.net\\\/de\\\/\",\"name\":\"USA GC\",\"description\":\"\",\"potentialAction\":[{\"@type\":\"SearchAction\",\"target\":{\"@type\":\"EntryPoint\",\"urlTemplate\":\"https:\\\/\\\/us-gc.net\\\/de\\\/?s={search_term_string}\"},\"query-input\":{\"@type\":\"PropertyValueSpecification\",\"valueRequired\":true,\"valueName\":\"search_term_string\"}}],\"inLanguage\":\"de\"}]}<\/script>\n<!-- \/ Yoast SEO plugin. -->","yoast_head_json":{"title":"Besch\u00e4ftigungsbasierte Green Card f\u00fcr Zuwanderer - USA GC","description":"Erhalten Sie eine US-amerikanische Green Card, die auf einer in den USA erhaltenen Besch\u00e4ftigung beruht. Alle Informationen zur Beantragung der Green Card","robots":{"index":"index","follow":"follow","max-snippet":"max-snippet:-1","max-image-preview":"max-image-preview:large","max-video-preview":"max-video-preview:-1"},"canonical":"https:\/\/us-gc.net\/de\/green-card-fur-beschaftigung\/","og_locale":"de_DE","og_type":"article","og_title":"Besch\u00e4ftigungsbasierte Green Card f\u00fcr Zuwanderer - USA GC","og_description":"Erhalten Sie eine US-amerikanische Green Card, die auf einer in den USA erhaltenen Besch\u00e4ftigung beruht. Alle Informationen zur Beantragung der Green Card","og_url":"https:\/\/us-gc.net\/de\/green-card-fur-beschaftigung\/","og_site_name":"USA GC","article_modified_time":"2024-12-30T09:39:25+00:00","twitter_card":"summary_large_image","twitter_misc":{"Gesch\u00e4tzte Lesezeit":"2\u00a0Minuten"},"schema":{"@context":"https:\/\/schema.org","@graph":[{"@type":"WebPage","@id":"https:\/\/us-gc.net\/de\/green-card-fur-beschaftigung\/","url":"https:\/\/us-gc.net\/de\/green-card-fur-beschaftigung\/","name":"Besch\u00e4ftigungsbasierte Green Card f\u00fcr Zuwanderer - USA GC","isPartOf":{"@id":"https:\/\/us-gc.net\/de\/#website"},"datePublished":"2024-01-31T14:27:27+00:00","dateModified":"2024-12-30T09:39:25+00:00","description":"Erhalten Sie eine US-amerikanische Green Card, die auf einer in den USA erhaltenen Besch\u00e4ftigung beruht. Alle Informationen zur Beantragung der Green Card","breadcrumb":{"@id":"https:\/\/us-gc.net\/de\/green-card-fur-beschaftigung\/#breadcrumb"},"inLanguage":"de","potentialAction":[{"@type":"ReadAction","target":["https:\/\/us-gc.net\/de\/green-card-fur-beschaftigung\/"]}]},{"@type":"BreadcrumbList","@id":"https:\/\/us-gc.net\/de\/green-card-fur-beschaftigung\/#breadcrumb","itemListElement":[{"@type":"ListItem","position":1,"name":"Accueil","item":"https:\/\/us-gc.net\/de\/green-card\/"},{"@type":"ListItem","position":2,"name":"Besch\u00e4ftigungsbasierte Green Card f\u00fcr Zuwanderer"}]},{"@type":"WebSite","@id":"https:\/\/us-gc.net\/de\/#website","url":"https:\/\/us-gc.net\/de\/","name":"USA GC","description":"","potentialAction":[{"@type":"SearchAction","target":{"@type":"EntryPoint","urlTemplate":"https:\/\/us-gc.net\/de\/?s={search_term_string}"},"query-input":{"@type":"PropertyValueSpecification","valueRequired":true,"valueName":"search_term_string"}}],"inLanguage":"de"}]}},"_links":{"self":[{"href":"https:\/\/us-gc.net\/de\/wp-json\/wp\/v2\/pages\/712","targetHints":{"allow":["GET"]}}],"collection":[{"href":"https:\/\/us-gc.net\/de\/wp-json\/wp\/v2\/pages"}],"about":[{"href":"https:\/\/us-gc.net\/de\/wp-json\/wp\/v2\/types\/page"}],"author":[{"embeddable":true,"href":"https:\/\/us-gc.net\/de\/wp-json\/wp\/v2\/users\/1"}],"replies":[{"embeddable":true,"href":"https:\/\/us-gc.net\/de\/wp-json\/wp\/v2\/comments?post=712"}],"version-history":[{"count":1,"href":"https:\/\/us-gc.net\/de\/wp-json\/wp\/v2\/pages\/712\/revisions"}],"predecessor-version":[{"id":7629,"href":"https:\/\/us-gc.net\/de\/wp-json\/wp\/v2\/pages\/712\/revisions\/7629"}],"wp:attachment":[{"href":"https:\/\/us-gc.net\/de\/wp-json\/wp\/v2\/media?parent=712"}],"curies":[{"name":"wp","href":"https:\/\/api.w.org\/{rel}","templated":true}]}}