{"id":664,"date":"2024-01-31T08:01:49","date_gmt":"2024-01-31T08:01:49","guid":{"rendered":"https:\/\/green-card-usa.net\/datenschutzrichtlinie\/"},"modified":"2025-03-31T11:22:12","modified_gmt":"2025-03-31T11:22:12","slug":"datenschutzrichtlinie","status":"publish","type":"page","link":"https:\/\/us-gc.net\/de\/datenschutzrichtlinie\/","title":{"rendered":"Datenschutzrichtlinie f\u00fcr pers\u00f6nliche Daten"},"content":{"rendered":"\n<h1 class=\"wp-block-heading\" id=\"h-politique-de-confidentialite\">Datenschutzrichtlinie<\/h1>\n\n<p>Wir sind eine Informationsseite \u00fcber den US-Arbeitsmarkt. Wir bieten keine Online-Dienste an und haben kein Anmeldeformular auf der Website. Das einzige Formular auf der Website ist unser <a href=\"https:\/\/us-gc.net\/de\/contact\/\">Kontaktformular<\/a>.<\/p>\n\n<h2 class=\"wp-block-heading\" id=\"h-la-collecte-d-informations-sur-le-site\">Das Sammeln von Informationen auf der Seite<\/h2>\n\n<p>Hier ist eine Liste der pers\u00f6nlichen Informationen, die auf unserer Seite gesammelt werden k\u00f6nnen:<\/p>\n\n<ul class=\"wp-block-list\">\n<li>Kontaktinformationen, wenn Sie eine E-Mail an unser Support-Team schicken, wie z. B. Vorname, Nachname, E-Mail. Informationen, die in den E-Mails enthalten sind, die Sie an uns senden.<\/li>\n<\/ul>\n\n<div style=\"height:10px\" aria-hidden=\"true\" class=\"wp-block-spacer\"><\/div>\n\n<h2 class=\"wp-block-heading\" id=\"h-duree-de-conservation-des-donnees\">Dauer der Speicherung von Daten<\/h2>\n\n<p>Die gesammelten Daten werden regelm\u00e4\u00dfig gel\u00f6scht, was bedeutet, dass wir keine Inhalte von E-Mails, die uns \u00fcbermittelt wurden, l\u00e4nger als eine Woche aufbewahren.  <\/p>\n\n<p>Aktualisierung der gespeicherten Informationen: Bitte teilen Sie uns mit, wenn Sie m\u00f6chten, dass die pers\u00f6nlichen Informationen, die wir \u00fcber Sie gespeichert haben, w\u00e4hrend der Dauer ihrer Speicherung korrigiert oder aktualisiert werden.<\/p>\n\n<h2 class=\"wp-block-heading\" id=\"h-securite-de-vos-donnees-personnelles\">Sicherheit Ihrer pers\u00f6nlichen Daten<\/h2>\n\n<p>Wir treffen technische Vorkehrungen, um den Diebstahl der in unserer Datenbank enthaltenen personenbezogenen Daten w\u00e4hrend ihrer &#8211; wenn auch begrenzten &#8211; Aufbewahrungsfrist zu verhindern. Wir werden alle \u00fcbermittelten pers\u00f6nlichen Informationen auf unseren sicheren Servern speichern.<\/p>\n\n<p>Sie akzeptieren, dass das Versenden von Informationen \u00fcber das Internet prinzipiell unsicher ist. Es ist uns nahezu unm\u00f6glich, die absolute Sicherheit Ihrer \u00fcbermittelten Daten zu gew\u00e4hrleisten.<\/p>\n\n<h2 class=\"wp-block-heading\" id=\"h-vos-droits-en-matiere-de-donnees-personnelles\">Ihre Rechte in Bezug auf personenbezogene Daten<\/h2>\n\n<p>Sie haben das Recht, uns aufzufordern, Ihnen alle pers\u00f6nlichen Daten, die wir \u00fcber Sie haben, zu \u00fcbermitteln; diese \u00dcbermittlung kann gegen Vorlage eines Identit\u00e4tsnachweises (beglaubigte Passkopie + Rechnung, auf der Ihre Privatadresse angegeben ist) erfolgen.<\/p>\n\n<h2 class=\"wp-block-heading\" id=\"h-mise-a-jour-de-cette-politique-de-confidentialite\">Aktualisierung dieser Datenschutzrichtlinie<\/h2>\n\n<p>Regelm\u00e4\u00dfig aktualisieren wir diese Richtlinie. Es ist notwendig, diese Seite bei der Nutzung der Website zu \u00fcberpr\u00fcfen, um \u00c4nderungen in Bezug auf den Schutz pers\u00f6nlicher Daten zu erfahren.<\/p>\n\n<h2 class=\"wp-block-heading\" id=\"h-liens-contextuels-vers-des-sites-web-tiers\">Kontext-Links zu Webseiten Dritter<\/h2>\n\n<p>Unsere Website enth\u00e4lt Hyperlinks, die zu Websites Dritter f\u00fchren. Wir haben keine Kontrolle \u00fcber diese Websites und sind nicht f\u00fcr ihre Datenschutzrichtlinien oder ihre Gesch\u00e4fts- oder Marketingpraktiken verantwortlich. F\u00fcr diese Links sind wir in keiner Weise verantwortlich.<\/p>\n","protected":false},"excerpt":{"rendered":"<p>Datenschutzrichtlinie Wir sind eine Informationsseite \u00fcber den US-Arbeitsmarkt. Wir bieten keine Online-Dienste an und haben kein Anmeldeformular auf der Website. Das einzige Formular auf der Website ist unser Kontaktformular. Das Sammeln von Informationen auf der Seite Hier ist eine Liste der pers\u00f6nlichen Informationen, die auf unserer Seite gesammelt werden k\u00f6nnen: Dauer der Speicherung von Daten [&hellip;]<\/p>\n","protected":false},"author":1,"featured_media":0,"parent":0,"menu_order":0,"comment_status":"closed","ping_status":"closed","template":"","meta":{"footnotes":""},"class_list":["post-664","page","type-page","status-publish","hentry"],"yoast_head":"<!-- This site is optimized with the Yoast SEO plugin v27.4 - https:\/\/yoast.com\/product\/yoast-seo-wordpress\/ -->\n<title>Datenschutzrichtlinie f\u00fcr pers\u00f6nliche Daten - USA GC<\/title>\n<meta name=\"description\" content=\"Detaillierte Datenschutzbestimmungen und Einhaltung der geltenden Datenschutzbestimmungen\" \/>\n<meta name=\"robots\" content=\"noindex, nofollow\" \/>\n<meta property=\"og:locale\" content=\"de_DE\" \/>\n<meta property=\"og:type\" content=\"article\" \/>\n<meta property=\"og:title\" content=\"Datenschutzrichtlinie f\u00fcr pers\u00f6nliche Daten - USA GC\" \/>\n<meta property=\"og:description\" content=\"Detaillierte Datenschutzbestimmungen und Einhaltung der geltenden Datenschutzbestimmungen\" \/>\n<meta property=\"og:url\" content=\"https:\/\/us-gc.net\/de\/datenschutzrichtlinie\/\" \/>\n<meta property=\"og:site_name\" content=\"USA GC\" \/>\n<meta property=\"article:modified_time\" content=\"2025-03-31T11:22:12+00:00\" \/>\n<meta name=\"twitter:card\" content=\"summary_large_image\" \/>\n<meta name=\"twitter:label1\" content=\"Gesch\u00e4tzte Lesezeit\" \/>\n\t<meta name=\"twitter:data1\" content=\"2\u00a0Minuten\" \/>\n<script type=\"application\/ld+json\" class=\"yoast-schema-graph\">{\"@context\":\"https:\\\/\\\/schema.org\",\"@graph\":[{\"@type\":\"WebPage\",\"@id\":\"https:\\\/\\\/us-gc.net\\\/de\\\/datenschutzrichtlinie\\\/\",\"url\":\"https:\\\/\\\/us-gc.net\\\/de\\\/datenschutzrichtlinie\\\/\",\"name\":\"Datenschutzrichtlinie f\u00fcr pers\u00f6nliche Daten - USA GC\",\"isPartOf\":{\"@id\":\"https:\\\/\\\/us-gc.net\\\/de\\\/#website\"},\"datePublished\":\"2024-01-31T08:01:49+00:00\",\"dateModified\":\"2025-03-31T11:22:12+00:00\",\"description\":\"Detaillierte Datenschutzbestimmungen und Einhaltung der geltenden Datenschutzbestimmungen\",\"breadcrumb\":{\"@id\":\"https:\\\/\\\/us-gc.net\\\/de\\\/datenschutzrichtlinie\\\/#breadcrumb\"},\"inLanguage\":\"de\",\"potentialAction\":[{\"@type\":\"ReadAction\",\"target\":[\"https:\\\/\\\/us-gc.net\\\/de\\\/datenschutzrichtlinie\\\/\"]}]},{\"@type\":\"BreadcrumbList\",\"@id\":\"https:\\\/\\\/us-gc.net\\\/de\\\/datenschutzrichtlinie\\\/#breadcrumb\",\"itemListElement\":[{\"@type\":\"ListItem\",\"position\":1,\"name\":\"Accueil\",\"item\":\"https:\\\/\\\/us-gc.net\\\/de\\\/green-card\\\/\"},{\"@type\":\"ListItem\",\"position\":2,\"name\":\"Datenschutzrichtlinie f\u00fcr pers\u00f6nliche Daten\"}]},{\"@type\":\"WebSite\",\"@id\":\"https:\\\/\\\/us-gc.net\\\/de\\\/#website\",\"url\":\"https:\\\/\\\/us-gc.net\\\/de\\\/\",\"name\":\"USA GC\",\"description\":\"\",\"potentialAction\":[{\"@type\":\"SearchAction\",\"target\":{\"@type\":\"EntryPoint\",\"urlTemplate\":\"https:\\\/\\\/us-gc.net\\\/de\\\/?s={search_term_string}\"},\"query-input\":{\"@type\":\"PropertyValueSpecification\",\"valueRequired\":true,\"valueName\":\"search_term_string\"}}],\"inLanguage\":\"de\"}]}<\/script>\n<!-- \/ Yoast SEO plugin. -->","yoast_head_json":{"title":"Datenschutzrichtlinie f\u00fcr pers\u00f6nliche Daten - USA GC","description":"Detaillierte Datenschutzbestimmungen und Einhaltung der geltenden Datenschutzbestimmungen","robots":{"index":"noindex","follow":"nofollow"},"og_locale":"de_DE","og_type":"article","og_title":"Datenschutzrichtlinie f\u00fcr pers\u00f6nliche Daten - USA GC","og_description":"Detaillierte Datenschutzbestimmungen und Einhaltung der geltenden Datenschutzbestimmungen","og_url":"https:\/\/us-gc.net\/de\/datenschutzrichtlinie\/","og_site_name":"USA GC","article_modified_time":"2025-03-31T11:22:12+00:00","twitter_card":"summary_large_image","twitter_misc":{"Gesch\u00e4tzte Lesezeit":"2\u00a0Minuten"},"schema":{"@context":"https:\/\/schema.org","@graph":[{"@type":"WebPage","@id":"https:\/\/us-gc.net\/de\/datenschutzrichtlinie\/","url":"https:\/\/us-gc.net\/de\/datenschutzrichtlinie\/","name":"Datenschutzrichtlinie f\u00fcr pers\u00f6nliche Daten - USA GC","isPartOf":{"@id":"https:\/\/us-gc.net\/de\/#website"},"datePublished":"2024-01-31T08:01:49+00:00","dateModified":"2025-03-31T11:22:12+00:00","description":"Detaillierte Datenschutzbestimmungen und Einhaltung der geltenden Datenschutzbestimmungen","breadcrumb":{"@id":"https:\/\/us-gc.net\/de\/datenschutzrichtlinie\/#breadcrumb"},"inLanguage":"de","potentialAction":[{"@type":"ReadAction","target":["https:\/\/us-gc.net\/de\/datenschutzrichtlinie\/"]}]},{"@type":"BreadcrumbList","@id":"https:\/\/us-gc.net\/de\/datenschutzrichtlinie\/#breadcrumb","itemListElement":[{"@type":"ListItem","position":1,"name":"Accueil","item":"https:\/\/us-gc.net\/de\/green-card\/"},{"@type":"ListItem","position":2,"name":"Datenschutzrichtlinie f\u00fcr pers\u00f6nliche Daten"}]},{"@type":"WebSite","@id":"https:\/\/us-gc.net\/de\/#website","url":"https:\/\/us-gc.net\/de\/","name":"USA GC","description":"","potentialAction":[{"@type":"SearchAction","target":{"@type":"EntryPoint","urlTemplate":"https:\/\/us-gc.net\/de\/?s={search_term_string}"},"query-input":{"@type":"PropertyValueSpecification","valueRequired":true,"valueName":"search_term_string"}}],"inLanguage":"de"}]}},"_links":{"self":[{"href":"https:\/\/us-gc.net\/de\/wp-json\/wp\/v2\/pages\/664","targetHints":{"allow":["GET"]}}],"collection":[{"href":"https:\/\/us-gc.net\/de\/wp-json\/wp\/v2\/pages"}],"about":[{"href":"https:\/\/us-gc.net\/de\/wp-json\/wp\/v2\/types\/page"}],"author":[{"embeddable":true,"href":"https:\/\/us-gc.net\/de\/wp-json\/wp\/v2\/users\/1"}],"replies":[{"embeddable":true,"href":"https:\/\/us-gc.net\/de\/wp-json\/wp\/v2\/comments?post=664"}],"version-history":[{"count":2,"href":"https:\/\/us-gc.net\/de\/wp-json\/wp\/v2\/pages\/664\/revisions"}],"predecessor-version":[{"id":8669,"href":"https:\/\/us-gc.net\/de\/wp-json\/wp\/v2\/pages\/664\/revisions\/8669"}],"wp:attachment":[{"href":"https:\/\/us-gc.net\/de\/wp-json\/wp\/v2\/media?parent=664"}],"curies":[{"name":"wp","href":"https:\/\/api.w.org\/{rel}","templated":true}]}}