{"id":623,"date":"2024-01-31T07:59:57","date_gmt":"2024-01-31T07:59:57","guid":{"rendered":"https:\/\/green-card-usa.net\/rechtliche-hinweise\/"},"modified":"2025-03-31T10:09:45","modified_gmt":"2025-03-31T10:09:45","slug":"rechtliche-hinweise","status":"publish","type":"page","link":"https:\/\/us-gc.net\/de\/rechtliche-hinweise\/","title":{"rendered":"Rechtliche Hinweise der Website"},"content":{"rendered":"\n<h1 class=\"wp-block-heading\" id=\"h-mentions-legales-du-site\">Rechtliche Hinweise der Website<\/h1>\n\n<h2 class=\"wp-block-heading\" id=\"h-editeur-du-site\">Herausgeber der Website<\/h2>\n\n<p>Wir sind eine Website mit Informationen \u00fcber den Arbeitsmarkt in den Vereinigten Staaten. Unsere Website wird von der privaten Gesellschaft nach maltesischem Recht <a href=\"https:\/\/alma-consulting.org\/\">Alma Consulting<\/a> herausgegeben. Wir sind unabh\u00e4ngig von jeglicher \u00f6ffentlicher Verwaltung.    <\/p>\n\n<p>Der Verantwortliche f\u00fcr die Ver\u00f6ffentlichung der Website ist Herr Kevin Borg. Um uns zu kontaktieren, m\u00fcssen Sie das <a href=\"https:\/\/us-gc.net\/de\/contact\/\">Kontaktformular<\/a> verwenden.<\/p>\n\n<h2 class=\"wp-block-heading\" id=\"h-hebergement-du-site\">Hosting der Website<\/h2>\n\n<p>Die Website wird von der Firma OVH mit Sitz in Roubaix, Frankreich, gehostet.\nOVH ist eine Gesellschaft, die im Gesellschaftsregister von Lille M\u00e9tropole unter der Nummer B424 761 419 eingetragen ist. <\/p>\n\n<h2 class=\"wp-block-heading\" id=\"h-traitement-des-donnees-personnelles\">Verarbeitung von pers\u00f6nlichen Daten<\/h2>\n\n<p>Wir sammeln keine pers\u00f6nlichen Daten \u00fcber ein Online-Formular. Der einzige Schritt zur Registrierung pers\u00f6nlicher Informationen des Besuchers der Website betrifft die Informationen, die im Kontaktformular angegeben werden. Diese Informationen werden nach der Bearbeitung der E-Mail, die Sie erhalten haben, vernichtet und nicht gespeichert. <\/p>\n\n<p>In Bezug auf Browser-Cookies kann der Besucher selbst in seinem Webbrowser die Verwendung von Browser-Cookies blockieren. Er hat auch das Recht, auf diese Daten zuzugreifen, sie zu \u00e4ndern, zu berichtigen und zu l\u00f6schen. Um diese auszu\u00fcben, kann er sich \u00fcber das <a href=\"https:\/\/us-gc.net\/de\/contact\/\">Kontaktformular<\/a> an uns wenden.<\/p>\n","protected":false},"excerpt":{"rendered":"<p>Rechtliche Hinweise der Website Herausgeber der Website Wir sind eine Website mit Informationen \u00fcber den Arbeitsmarkt in den Vereinigten Staaten. Unsere Website wird von der privaten Gesellschaft nach maltesischem Recht Alma Consulting herausgegeben. Wir sind unabh\u00e4ngig von jeglicher \u00f6ffentlicher Verwaltung. Der Verantwortliche f\u00fcr die Ver\u00f6ffentlichung der Website ist Herr Kevin Borg. Um uns zu kontaktieren, [&hellip;]<\/p>\n","protected":false},"author":1,"featured_media":0,"parent":0,"menu_order":0,"comment_status":"closed","ping_status":"closed","template":"","meta":{"footnotes":""},"class_list":["post-623","page","type-page","status-publish","hentry"],"yoast_head":"<!-- This site is optimized with the Yoast SEO plugin v27.4 - https:\/\/yoast.com\/product\/yoast-seo-wordpress\/ -->\n<title>Rechtliche Hinweise der Website - USA GC<\/title>\n<meta name=\"description\" content=\"Rechtliche Hinweise zu us-gc.net, einer Website mit Informationen \u00fcber den Arbeitsmarkt und die Einwanderung in die USA\" \/>\n<meta name=\"robots\" content=\"noindex, nofollow\" \/>\n<meta property=\"og:locale\" content=\"de_DE\" \/>\n<meta property=\"og:type\" content=\"article\" \/>\n<meta property=\"og:title\" content=\"Rechtliche Hinweise der Website - USA GC\" \/>\n<meta property=\"og:description\" content=\"Rechtliche Hinweise zu us-gc.net, einer Website mit Informationen \u00fcber den Arbeitsmarkt und die Einwanderung in die USA\" \/>\n<meta property=\"og:url\" content=\"https:\/\/us-gc.net\/de\/rechtliche-hinweise\/\" \/>\n<meta property=\"og:site_name\" content=\"USA GC\" \/>\n<meta property=\"article:modified_time\" content=\"2025-03-31T10:09:45+00:00\" \/>\n<meta name=\"twitter:card\" content=\"summary_large_image\" \/>\n<meta name=\"twitter:label1\" content=\"Gesch\u00e4tzte Lesezeit\" \/>\n\t<meta name=\"twitter:data1\" content=\"1\u00a0Minute\" \/>\n<script type=\"application\/ld+json\" class=\"yoast-schema-graph\">{\"@context\":\"https:\\\/\\\/schema.org\",\"@graph\":[{\"@type\":\"WebPage\",\"@id\":\"https:\\\/\\\/us-gc.net\\\/de\\\/rechtliche-hinweise\\\/\",\"url\":\"https:\\\/\\\/us-gc.net\\\/de\\\/rechtliche-hinweise\\\/\",\"name\":\"Rechtliche Hinweise der Website - USA GC\",\"isPartOf\":{\"@id\":\"https:\\\/\\\/us-gc.net\\\/de\\\/#website\"},\"datePublished\":\"2024-01-31T07:59:57+00:00\",\"dateModified\":\"2025-03-31T10:09:45+00:00\",\"description\":\"Rechtliche Hinweise zu us-gc.net, einer Website mit Informationen \u00fcber den Arbeitsmarkt und die Einwanderung in die USA\",\"breadcrumb\":{\"@id\":\"https:\\\/\\\/us-gc.net\\\/de\\\/rechtliche-hinweise\\\/#breadcrumb\"},\"inLanguage\":\"de\",\"potentialAction\":[{\"@type\":\"ReadAction\",\"target\":[\"https:\\\/\\\/us-gc.net\\\/de\\\/rechtliche-hinweise\\\/\"]}]},{\"@type\":\"BreadcrumbList\",\"@id\":\"https:\\\/\\\/us-gc.net\\\/de\\\/rechtliche-hinweise\\\/#breadcrumb\",\"itemListElement\":[{\"@type\":\"ListItem\",\"position\":1,\"name\":\"Accueil\",\"item\":\"https:\\\/\\\/us-gc.net\\\/de\\\/green-card\\\/\"},{\"@type\":\"ListItem\",\"position\":2,\"name\":\"Rechtliche Hinweise der Website\"}]},{\"@type\":\"WebSite\",\"@id\":\"https:\\\/\\\/us-gc.net\\\/de\\\/#website\",\"url\":\"https:\\\/\\\/us-gc.net\\\/de\\\/\",\"name\":\"USA GC\",\"description\":\"\",\"potentialAction\":[{\"@type\":\"SearchAction\",\"target\":{\"@type\":\"EntryPoint\",\"urlTemplate\":\"https:\\\/\\\/us-gc.net\\\/de\\\/?s={search_term_string}\"},\"query-input\":{\"@type\":\"PropertyValueSpecification\",\"valueRequired\":true,\"valueName\":\"search_term_string\"}}],\"inLanguage\":\"de\"}]}<\/script>\n<!-- \/ Yoast SEO plugin. -->","yoast_head_json":{"title":"Rechtliche Hinweise der Website - USA GC","description":"Rechtliche Hinweise zu us-gc.net, einer Website mit Informationen \u00fcber den Arbeitsmarkt und die Einwanderung in die USA","robots":{"index":"noindex","follow":"nofollow"},"og_locale":"de_DE","og_type":"article","og_title":"Rechtliche Hinweise der Website - USA GC","og_description":"Rechtliche Hinweise zu us-gc.net, einer Website mit Informationen \u00fcber den Arbeitsmarkt und die Einwanderung in die USA","og_url":"https:\/\/us-gc.net\/de\/rechtliche-hinweise\/","og_site_name":"USA GC","article_modified_time":"2025-03-31T10:09:45+00:00","twitter_card":"summary_large_image","twitter_misc":{"Gesch\u00e4tzte Lesezeit":"1\u00a0Minute"},"schema":{"@context":"https:\/\/schema.org","@graph":[{"@type":"WebPage","@id":"https:\/\/us-gc.net\/de\/rechtliche-hinweise\/","url":"https:\/\/us-gc.net\/de\/rechtliche-hinweise\/","name":"Rechtliche Hinweise der Website - USA GC","isPartOf":{"@id":"https:\/\/us-gc.net\/de\/#website"},"datePublished":"2024-01-31T07:59:57+00:00","dateModified":"2025-03-31T10:09:45+00:00","description":"Rechtliche Hinweise zu us-gc.net, einer Website mit Informationen \u00fcber den Arbeitsmarkt und die Einwanderung in die USA","breadcrumb":{"@id":"https:\/\/us-gc.net\/de\/rechtliche-hinweise\/#breadcrumb"},"inLanguage":"de","potentialAction":[{"@type":"ReadAction","target":["https:\/\/us-gc.net\/de\/rechtliche-hinweise\/"]}]},{"@type":"BreadcrumbList","@id":"https:\/\/us-gc.net\/de\/rechtliche-hinweise\/#breadcrumb","itemListElement":[{"@type":"ListItem","position":1,"name":"Accueil","item":"https:\/\/us-gc.net\/de\/green-card\/"},{"@type":"ListItem","position":2,"name":"Rechtliche Hinweise der Website"}]},{"@type":"WebSite","@id":"https:\/\/us-gc.net\/de\/#website","url":"https:\/\/us-gc.net\/de\/","name":"USA GC","description":"","potentialAction":[{"@type":"SearchAction","target":{"@type":"EntryPoint","urlTemplate":"https:\/\/us-gc.net\/de\/?s={search_term_string}"},"query-input":{"@type":"PropertyValueSpecification","valueRequired":true,"valueName":"search_term_string"}}],"inLanguage":"de"}]}},"_links":{"self":[{"href":"https:\/\/us-gc.net\/de\/wp-json\/wp\/v2\/pages\/623","targetHints":{"allow":["GET"]}}],"collection":[{"href":"https:\/\/us-gc.net\/de\/wp-json\/wp\/v2\/pages"}],"about":[{"href":"https:\/\/us-gc.net\/de\/wp-json\/wp\/v2\/types\/page"}],"author":[{"embeddable":true,"href":"https:\/\/us-gc.net\/de\/wp-json\/wp\/v2\/users\/1"}],"replies":[{"embeddable":true,"href":"https:\/\/us-gc.net\/de\/wp-json\/wp\/v2\/comments?post=623"}],"version-history":[{"count":2,"href":"https:\/\/us-gc.net\/de\/wp-json\/wp\/v2\/pages\/623\/revisions"}],"predecessor-version":[{"id":8464,"href":"https:\/\/us-gc.net\/de\/wp-json\/wp\/v2\/pages\/623\/revisions\/8464"}],"wp:attachment":[{"href":"https:\/\/us-gc.net\/de\/wp-json\/wp\/v2\/media?parent=623"}],"curies":[{"name":"wp","href":"https:\/\/api.w.org\/{rel}","templated":true}]}}