{"id":575,"date":"2024-02-05T09:01:51","date_gmt":"2024-02-05T09:01:51","guid":{"rendered":"https:\/\/green-card-usa.net\/contact\/"},"modified":"2025-03-31T10:05:25","modified_gmt":"2025-03-31T10:05:25","slug":"contact","status":"publish","type":"page","link":"https:\/\/us-gc.net\/de\/contact\/","title":{"rendered":"Kontakt"},"content":{"rendered":"\n<h1 class=\"wp-block-heading\" id=\"h-formulaire-pour-nous-contacter\">Formular, um uns zu kontaktieren<\/h1>\n\n<p>Wir sind eine private Online-Nachrichtenseite. Unsere einzige Aufgabe ist es, die Internetnutzer \u00fcber den Stellenmarkt in den Vereinigten Staaten zu informieren. Wir bieten auf unserer Website keine kommerziellen Dienstleistungen an. <\/p>\n\n<p>Wir sind in keiner Weise mit der US-Regierung oder einer anderen Regierung verbunden. Wir sind nicht in der Lage, einen Vorgang zu unterst\u00fctzen, der auf einer offiziellen Website oder einer privaten Website zur Unterst\u00fctzung bei administrativen Formalit\u00e4ten durchgef\u00fchrt wird.<\/p>\n<div class=\"wpforms-container wpforms-container-full wpforms-block wpforms-block-c46b6f82-8106-4617-8172-d428defcc7bc wpforms-render-modern\" id=\"wpforms-492\"><form id=\"wpforms-form-492\" class=\"wpforms-validate wpforms-form wpforms-ajax-form\" data-formid=\"492\" method=\"post\" enctype=\"multipart\/form-data\" action=\"\/de\/wp-json\/wp\/v2\/pages\/575\" data-token=\"50899a1fef15029fd4a27e8bf24bf101\" data-token-time=\"1776772888\"><noscript class=\"wpforms-error-noscript\">Bitte aktiviere JavaScript in deinem Browser, um dieses Formular fertigzustellen.<\/noscript><div class=\"wpforms-hidden\" id=\"wpforms-error-noscript\">Bitte aktiviere JavaScript in deinem Browser, um dieses Formular fertigzustellen.<\/div><div class=\"wpforms-field-container\"><div id=\"wpforms-492-field_0-container\" class=\"wpforms-field wpforms-field-name\" data-field-id=\"0\"><label class=\"wpforms-field-label\" for=\"wpforms-492-field_0\">Nom <span class=\"wpforms-required-label\" aria-hidden=\"true\">*<\/span><\/label><input type=\"text\" id=\"wpforms-492-field_0\" class=\"wpforms-field-medium wpforms-field-required\" name=\"wpforms[fields][0]\" aria-errormessage=\"wpforms-492-field_0-error\" required><\/div><div id=\"wpforms-492-field_1-container\" class=\"wpforms-field wpforms-field-email\" data-field-id=\"1\"><label class=\"wpforms-field-label\" for=\"wpforms-492-field_1\">E-mail <span class=\"wpforms-required-label\" aria-hidden=\"true\">*<\/span><\/label><input type=\"email\" id=\"wpforms-492-field_1\" class=\"wpforms-field-medium wpforms-field-required\" name=\"wpforms[fields][1]\" spellcheck=\"false\" aria-errormessage=\"wpforms-492-field_1-error\" required><\/div><div id=\"wpforms-492-field_2-container\" class=\"wpforms-field wpforms-field-textarea\" data-field-id=\"2\"><label class=\"wpforms-field-label\" for=\"wpforms-492-field_2\">Message <span class=\"wpforms-required-label\" aria-hidden=\"true\">*<\/span><\/label><textarea id=\"wpforms-492-field_2\" class=\"wpforms-field-medium wpforms-field-required\" name=\"wpforms[fields][2]\" aria-errormessage=\"wpforms-492-field_2-error\" required><\/textarea><\/div><\/div><!-- .wpforms-field-container --><div class=\"wpforms-submit-container\" ><input type=\"hidden\" name=\"wpforms[id]\" value=\"492\"><input type=\"hidden\" name=\"page_title\" value=\"\"><input type=\"hidden\" name=\"page_url\" value=\"https:\/\/us-gc.net\/de\/wp-json\/wp\/v2\/pages\/575\"><input type=\"hidden\" name=\"url_referer\" value=\"\"><button type=\"submit\" name=\"wpforms[submit]\" id=\"wpforms-submit-492\" class=\"wpforms-submit\" data-alt-text=\"Envoi...\" data-submit-text=\"Envoyer\" aria-live=\"assertive\" value=\"wpforms-submit\">Envoyer<\/button><img decoding=\"async\" src=\"https:\/\/us-gc.net\/wp-content\/plugins\/wpforms\/assets\/images\/submit-spin.svg\" class=\"wpforms-submit-spinner\" style=\"display: none;\" width=\"26\" height=\"26\" alt=\"Wird geladen\"><\/div><\/form><\/div>  <!-- .wpforms-container -->","protected":false},"excerpt":{"rendered":"<p>Formular, um uns zu kontaktieren Wir sind eine private Online-Nachrichtenseite. Unsere einzige Aufgabe ist es, die Internetnutzer \u00fcber den Stellenmarkt in den Vereinigten Staaten zu informieren. Wir bieten auf unserer Website keine kommerziellen Dienstleistungen an. Wir sind in keiner Weise mit der US-Regierung oder einer anderen Regierung verbunden. Wir sind nicht in der Lage, einen [&hellip;]<\/p>\n","protected":false},"author":1,"featured_media":0,"parent":0,"menu_order":0,"comment_status":"closed","ping_status":"closed","template":"","meta":{"footnotes":""},"class_list":["post-575","page","type-page","status-publish","hentry"],"yoast_head":"<!-- This site is optimized with the Yoast SEO plugin v27.4 - https:\/\/yoast.com\/product\/yoast-seo-wordpress\/ -->\n<title>Kontakt - USA GC<\/title>\n<meta name=\"description\" content=\"Kontaktformular auf der Website us-gc.net\" \/>\n<meta name=\"robots\" content=\"noindex, nofollow\" \/>\n<meta property=\"og:locale\" content=\"de_DE\" \/>\n<meta property=\"og:type\" content=\"article\" \/>\n<meta property=\"og:title\" content=\"Kontakt - USA GC\" \/>\n<meta property=\"og:description\" content=\"Kontaktformular auf der Website us-gc.net\" \/>\n<meta property=\"og:url\" content=\"https:\/\/us-gc.net\/de\/contact\/\" \/>\n<meta property=\"og:site_name\" content=\"USA GC\" \/>\n<meta property=\"article:modified_time\" content=\"2025-03-31T10:05:25+00:00\" \/>\n<meta name=\"twitter:card\" content=\"summary_large_image\" \/>\n<script type=\"application\/ld+json\" class=\"yoast-schema-graph\">{\"@context\":\"https:\\\/\\\/schema.org\",\"@graph\":[{\"@type\":\"WebPage\",\"@id\":\"https:\\\/\\\/us-gc.net\\\/de\\\/contact\\\/\",\"url\":\"https:\\\/\\\/us-gc.net\\\/de\\\/contact\\\/\",\"name\":\"Kontakt - USA GC\",\"isPartOf\":{\"@id\":\"https:\\\/\\\/us-gc.net\\\/de\\\/#website\"},\"datePublished\":\"2024-02-05T09:01:51+00:00\",\"dateModified\":\"2025-03-31T10:05:25+00:00\",\"description\":\"Kontaktformular auf der Website us-gc.net\",\"breadcrumb\":{\"@id\":\"https:\\\/\\\/us-gc.net\\\/de\\\/contact\\\/#breadcrumb\"},\"inLanguage\":\"de\",\"potentialAction\":[{\"@type\":\"ReadAction\",\"target\":[\"https:\\\/\\\/us-gc.net\\\/de\\\/contact\\\/\"]}]},{\"@type\":\"BreadcrumbList\",\"@id\":\"https:\\\/\\\/us-gc.net\\\/de\\\/contact\\\/#breadcrumb\",\"itemListElement\":[{\"@type\":\"ListItem\",\"position\":1,\"name\":\"Accueil\",\"item\":\"https:\\\/\\\/us-gc.net\\\/de\\\/green-card\\\/\"},{\"@type\":\"ListItem\",\"position\":2,\"name\":\"Kontakt\"}]},{\"@type\":\"WebSite\",\"@id\":\"https:\\\/\\\/us-gc.net\\\/de\\\/#website\",\"url\":\"https:\\\/\\\/us-gc.net\\\/de\\\/\",\"name\":\"USA GC\",\"description\":\"\",\"potentialAction\":[{\"@type\":\"SearchAction\",\"target\":{\"@type\":\"EntryPoint\",\"urlTemplate\":\"https:\\\/\\\/us-gc.net\\\/de\\\/?s={search_term_string}\"},\"query-input\":{\"@type\":\"PropertyValueSpecification\",\"valueRequired\":true,\"valueName\":\"search_term_string\"}}],\"inLanguage\":\"de\"}]}<\/script>\n<!-- \/ Yoast SEO plugin. -->","yoast_head_json":{"title":"Kontakt - USA GC","description":"Kontaktformular auf der Website us-gc.net","robots":{"index":"noindex","follow":"nofollow"},"og_locale":"de_DE","og_type":"article","og_title":"Kontakt - USA GC","og_description":"Kontaktformular auf der Website us-gc.net","og_url":"https:\/\/us-gc.net\/de\/contact\/","og_site_name":"USA GC","article_modified_time":"2025-03-31T10:05:25+00:00","twitter_card":"summary_large_image","schema":{"@context":"https:\/\/schema.org","@graph":[{"@type":"WebPage","@id":"https:\/\/us-gc.net\/de\/contact\/","url":"https:\/\/us-gc.net\/de\/contact\/","name":"Kontakt - USA GC","isPartOf":{"@id":"https:\/\/us-gc.net\/de\/#website"},"datePublished":"2024-02-05T09:01:51+00:00","dateModified":"2025-03-31T10:05:25+00:00","description":"Kontaktformular auf der Website us-gc.net","breadcrumb":{"@id":"https:\/\/us-gc.net\/de\/contact\/#breadcrumb"},"inLanguage":"de","potentialAction":[{"@type":"ReadAction","target":["https:\/\/us-gc.net\/de\/contact\/"]}]},{"@type":"BreadcrumbList","@id":"https:\/\/us-gc.net\/de\/contact\/#breadcrumb","itemListElement":[{"@type":"ListItem","position":1,"name":"Accueil","item":"https:\/\/us-gc.net\/de\/green-card\/"},{"@type":"ListItem","position":2,"name":"Kontakt"}]},{"@type":"WebSite","@id":"https:\/\/us-gc.net\/de\/#website","url":"https:\/\/us-gc.net\/de\/","name":"USA GC","description":"","potentialAction":[{"@type":"SearchAction","target":{"@type":"EntryPoint","urlTemplate":"https:\/\/us-gc.net\/de\/?s={search_term_string}"},"query-input":{"@type":"PropertyValueSpecification","valueRequired":true,"valueName":"search_term_string"}}],"inLanguage":"de"}]}},"_links":{"self":[{"href":"https:\/\/us-gc.net\/de\/wp-json\/wp\/v2\/pages\/575","targetHints":{"allow":["GET"]}}],"collection":[{"href":"https:\/\/us-gc.net\/de\/wp-json\/wp\/v2\/pages"}],"about":[{"href":"https:\/\/us-gc.net\/de\/wp-json\/wp\/v2\/types\/page"}],"author":[{"embeddable":true,"href":"https:\/\/us-gc.net\/de\/wp-json\/wp\/v2\/users\/1"}],"replies":[{"embeddable":true,"href":"https:\/\/us-gc.net\/de\/wp-json\/wp\/v2\/comments?post=575"}],"version-history":[{"count":2,"href":"https:\/\/us-gc.net\/de\/wp-json\/wp\/v2\/pages\/575\/revisions"}],"predecessor-version":[{"id":8513,"href":"https:\/\/us-gc.net\/de\/wp-json\/wp\/v2\/pages\/575\/revisions\/8513"}],"wp:attachment":[{"href":"https:\/\/us-gc.net\/de\/wp-json\/wp\/v2\/media?parent=575"}],"curies":[{"name":"wp","href":"https:\/\/api.w.org\/{rel}","templated":true}]}}