{"id":436,"date":"2024-02-01T08:19:27","date_gmt":"2024-02-01T08:19:27","guid":{"rendered":"https:\/\/green-card-usa.net\/lotterie-formular-green-card\/"},"modified":"2025-03-31T10:05:52","modified_gmt":"2025-03-31T10:05:52","slug":"lotterie-formular-green-card","status":"publish","type":"page","link":"https:\/\/us-gc.net\/de\/lotterie-formular-green-card\/","title":{"rendered":"Online-Anmeldeformular f\u00fcr die Green Card-Lotterie"},"content":{"rendered":"\t\t<div data-elementor-type=\"wp-page\" data-elementor-id=\"436\" class=\"elementor elementor-436 elementor-145\" data-elementor-post-type=\"page\">\n\t\t\t\t<div class=\"elementor-element elementor-element-75ef7d8 e-flex e-con-boxed e-con e-parent\" data-id=\"75ef7d8\" data-element_type=\"container\" data-e-type=\"container\">\n\t\t\t\t\t<div class=\"e-con-inner\">\n\t\t\t\t<div class=\"elementor-element elementor-element-3149e08 elementor-widget elementor-widget-heading\" data-id=\"3149e08\" data-element_type=\"widget\" data-e-type=\"widget\" data-widget_type=\"heading.default\">\n\t\t\t\t<div class=\"elementor-widget-container\">\n\t\t\t\t\t<h1 class=\"elementor-heading-title elementor-size-default\">Anmeldeformular f\u00fcr die Green Card-Lotterie<\/h1>\t\t\t\t<\/div>\n\t\t\t\t<\/div>\n\t\t\t\t\t<\/div>\n\t\t\t\t<\/div>\n\t\t<div class=\"elementor-element elementor-element-1c60801 e-flex e-con-boxed e-con e-parent\" data-id=\"1c60801\" data-element_type=\"container\" data-e-type=\"container\">\n\t\t\t\t\t<div class=\"e-con-inner\">\n\t\t\t\t<div class=\"elementor-element elementor-element-2e9ffc9 elementor-widget elementor-widget-text-editor\" data-id=\"2e9ffc9\" data-element_type=\"widget\" data-e-type=\"widget\" data-widget_type=\"text-editor.default\">\n\t\t\t\t<div class=\"elementor-widget-container\">\n\t\t\t\t\t\t\t\t\t<p>Die Anmeldung f\u00fcr die n\u00e4chste Ziehung der Green Card-Lotterie erfolgt vollst\u00e4ndig online im Internet. Das Ausf\u00fcllen des Formulars dauert nur wenige Minuten. Sichern Sie sich schnellstm\u00f6glich Ihre Bewerbung, um die Anmeldefrist nicht zu verpassen.<\/p>\n\t\t\t\t\t\t\t\t<\/div>\n\t\t\t\t<\/div>\n\t\t\t\t\t<\/div>\n\t\t\t\t<\/div>\n\t\t<div class=\"elementor-element elementor-element-9d42428 e-flex e-con-boxed e-con e-parent\" data-id=\"9d42428\" data-element_type=\"container\" data-e-type=\"container\">\n\t\t\t\t\t<div class=\"e-con-inner\">\n\t\t\t\t<div class=\"elementor-element elementor-element-6933e78 elementor-widget elementor-widget-text-editor\" data-id=\"6933e78\" data-element_type=\"widget\" data-e-type=\"widget\" data-widget_type=\"text-editor.default\">\n\t\t\t\t<div class=\"elementor-widget-container\">\n\t\t\t\t\t\t\t\t\t<p>Das Anmeldeformular ist recht schnell ausgef\u00fcllt. Sie m\u00fcssen eine Reihe von pers\u00f6nlichen Informationen ausf\u00fcllen und bestimmte F\u00f6rderbedingungen erf\u00fcllen.<\/p>\n\t\t\t\t\t\t\t\t<\/div>\n\t\t\t\t<\/div>\n\t\t\t\t\t<\/div>\n\t\t\t\t<\/div>\n\t\t<div class=\"elementor-element elementor-element-6306da8 e-flex e-con-boxed e-con e-parent\" data-id=\"6306da8\" data-element_type=\"container\" data-e-type=\"container\">\n\t\t\t\t\t<div class=\"e-con-inner\">\n\t\t\t\t<div class=\"elementor-element elementor-element-b506912 elementor-widget elementor-widget-heading\" data-id=\"b506912\" data-element_type=\"widget\" data-e-type=\"widget\" data-widget_type=\"heading.default\">\n\t\t\t\t<div class=\"elementor-widget-container\">\n\t\t\t\t\t<h2 class=\"elementor-heading-title elementor-size-default\">Wie man das Formular ausf\u00fcllt<\/h2>\t\t\t\t<\/div>\n\t\t\t\t<\/div>\n\t\t\t\t\t<\/div>\n\t\t\t\t<\/div>\n\t\t<div class=\"elementor-element elementor-element-e5c6b45 e-flex e-con-boxed e-con e-parent\" data-id=\"e5c6b45\" data-element_type=\"container\" data-e-type=\"container\">\n\t\t\t\t\t<div class=\"e-con-inner\">\n\t\t\t\t<div class=\"elementor-element elementor-element-e90f36f elementor-widget elementor-widget-text-editor\" data-id=\"e90f36f\" data-element_type=\"widget\" data-e-type=\"widget\" data-widget_type=\"text-editor.default\">\n\t\t\t\t<div class=\"elementor-widget-container\">\n\t\t\t\t\t\t\t\t\t<p>Das Formular wird vollst\u00e4ndig online ausgef\u00fcllt. die Informationen, die zur Best\u00e4tigung der Anmeldung \u00fcbermittelt werden m\u00fcssen son :<\/p>\n<ul>\n<li>Ihr Zivilstand ;<\/li>\n<li>Ihr Wohnort ;<\/li>\n<li>Ihre E-Mail- und Telefonnummern ;<\/li>\n<li>Ihr Bildungsniveau ;<\/li>\n<li>Ihre famili\u00e4re Situation ;<\/li>\n<li>Ihren g\u00fcltigen Reisepass.<\/li>\n<\/ul>\n<div> <\/div>\n<div>Um Ihre Anmeldung f\u00fcr die Green Card-Lotterie abzuschlie\u00dfen, m\u00fcssen Sie ein <span style=\"text-decoration: underline;\"><a href=\"https:\/\/us-gc.net\/de\/green-card-passfoto\/\">Foto f\u00fcr die Green Card<\/a><\/span> Die Green Card darf nicht \u00e4lter als 6 Monate sein und muss in dem vorgeschriebenen Format vorliegen.<\/div>\n\t\t\t\t\t\t\t\t<\/div>\n\t\t\t\t<\/div>\n\t\t\t\t\t<\/div>\n\t\t\t\t<\/div>\n\t\t<div class=\"elementor-element elementor-element-b40a6c1 e-flex e-con-boxed e-con e-parent\" data-id=\"b40a6c1\" data-element_type=\"container\" data-e-type=\"container\">\n\t\t\t\t\t<div class=\"e-con-inner\">\n\t\t\t\t<div class=\"elementor-element elementor-element-844f7e4 elementor-widget elementor-widget-heading\" data-id=\"844f7e4\" data-element_type=\"widget\" data-e-type=\"widget\" data-widget_type=\"heading.default\">\n\t\t\t\t<div class=\"elementor-widget-container\">\n\t\t\t\t\t<h2 class=\"elementor-heading-title elementor-size-default\">Bedingungen f\u00fcr die F\u00f6rderf\u00e4higkeit<\/h2>\t\t\t\t<\/div>\n\t\t\t\t<\/div>\n\t\t\t\t\t<\/div>\n\t\t\t\t<\/div>\n\t\t<div class=\"elementor-element elementor-element-905f167 e-flex e-con-boxed e-con e-parent\" data-id=\"905f167\" data-element_type=\"container\" data-e-type=\"container\">\n\t\t\t\t\t<div class=\"e-con-inner\">\n\t\t\t\t<div class=\"elementor-element elementor-element-a70162a elementor-widget elementor-widget-text-editor\" data-id=\"a70162a\" data-element_type=\"widget\" data-e-type=\"widget\" data-widget_type=\"text-editor.default\">\n\t\t\t\t<div class=\"elementor-widget-container\">\n\t\t\t\t\t\t\t\t\t<p>Die Voraussetzungen f\u00fcr die Teilnahme an der j\u00e4hrlichen amerikanischen Green-Card-Lotterie sind sehr einfach. Sie betrifft vor allem zwei Kriterien, die beachtet werden m\u00fcssen:<\/p>\n<h3>Sie m\u00fcssen Staatsb\u00fcrger eines f\u00f6rderf\u00e4higen Landes sein<\/h3>\n<p>Nicht alle L\u00e4nder sind berechtigt, an der Green Card teilzunehmen. <span style=\"text-decoration: underline;\"><a href=\"https:\/\/us-gc.net\/de\/lotterie-green-card\/\">Green Card-Lotterie<\/a><\/span>. Die USA versuchen, eine gemischte Bev\u00f6lkerung unter den Zuwanderern zu erhalten. Staatsangeh\u00f6rige von L\u00e4ndern, aus denen in den letzten f\u00fcnf Jahren mehr als 50.000 B\u00fcrger in die USA eingewandert sind, k\u00f6nnen nicht versuchen, eine Green Card zu erhalten. <span style=\"text-decoration: underline;\"><a href=\"https:\/\/us-gc.net\/de\/\">Green Card<\/a><\/span>. Die Liste der L\u00e4nder, deren Staatsangeh\u00f6rige nicht teilnehmen d\u00fcrfen, wird jedes Jahr von der USCIS ver\u00f6ffentlicht. Dies ist die Liste der L\u00e4nder, die nicht an der Ziehung der Lotterie teilnehmen d\u00fcrfen. <span style=\"text-decoration: underline;\"><a href=\"https:\/\/us-gc.net\/de\/lotterie-green-card-2025\/\">Green Card Lotterie 2025<\/a><\/span>.<\/p>\n<h3>Sie m\u00fcssen mindestens einen Hochschulabschluss nachweisen.<\/h3>\n<p>Um an der Lotterie teilnehmen zu k\u00f6nnen <span style=\"text-decoration: underline;\"><a href=\"https:\/\/us-gc.net\/de\/lotterie-grune-karte-amerikanische\/\">Green-Card-Lotterie teilnehmen zu k\u00f6nnen.<\/a><\/span> m\u00fcssen Sie mindestens einen akademischen Grad haben. Dieser h\u00f6here Bildungsgrad kann auf zwei Arten begr\u00fcndet werden:<\/p>\n<ul>\n<li>Abitur oder einen gleichwertigen Abschluss erworben haben ;<\/li>\n<li>In den letzten f\u00fcnf Jahren eine Position mit einer Dauer von zwei oder mehr Jahren bekleidet haben, die eine Ausbildung oder Erfahrung von mindestens zwei Jahren erfordert.<\/li>\n<\/ul>\n\t\t\t\t\t\t\t\t<\/div>\n\t\t\t\t<\/div>\n\t\t\t\t\t<\/div>\n\t\t\t\t<\/div>\n\t\t<div class=\"elementor-element elementor-element-6a0528e e-flex e-con-boxed e-con e-parent\" data-id=\"6a0528e\" data-element_type=\"container\" data-e-type=\"container\">\n\t\t\t\t\t<div class=\"e-con-inner\">\n\t\t\t\t<div class=\"elementor-element elementor-element-57b8aba elementor-widget elementor-widget-heading\" data-id=\"57b8aba\" data-element_type=\"widget\" data-e-type=\"widget\" data-widget_type=\"heading.default\">\n\t\t\t\t<div class=\"elementor-widget-container\">\n\t\t\t\t\t<h2 class=\"elementor-heading-title elementor-size-default\">Ergebnisse der Green Card-Lotterie<\/h2>\t\t\t\t<\/div>\n\t\t\t\t<\/div>\n\t\t\t\t\t<\/div>\n\t\t\t\t<\/div>\n\t\t<div class=\"elementor-element elementor-element-5bfb210 e-flex e-con-boxed e-con e-parent\" data-id=\"5bfb210\" data-element_type=\"container\" data-e-type=\"container\">\n\t\t\t\t\t<div class=\"e-con-inner\">\n\t\t\t\t<div class=\"elementor-element elementor-element-2e3ef98 elementor-widget elementor-widget-text-editor\" data-id=\"2e3ef98\" data-element_type=\"widget\" data-e-type=\"widget\" data-widget_type=\"text-editor.default\">\n\t\t\t\t<div class=\"elementor-widget-container\">\n\t\t\t\t\t\t\t\t\t<p>Die <span style=\"text-decoration: underline;\"><a href=\"https:\/\/us-gc.net\/de\/lotterie-ergebnisse-green-card\/\">Ergebnisse der Green Card-Lotterie<\/a><\/span> werden jedes Jahr online ver\u00f6ffentlicht. F\u00fcr alle Bewerber, die bei der Lotterieauslosung gewinnen, beginnt der Prozess zur Erlangung der Green Card. Dieser Prozess dauert mehrere Monate. Der letzte Schritt ist ein Gespr\u00e4ch \u00fcber die Green Card. <span style=\"text-decoration: underline;\"><a href=\"https:\/\/us-gc.net\/de\/green-card-interview\/\">Interview, um die Green Card zu erhalten<\/a><\/span>. Dieses Gespr\u00e4ch findet mit einem USCIS-Beamten statt und dient dazu, den Prozess abzuschlie\u00dfen.<\/p>\n\t\t\t\t\t\t\t\t<\/div>\n\t\t\t\t<\/div>\n\t\t\t\t\t<\/div>\n\t\t\t\t<\/div>\n\t\t\t\t<\/div>\n\t\t","protected":false},"excerpt":{"rendered":"<p>Anmeldeformular f\u00fcr die Green Card-Lotterie Die Anmeldung f\u00fcr die n\u00e4chste Ziehung der Green Card-Lotterie erfolgt vollst\u00e4ndig online im Internet. Das Ausf\u00fcllen des Formulars dauert nur wenige Minuten. Sichern Sie sich schnellstm\u00f6glich Ihre Bewerbung, um die Anmeldefrist nicht zu verpassen. Das Anmeldeformular ist recht schnell ausgef\u00fcllt. Sie m\u00fcssen eine Reihe von pers\u00f6nlichen Informationen ausf\u00fcllen und bestimmte [&hellip;]<\/p>\n","protected":false},"author":1,"featured_media":0,"parent":0,"menu_order":0,"comment_status":"closed","ping_status":"closed","template":"","meta":{"footnotes":""},"class_list":["post-436","page","type-page","status-publish","hentry"],"yoast_head":"<!-- This site is optimized with the Yoast SEO plugin v27.4 - https:\/\/yoast.com\/product\/yoast-seo-wordpress\/ -->\n<title>Online-Anmeldeformular f\u00fcr die Green Card-Lotterie - USA GC<\/title>\n<meta name=\"description\" content=\"Melden Sie sich direkt online an, um an der n\u00e4chsten Verlosung der amerikanischen Green Card Lotterie teilzunehmen.\" \/>\n<meta name=\"robots\" content=\"index, follow, max-snippet:-1, max-image-preview:large, max-video-preview:-1\" \/>\n<link rel=\"canonical\" href=\"https:\/\/us-gc.net\/de\/lotterie-formular-green-card\/\" \/>\n<meta property=\"og:locale\" content=\"de_DE\" \/>\n<meta property=\"og:type\" content=\"article\" \/>\n<meta property=\"og:title\" content=\"Online-Anmeldeformular f\u00fcr die Green Card-Lotterie - USA GC\" \/>\n<meta property=\"og:description\" content=\"Melden Sie sich direkt online an, um an der n\u00e4chsten Verlosung der amerikanischen Green Card Lotterie teilzunehmen.\" \/>\n<meta property=\"og:url\" content=\"https:\/\/us-gc.net\/de\/lotterie-formular-green-card\/\" \/>\n<meta property=\"og:site_name\" content=\"USA GC\" \/>\n<meta property=\"article:modified_time\" content=\"2025-03-31T10:05:52+00:00\" \/>\n<meta name=\"twitter:card\" content=\"summary_large_image\" \/>\n<meta name=\"twitter:label1\" content=\"Gesch\u00e4tzte Lesezeit\" \/>\n\t<meta name=\"twitter:data1\" content=\"2\u00a0Minuten\" \/>\n<script type=\"application\/ld+json\" class=\"yoast-schema-graph\">{\"@context\":\"https:\\\/\\\/schema.org\",\"@graph\":[{\"@type\":\"WebPage\",\"@id\":\"https:\\\/\\\/us-gc.net\\\/de\\\/lotterie-formular-green-card\\\/\",\"url\":\"https:\\\/\\\/us-gc.net\\\/de\\\/lotterie-formular-green-card\\\/\",\"name\":\"Online-Anmeldeformular f\u00fcr die Green Card-Lotterie - USA GC\",\"isPartOf\":{\"@id\":\"https:\\\/\\\/us-gc.net\\\/de\\\/#website\"},\"datePublished\":\"2024-02-01T08:19:27+00:00\",\"dateModified\":\"2025-03-31T10:05:52+00:00\",\"description\":\"Melden Sie sich direkt online an, um an der n\u00e4chsten Verlosung der amerikanischen Green Card Lotterie teilzunehmen.\",\"breadcrumb\":{\"@id\":\"https:\\\/\\\/us-gc.net\\\/de\\\/lotterie-formular-green-card\\\/#breadcrumb\"},\"inLanguage\":\"de\",\"potentialAction\":[{\"@type\":\"ReadAction\",\"target\":[\"https:\\\/\\\/us-gc.net\\\/de\\\/lotterie-formular-green-card\\\/\"]}]},{\"@type\":\"BreadcrumbList\",\"@id\":\"https:\\\/\\\/us-gc.net\\\/de\\\/lotterie-formular-green-card\\\/#breadcrumb\",\"itemListElement\":[{\"@type\":\"ListItem\",\"position\":1,\"name\":\"Accueil\",\"item\":\"https:\\\/\\\/us-gc.net\\\/de\\\/green-card\\\/\"},{\"@type\":\"ListItem\",\"position\":2,\"name\":\"Online-Anmeldeformular f\u00fcr die Green Card-Lotterie\"}]},{\"@type\":\"WebSite\",\"@id\":\"https:\\\/\\\/us-gc.net\\\/de\\\/#website\",\"url\":\"https:\\\/\\\/us-gc.net\\\/de\\\/\",\"name\":\"USA GC\",\"description\":\"\",\"potentialAction\":[{\"@type\":\"SearchAction\",\"target\":{\"@type\":\"EntryPoint\",\"urlTemplate\":\"https:\\\/\\\/us-gc.net\\\/de\\\/?s={search_term_string}\"},\"query-input\":{\"@type\":\"PropertyValueSpecification\",\"valueRequired\":true,\"valueName\":\"search_term_string\"}}],\"inLanguage\":\"de\"}]}<\/script>\n<!-- \/ Yoast SEO plugin. -->","yoast_head_json":{"title":"Online-Anmeldeformular f\u00fcr die Green Card-Lotterie - USA GC","description":"Melden Sie sich direkt online an, um an der n\u00e4chsten Verlosung der amerikanischen Green Card Lotterie teilzunehmen.","robots":{"index":"index","follow":"follow","max-snippet":"max-snippet:-1","max-image-preview":"max-image-preview:large","max-video-preview":"max-video-preview:-1"},"canonical":"https:\/\/us-gc.net\/de\/lotterie-formular-green-card\/","og_locale":"de_DE","og_type":"article","og_title":"Online-Anmeldeformular f\u00fcr die Green Card-Lotterie - USA GC","og_description":"Melden Sie sich direkt online an, um an der n\u00e4chsten Verlosung der amerikanischen Green Card Lotterie teilzunehmen.","og_url":"https:\/\/us-gc.net\/de\/lotterie-formular-green-card\/","og_site_name":"USA GC","article_modified_time":"2025-03-31T10:05:52+00:00","twitter_card":"summary_large_image","twitter_misc":{"Gesch\u00e4tzte Lesezeit":"2\u00a0Minuten"},"schema":{"@context":"https:\/\/schema.org","@graph":[{"@type":"WebPage","@id":"https:\/\/us-gc.net\/de\/lotterie-formular-green-card\/","url":"https:\/\/us-gc.net\/de\/lotterie-formular-green-card\/","name":"Online-Anmeldeformular f\u00fcr die Green Card-Lotterie - USA GC","isPartOf":{"@id":"https:\/\/us-gc.net\/de\/#website"},"datePublished":"2024-02-01T08:19:27+00:00","dateModified":"2025-03-31T10:05:52+00:00","description":"Melden Sie sich direkt online an, um an der n\u00e4chsten Verlosung der amerikanischen Green Card Lotterie teilzunehmen.","breadcrumb":{"@id":"https:\/\/us-gc.net\/de\/lotterie-formular-green-card\/#breadcrumb"},"inLanguage":"de","potentialAction":[{"@type":"ReadAction","target":["https:\/\/us-gc.net\/de\/lotterie-formular-green-card\/"]}]},{"@type":"BreadcrumbList","@id":"https:\/\/us-gc.net\/de\/lotterie-formular-green-card\/#breadcrumb","itemListElement":[{"@type":"ListItem","position":1,"name":"Accueil","item":"https:\/\/us-gc.net\/de\/green-card\/"},{"@type":"ListItem","position":2,"name":"Online-Anmeldeformular f\u00fcr die Green Card-Lotterie"}]},{"@type":"WebSite","@id":"https:\/\/us-gc.net\/de\/#website","url":"https:\/\/us-gc.net\/de\/","name":"USA GC","description":"","potentialAction":[{"@type":"SearchAction","target":{"@type":"EntryPoint","urlTemplate":"https:\/\/us-gc.net\/de\/?s={search_term_string}"},"query-input":{"@type":"PropertyValueSpecification","valueRequired":true,"valueName":"search_term_string"}}],"inLanguage":"de"}]}},"_links":{"self":[{"href":"https:\/\/us-gc.net\/de\/wp-json\/wp\/v2\/pages\/436","targetHints":{"allow":["GET"]}}],"collection":[{"href":"https:\/\/us-gc.net\/de\/wp-json\/wp\/v2\/pages"}],"about":[{"href":"https:\/\/us-gc.net\/de\/wp-json\/wp\/v2\/types\/page"}],"author":[{"embeddable":true,"href":"https:\/\/us-gc.net\/de\/wp-json\/wp\/v2\/users\/1"}],"replies":[{"embeddable":true,"href":"https:\/\/us-gc.net\/de\/wp-json\/wp\/v2\/comments?post=436"}],"version-history":[{"count":4,"href":"https:\/\/us-gc.net\/de\/wp-json\/wp\/v2\/pages\/436\/revisions"}],"predecessor-version":[{"id":10074,"href":"https:\/\/us-gc.net\/de\/wp-json\/wp\/v2\/pages\/436\/revisions\/10074"}],"wp:attachment":[{"href":"https:\/\/us-gc.net\/de\/wp-json\/wp\/v2\/media?parent=436"}],"curies":[{"name":"wp","href":"https:\/\/api.w.org\/{rel}","templated":true}]}}