{"id":393,"date":"2024-01-30T17:24:00","date_gmt":"2024-01-30T17:24:00","guid":{"rendered":"https:\/\/green-card-usa.net\/green-card\/"},"modified":"2024-12-30T09:40:07","modified_gmt":"2024-12-30T09:40:07","slug":"green-card","status":"publish","type":"page","link":"https:\/\/us-gc.net\/de\/","title":{"rendered":"Green Card USA | Daueraufenthaltskarte"},"content":{"rendered":"\n<h1 class=\"wp-block-heading\" id=\"h-la-green-card-pour-resider-aux-etats-unis\">Die Green Card f\u00fcr den Aufenthalt in den USA<\/h1>\n\n<p>Die Vereinigten Staaten von Amerika sind das begehrteste Land der Welt f\u00fcr ausl\u00e4ndische Staatsangeh\u00f6rige, die einwandern m\u00f6chten. Die Green Card ist f\u00fcr viele Ausl\u00e4nder eine M\u00f6glichkeit, das Recht zu erhalten, in den USA leben und arbeiten zu k\u00f6nnen.<\/p>\n\n<h2 class=\"wp-block-heading\" id=\"h-qu-est-ce-que-la-green-card\">Was ist die Green Card?<\/h2>\n\n<p>Die Green Card ist eine Daueraufenthaltskarte f\u00fcr die USA. Sie erm\u00f6glicht es ausl\u00e4ndischen Staatsangeh\u00f6rigen, dauerhaft in den USA zu leben und zu arbeiten. Die Bedingungen f\u00fcr den Erhalt einer Green Card h\u00e4ngen vom Grund des Antrags ab.<\/p>\n\n<h2 class=\"wp-block-heading\" id=\"h-quelle-est-son-utilite\">Welchen Nutzen hat sie?<\/h2>\n\n<p>Der Nutzen der Green Card liegt in dem Zugang, den sie zum amerikanischen Staatsgebiet und seinem gro\u00dfen Arbeitsmarkt bietet. Hunderttausende von Bewerbern hoffen jedes Jahr, eine Green Card zu erhalten, um in den Vereinigten Staaten arbeiten zu k\u00f6nnen.<\/p>\n\n<h2 class=\"wp-block-heading\" id=\"h-comment-obtenir-une-green-card\">Wie erh\u00e4lt man eine Green Card?<\/h2>\n\n<p>Es gibt mehrere M\u00f6glichkeiten, eine Green Card zu erhalten. Das Verfahren zur Erlangung h\u00e4ngt von dem Grund ab, aus dem der Bewerber eine US-Residenzkarte beantragt. Dies sind die vier Hauptgr\u00fcnde f\u00fcr den Erhalt einer Green Card:<\/p>\n\n<ul class=\"wp-block-list\">\n<li>Die <a href=\"https:\/\/us-gc.net\/de\/green-card-fur-beschaftigung\/\">besch\u00e4ftigungsbasierte Green Card<\/a><\/li>\n\n\n\n<li><a href=\"https:\/\/us-gc.net\/de\/green-card-durch-heirat\/\">Green Card durch Heirat<\/a><\/li>\n\n\n\n<li>Die <a href=\"https:\/\/us-gc.net\/de\/green-card-sponsern\/\">Green Card durch Sponsoring<\/a> eines Familienmitglieds oder eines Unternehmens<\/li>\n\n\n\n<li>Die Teilnahme an der <a href=\"https:\/\/us-gc.net\/de\/lotterie-green-card\/\">Green Card-Lotterie<\/a><\/li>\n<\/ul>\n\n<div style=\"height:10px\" aria-hidden=\"true\" class=\"wp-block-spacer\"><\/div>\n\n<p>Jedes Verfahren unterscheidet sich in Bezug auf die Dokumentation und die Bedingungen, die erf\u00fcllt werden m\u00fcssen, um die Green Card zu erhalten.  <\/p>\n\n<h2 class=\"wp-block-heading\" id=\"h-quand-effectuer-la-demande-d-une-green-card\">Wann sollte man eine Green Card beantragen?<\/h2>\n\n<p>Je nach Art der beantragten Green Card muss zwischen zwei Situationen unterschieden werden.  <\/p>\n\n<ol class=\"wp-block-list\">\n<li>Alle Green-Card-Antr\u00e4ge k\u00f6nnen zu jeder Zeit des Jahres gestellt werden, unabh\u00e4ngig davon, ob sie auf einem Arbeitsverh\u00e4ltnis, einer Sponsorenschaft oder einer Heirat beruhen. Der Prozess der Aktenpr\u00fcfung setzt ein, sobald der Antrag vollst\u00e4ndig ist.<\/li>\n\n\n\n<li>Die <a href=\"https:\/\/us-gc.net\/de\/lotterie-grune-karte-amerikanische\/\">amerikanische Greencard-Lotterie<\/a> findet nur einmal im Jahr statt. Die Verlosung, die am Ende des Jahres 2024 stattfindet, betrifft die Vergabe der <a href=\"https:\/\/us-gc.net\/de\/lotterie-green-card-2026\/\">Green Card-Lotterie 2026<\/a>. Die Anmeldung f\u00fcr die Lotterie muss bis sp\u00e4testens zur ersten Woche des Monats November jedes Jahres erfolgen. Im Laufe des Jahres 2024 schlie\u00dft die USCIS den Prozess der Vergabe von Green Cards ab, die w\u00e4hrend der <a href=\"https:\/\/us-gc.net\/de\/green-card-lotterie-2024\/\">Green Card Lotteriekampagne 2024<\/a> gewonnen wurden. Sie setzt auch die Bearbeitung der Ergebnisse der Ziehung fort, die f\u00fcr die <a href=\"https:\/\/us-gc.net\/de\/lotterie-green-card-2025\/\">Green Card-Lotterie 2025<\/a> durchgef\u00fchrt wurde.<\/li>\n<\/ol>\n\n<div style=\"height:10px\" aria-hidden=\"true\" class=\"wp-block-spacer\"><\/div>\n\n<p>In jedem Fall geh\u00f6rt zum Verfahren f\u00fcr eine Green Card ein <a href=\"https:\/\/us-gc.net\/de\/green-card-interview\/\">Green-Card-Interview<\/a> mit einem USCIS-Beamten. Die Bewerberin\/der Bewerber muss die Originale der Belege f\u00fcr den Green-Card-Antrag zum Termin mitbringen.<\/p>\n\n<h2 class=\"wp-block-heading\" id=\"h-comment-renouveler-une-green-card\">Wie verl\u00e4ngere ich eine Green Card?<\/h2>\n\n<p>Um eine Green Card zu verl\u00e4ngern, m\u00fcssen Sie vor Ablauf der aktuellen Karte, in der Regel alle zehn Jahre, ein Formular I-90 bei der USCIS einreichen.<\/p>\n\n<h2 class=\"wp-block-heading\" id=\"h-a-quoi-ressemble-une-green-card\">Wie sieht eine Green Card aus?<\/h2>\n\n<p>Wie der Name schon sagt, ist die Green Card eine Karte mit gr\u00fcner Farbe. Sie sieht aus wie ein Personalausweis mit dem Foto des Inhabers. Dieses <a href=\"https:\/\/us-gc.net\/de\/green-card-passfoto\/\">Foto der Green Card<\/a> hat besondere Abmessungen, wie in der Abbildung unten gezeigt. Sie darf nicht \u00e4lter als 6 Monate sein, wenn sie f\u00fcr die Ausstellung der Green Card vorgelegt wird.<\/p>\n\n<figure class=\"wp-block-image size-full\"><img decoding=\"async\" src=\"https:\/\/us-gc.net\/wp-content\/uploads\/2024\/05\/Green-card-2024-1.jpg\" alt=\"Bild einer im Jahr 2024 g&#xFC;ltigen Green Card\" class=\"wp-image-4848\"\/><figcaption class=\"wp-element-caption\">Bild einer Green Card f\u00fcr die USA<\/figcaption><\/figure>\n\n<h2 class=\"wp-block-heading\" id=\"h-combien-coute-une-green-card\">Wie viel kostet eine Green Card?<\/h2>\n\n<p>Das Verfahren zur Erlangung der Green Card umfasst die Zahlung einer obligatorischen Verwaltungsgeb\u00fchr. Die <a href=\"https:\/\/us-gc.net\/de\/preis-green-card\/\">Kosten f\u00fcr die Green Card<\/a> betragen je nach Art der beantragten Green Card unterschiedliche Betr\u00e4ge.<\/p>\n\n<h2 class=\"wp-block-heading\" id=\"h-peut-on-voyager-avec-une-green-card\">Kann man mit einer Green Card reisen?<\/h2>\n\n<p>Inhaber einer Green Card k\u00f6nnen in einige L\u00e4nder der Welt mit denselben Erleichterungen reisen wie der Inhaber eines US-amerikanischen Passes. Diese M\u00f6glichkeit, <a href=\"https:\/\/us-gc.net\/de\/reisen-ausland-mit-der-green-card\/\">mit einer Green Card zu reisen<\/a>, gilt nur f\u00fcr bestimmte L\u00e4nder, die ein spezielles Abkommen mit den Vereinigten Staaten geschlossen haben. Die wichtigsten Partnerl\u00e4nder sind geografische Nachbarl\u00e4nder, wie z. B. Kanada und Mexiko.<\/p>\n","protected":false},"excerpt":{"rendered":"<p>Die Green Card f\u00fcr den Aufenthalt in den USA Die Vereinigten Staaten von Amerika sind das begehrteste Land der Welt f\u00fcr ausl\u00e4ndische Staatsangeh\u00f6rige, die einwandern m\u00f6chten. Die Green Card ist f\u00fcr viele Ausl\u00e4nder eine M\u00f6glichkeit, das Recht zu erhalten, in den USA leben und arbeiten zu k\u00f6nnen. Was ist die Green Card? Die Green Card [&hellip;]<\/p>\n","protected":false},"author":1,"featured_media":0,"parent":0,"menu_order":0,"comment_status":"closed","ping_status":"closed","template":"","meta":{"footnotes":""},"class_list":["post-393","page","type-page","status-publish","hentry"],"yoast_head":"<!-- This site is optimized with the Yoast SEO plugin v27.4 - https:\/\/yoast.com\/product\/yoast-seo-wordpress\/ -->\n<title>Green Card USA | Daueraufenthaltskarte - USA GC<\/title>\n<meta name=\"description\" content=\"Die Green Card ist die Karte f\u00fcr einen dauerhaften Aufenthalt in den Vereinigten Staaten. Sie kann auf verschiedene Weise erlangt werden, um in den USA zu leben und zu arbeiten\" \/>\n<meta name=\"robots\" content=\"index, follow, max-snippet:-1, max-image-preview:large, max-video-preview:-1\" \/>\n<link rel=\"canonical\" href=\"https:\/\/us-gc.net\/de\/\" \/>\n<meta property=\"og:locale\" content=\"de_DE\" \/>\n<meta property=\"og:type\" content=\"article\" \/>\n<meta property=\"og:title\" content=\"Green Card USA | Daueraufenthaltskarte - USA GC\" \/>\n<meta property=\"og:description\" content=\"Die Green Card ist die Karte f\u00fcr einen dauerhaften Aufenthalt in den Vereinigten Staaten. Sie kann auf verschiedene Weise erlangt werden, um in den USA zu leben und zu arbeiten\" \/>\n<meta property=\"og:url\" content=\"https:\/\/us-gc.net\/de\/\" \/>\n<meta property=\"og:site_name\" content=\"USA GC\" \/>\n<meta property=\"article:modified_time\" content=\"2024-12-30T09:40:07+00:00\" \/>\n<meta property=\"og:image\" content=\"https:\/\/us-gc.net\/wp-content\/uploads\/2024\/05\/Green-card-2024-1.jpg\" \/>\n<meta name=\"twitter:card\" content=\"summary_large_image\" \/>\n<meta name=\"twitter:label1\" content=\"Gesch\u00e4tzte Lesezeit\" \/>\n\t<meta name=\"twitter:data1\" content=\"3\u00a0Minuten\" \/>\n<script type=\"application\/ld+json\" class=\"yoast-schema-graph\">{\"@context\":\"https:\\\/\\\/schema.org\",\"@graph\":[{\"@type\":\"WebPage\",\"@id\":\"https:\\\/\\\/us-gc.net\\\/de\\\/\",\"url\":\"https:\\\/\\\/us-gc.net\\\/de\\\/\",\"name\":\"Green Card USA | Daueraufenthaltskarte - USA GC\",\"isPartOf\":{\"@id\":\"https:\\\/\\\/us-gc.net\\\/de\\\/#website\"},\"primaryImageOfPage\":{\"@id\":\"https:\\\/\\\/us-gc.net\\\/de\\\/#primaryimage\"},\"image\":{\"@id\":\"https:\\\/\\\/us-gc.net\\\/de\\\/#primaryimage\"},\"thumbnailUrl\":\"https:\\\/\\\/us-gc.net\\\/wp-content\\\/uploads\\\/2024\\\/05\\\/Green-card-2024-1.jpg\",\"datePublished\":\"2024-01-30T17:24:00+00:00\",\"dateModified\":\"2024-12-30T09:40:07+00:00\",\"description\":\"Die Green Card ist die Karte f\u00fcr einen dauerhaften Aufenthalt in den Vereinigten Staaten. Sie kann auf verschiedene Weise erlangt werden, um in den USA zu leben und zu arbeiten\",\"breadcrumb\":{\"@id\":\"https:\\\/\\\/us-gc.net\\\/de\\\/#breadcrumb\"},\"inLanguage\":\"de\",\"potentialAction\":[{\"@type\":\"ReadAction\",\"target\":[\"https:\\\/\\\/us-gc.net\\\/de\\\/\"]}]},{\"@type\":\"ImageObject\",\"inLanguage\":\"de\",\"@id\":\"https:\\\/\\\/us-gc.net\\\/de\\\/#primaryimage\",\"url\":\"https:\\\/\\\/us-gc.net\\\/wp-content\\\/uploads\\\/2024\\\/05\\\/Green-card-2024-1.jpg\",\"contentUrl\":\"https:\\\/\\\/us-gc.net\\\/wp-content\\\/uploads\\\/2024\\\/05\\\/Green-card-2024-1.jpg\"},{\"@type\":\"BreadcrumbList\",\"@id\":\"https:\\\/\\\/us-gc.net\\\/de\\\/#breadcrumb\",\"itemListElement\":[{\"@type\":\"ListItem\",\"position\":1,\"name\":\"Accueil\",\"item\":\"https:\\\/\\\/us-gc.net\\\/de\\\/green-card\\\/\"},{\"@type\":\"ListItem\",\"position\":2,\"name\":\"Green Card USA | Daueraufenthaltskarte\"}]},{\"@type\":\"WebSite\",\"@id\":\"https:\\\/\\\/us-gc.net\\\/de\\\/#website\",\"url\":\"https:\\\/\\\/us-gc.net\\\/de\\\/\",\"name\":\"USA GC\",\"description\":\"\",\"potentialAction\":[{\"@type\":\"SearchAction\",\"target\":{\"@type\":\"EntryPoint\",\"urlTemplate\":\"https:\\\/\\\/us-gc.net\\\/de\\\/?s={search_term_string}\"},\"query-input\":{\"@type\":\"PropertyValueSpecification\",\"valueRequired\":true,\"valueName\":\"search_term_string\"}}],\"inLanguage\":\"de\"}]}<\/script>\n<!-- \/ Yoast SEO plugin. -->","yoast_head_json":{"title":"Green Card USA | Daueraufenthaltskarte - USA GC","description":"Die Green Card ist die Karte f\u00fcr einen dauerhaften Aufenthalt in den Vereinigten Staaten. Sie kann auf verschiedene Weise erlangt werden, um in den USA zu leben und zu arbeiten","robots":{"index":"index","follow":"follow","max-snippet":"max-snippet:-1","max-image-preview":"max-image-preview:large","max-video-preview":"max-video-preview:-1"},"canonical":"https:\/\/us-gc.net\/de\/","og_locale":"de_DE","og_type":"article","og_title":"Green Card USA | Daueraufenthaltskarte - USA GC","og_description":"Die Green Card ist die Karte f\u00fcr einen dauerhaften Aufenthalt in den Vereinigten Staaten. Sie kann auf verschiedene Weise erlangt werden, um in den USA zu leben und zu arbeiten","og_url":"https:\/\/us-gc.net\/de\/","og_site_name":"USA GC","article_modified_time":"2024-12-30T09:40:07+00:00","og_image":[{"url":"https:\/\/us-gc.net\/wp-content\/uploads\/2024\/05\/Green-card-2024-1.jpg","type":"","width":"","height":""}],"twitter_card":"summary_large_image","twitter_misc":{"Gesch\u00e4tzte Lesezeit":"3\u00a0Minuten"},"schema":{"@context":"https:\/\/schema.org","@graph":[{"@type":"WebPage","@id":"https:\/\/us-gc.net\/de\/","url":"https:\/\/us-gc.net\/de\/","name":"Green Card USA | Daueraufenthaltskarte - USA GC","isPartOf":{"@id":"https:\/\/us-gc.net\/de\/#website"},"primaryImageOfPage":{"@id":"https:\/\/us-gc.net\/de\/#primaryimage"},"image":{"@id":"https:\/\/us-gc.net\/de\/#primaryimage"},"thumbnailUrl":"https:\/\/us-gc.net\/wp-content\/uploads\/2024\/05\/Green-card-2024-1.jpg","datePublished":"2024-01-30T17:24:00+00:00","dateModified":"2024-12-30T09:40:07+00:00","description":"Die Green Card ist die Karte f\u00fcr einen dauerhaften Aufenthalt in den Vereinigten Staaten. Sie kann auf verschiedene Weise erlangt werden, um in den USA zu leben und zu arbeiten","breadcrumb":{"@id":"https:\/\/us-gc.net\/de\/#breadcrumb"},"inLanguage":"de","potentialAction":[{"@type":"ReadAction","target":["https:\/\/us-gc.net\/de\/"]}]},{"@type":"ImageObject","inLanguage":"de","@id":"https:\/\/us-gc.net\/de\/#primaryimage","url":"https:\/\/us-gc.net\/wp-content\/uploads\/2024\/05\/Green-card-2024-1.jpg","contentUrl":"https:\/\/us-gc.net\/wp-content\/uploads\/2024\/05\/Green-card-2024-1.jpg"},{"@type":"BreadcrumbList","@id":"https:\/\/us-gc.net\/de\/#breadcrumb","itemListElement":[{"@type":"ListItem","position":1,"name":"Accueil","item":"https:\/\/us-gc.net\/de\/green-card\/"},{"@type":"ListItem","position":2,"name":"Green Card USA | Daueraufenthaltskarte"}]},{"@type":"WebSite","@id":"https:\/\/us-gc.net\/de\/#website","url":"https:\/\/us-gc.net\/de\/","name":"USA GC","description":"","potentialAction":[{"@type":"SearchAction","target":{"@type":"EntryPoint","urlTemplate":"https:\/\/us-gc.net\/de\/?s={search_term_string}"},"query-input":{"@type":"PropertyValueSpecification","valueRequired":true,"valueName":"search_term_string"}}],"inLanguage":"de"}]}},"_links":{"self":[{"href":"https:\/\/us-gc.net\/de\/wp-json\/wp\/v2\/pages\/393","targetHints":{"allow":["GET"]}}],"collection":[{"href":"https:\/\/us-gc.net\/de\/wp-json\/wp\/v2\/pages"}],"about":[{"href":"https:\/\/us-gc.net\/de\/wp-json\/wp\/v2\/types\/page"}],"author":[{"embeddable":true,"href":"https:\/\/us-gc.net\/de\/wp-json\/wp\/v2\/users\/1"}],"replies":[{"embeddable":true,"href":"https:\/\/us-gc.net\/de\/wp-json\/wp\/v2\/comments?post=393"}],"version-history":[{"count":1,"href":"https:\/\/us-gc.net\/de\/wp-json\/wp\/v2\/pages\/393\/revisions"}],"predecessor-version":[{"id":7695,"href":"https:\/\/us-gc.net\/de\/wp-json\/wp\/v2\/pages\/393\/revisions\/7695"}],"wp:attachment":[{"href":"https:\/\/us-gc.net\/de\/wp-json\/wp\/v2\/media?parent=393"}],"curies":[{"name":"wp","href":"https:\/\/api.w.org\/{rel}","templated":true}]}}