{"id":2226,"date":"2024-02-13T09:26:58","date_gmt":"2024-02-13T09:26:58","guid":{"rendered":"https:\/\/green-card-usa.net\/diversity-visa-program\/"},"modified":"2024-12-30T09:40:50","modified_gmt":"2024-12-30T09:40:50","slug":"diversity-visa-program","status":"publish","type":"page","link":"https:\/\/us-gc.net\/de\/diversity-visa-program\/","title":{"rendered":"Das amerikanische Diversity Visa Program"},"content":{"rendered":"\n<h1 class=\"wp-block-heading\" id=\"h-le-diversity-visa-program-des-etats-unis\">Das Diversity Visa Program der Vereinigten Staaten  <\/h1>\n\n<h2 class=\"wp-block-heading\" id=\"h-qu-est-ce-que-le-diversity-visa-program\">Was ist das Diversity Visa Program?<\/h2>\n\n<p>Das Diversity Visa Program ist eine Initiative der US-Regierung, die darauf ausgelegt ist, die amerikanische Einwandererbev\u00f6lkerung zu diversifizieren. Jedes Jahr werden in den USA mehr als 50.000 Visa an Personen aus L\u00e4ndern mit niedrigen Einwanderungsraten vergeben. Das DV Program ist auch als <a href=\"https:\/\/us-gc.net\/de\/lotterie-grune-karte-amerikanische\/\">Green Card Lotterie<\/a> bekannt.<\/p>\n\n<h2 class=\"wp-block-heading\" id=\"h-comment-fonctionne-t-il\">Wie funktioniert er?<\/h2>\n\n<p>Die Teilnahme am Diversity Visa Program unterliegt einem zuf\u00e4lligen Auswahlverfahren. Bewerber m\u00fcssen jedes Jahr bis Ende Oktober eine <a href=\"https:\/\/us-gc.net\/de\/lotterie-formular-green-card\/\">Online-Bewerbung<\/a> einreichen. Zu den Zulassungskriterien geh\u00f6ren der Besitz eines Sekundarschulabschlusses oder eines gleichwertigen Abschlusses oder zwei Jahre Berufserfahrung in einem Bereich, der mindestens zwei Jahre Ausbildung oder Erfahrung in den letzten f\u00fcnf Jahren erfordert.<\/p>\n\n<h2 class=\"wp-block-heading\" id=\"h-qui-peut-en-beneficier\">Wer kann davon profitieren?<\/h2>\n\n<p>Staatsangeh\u00f6rige von L\u00e4ndern mit niedrigen Einwanderungsraten in die USA kommen in Frage. Jedes Jahr ver\u00f6ffentlicht das US-Au\u00dfenministerium eine Liste der <a href=\"https:\/\/us-gc.net\/de\/greencard-lotterie-fur-nicht-teilnehmende-lander\/\">L\u00e4nder, deren Staatsangeh\u00f6rige nicht teilnehmen d\u00fcrfen<\/a>. Personen aus L\u00e4ndern mit einer hohen Einwanderungsrate in die USA sind ausgeschlossen. Sie k\u00f6nnen unsere Statistiken auf unseren speziellen Seiten einsehen:<\/p>\n\n<ul class=\"wp-block-list\">\n<li><a href=\"https:\/\/us-gc.net\/de\/lotterie-green-card-europa\/\">Green Card f\u00fcr EU-B\u00fcrger<\/a><\/li>\n\n\n\n<li><a href=\"https:\/\/us-gc.net\/de\/lotterie-green-card-lander-afrika\/\">Green Card f\u00fcr afrikanische B\u00fcrger<\/a><\/li>\n\n\n\n<li><a href=\"https:\/\/us-gc.net\/de\/greencard-lotterieland-asien\/\">Green Card f\u00fcr asiatische B\u00fcrger<\/a><\/li>\n<\/ul>\n\n<div style=\"height:10px\" aria-hidden=\"true\" class=\"wp-block-spacer\"><\/div>\n\n<h2 class=\"wp-block-heading\" id=\"h-qu-apporte-le-programme\">Was bringt das Programm?<\/h2>\n\n<p>Das Diversity Visa Program bietet eine einzigartige M\u00f6glichkeit, einen dauerhaften Wohnsitz in den USA zu erhalten. Es \u00f6ffnet den Weg zu Besch\u00e4ftigung, Bildung und der M\u00f6glichkeit, nach f\u00fcnf Jahren die US-Staatsb\u00fcrgerschaft zu erlangen. Es ist eine Chance f\u00fcr die Empf\u00e4nger, den amerikanischen Traum zu erleben und zur kulturellen Vielfalt der Vereinigten Staaten beizutragen.<\/p>\n\n<h2 class=\"wp-block-heading\" id=\"h-qu-est-ce-que-la-loterie-du-dv\">Was ist die DV-Lotterie?<\/h2>\n\n<p>Die <a href=\"https:\/\/us-gc.net\/de\/lotterie-green-card\/\">Green-Card-Lotterie<\/a> des DV ist das Auswahlverfahren, das im Mittelpunkt des Diversity Visa Program steht. Die Anmeldung erfolgt \u00fcber ein <a href=\"https:\/\/us-gc.net\/de\/lotterie-formular-green-card\/\">Online-Formular<\/a> im letzten Quartal eines jeden Jahres. Die <a href=\"https:\/\/us-gc.net\/de\/lotterie-ergebnisse-green-card\/\">Ergebnisse der Lotterie<\/a> werden 6 Monate sp\u00e4ter ver\u00f6ffentlicht. Die Gewinner werden nach dem Zufallsprinzip unter allen berechtigten Teilnehmern ausgew\u00e4hlt. Dieser Prozess stellt sicher, dass alle Teilnehmerinnen und Teilnehmer die gleiche Chance haben zu gewinnen, unabh\u00e4ngig von ihrem sozialen, wirtschaftlichen oder Bildungsstatus.<\/p>\n\n<p><\/p>\n","protected":false},"excerpt":{"rendered":"<p>Das Diversity Visa Program der Vereinigten Staaten Was ist das Diversity Visa Program? Das Diversity Visa Program ist eine Initiative der US-Regierung, die darauf ausgelegt ist, die amerikanische Einwandererbev\u00f6lkerung zu diversifizieren. Jedes Jahr werden in den USA mehr als 50.000 Visa an Personen aus L\u00e4ndern mit niedrigen Einwanderungsraten vergeben. Das DV Program ist auch als [&hellip;]<\/p>\n","protected":false},"author":1,"featured_media":0,"parent":0,"menu_order":0,"comment_status":"closed","ping_status":"closed","template":"","meta":{"footnotes":""},"class_list":["post-2226","page","type-page","status-publish","hentry"],"yoast_head":"<!-- This site is optimized with the Yoast SEO plugin v27.4 - https:\/\/yoast.com\/product\/yoast-seo-wordpress\/ -->\n<title>Das amerikanische Diversity Visa Program - USA GC<\/title>\n<meta name=\"robots\" content=\"index, follow, max-snippet:-1, max-image-preview:large, max-video-preview:-1\" \/>\n<link rel=\"canonical\" href=\"https:\/\/us-gc.net\/de\/diversity-visa-program\/\" \/>\n<meta property=\"og:locale\" content=\"de_DE\" \/>\n<meta property=\"og:type\" content=\"article\" \/>\n<meta property=\"og:title\" content=\"Das amerikanische Diversity Visa Program - USA GC\" \/>\n<meta property=\"og:description\" content=\"Das Diversity Visa Program der Vereinigten Staaten Was ist das Diversity Visa Program? Das Diversity Visa Program ist eine Initiative der US-Regierung, die darauf ausgelegt ist, die amerikanische Einwandererbev\u00f6lkerung zu diversifizieren. Jedes Jahr werden in den USA mehr als 50.000 Visa an Personen aus L\u00e4ndern mit niedrigen Einwanderungsraten vergeben. Das DV Program ist auch als [&hellip;]\" \/>\n<meta property=\"og:url\" content=\"https:\/\/us-gc.net\/de\/diversity-visa-program\/\" \/>\n<meta property=\"og:site_name\" content=\"USA GC\" \/>\n<meta property=\"article:modified_time\" content=\"2024-12-30T09:40:50+00:00\" \/>\n<meta name=\"twitter:card\" content=\"summary_large_image\" \/>\n<meta name=\"twitter:label1\" content=\"Gesch\u00e4tzte Lesezeit\" \/>\n\t<meta name=\"twitter:data1\" content=\"2\u00a0Minuten\" \/>\n<script type=\"application\/ld+json\" class=\"yoast-schema-graph\">{\"@context\":\"https:\\\/\\\/schema.org\",\"@graph\":[{\"@type\":\"WebPage\",\"@id\":\"https:\\\/\\\/us-gc.net\\\/de\\\/diversity-visa-program\\\/\",\"url\":\"https:\\\/\\\/us-gc.net\\\/de\\\/diversity-visa-program\\\/\",\"name\":\"Das amerikanische Diversity Visa Program - USA GC\",\"isPartOf\":{\"@id\":\"https:\\\/\\\/us-gc.net\\\/de\\\/#website\"},\"datePublished\":\"2024-02-13T09:26:58+00:00\",\"dateModified\":\"2024-12-30T09:40:50+00:00\",\"breadcrumb\":{\"@id\":\"https:\\\/\\\/us-gc.net\\\/de\\\/diversity-visa-program\\\/#breadcrumb\"},\"inLanguage\":\"de\",\"potentialAction\":[{\"@type\":\"ReadAction\",\"target\":[\"https:\\\/\\\/us-gc.net\\\/de\\\/diversity-visa-program\\\/\"]}]},{\"@type\":\"BreadcrumbList\",\"@id\":\"https:\\\/\\\/us-gc.net\\\/de\\\/diversity-visa-program\\\/#breadcrumb\",\"itemListElement\":[{\"@type\":\"ListItem\",\"position\":1,\"name\":\"Accueil\",\"item\":\"https:\\\/\\\/us-gc.net\\\/de\\\/green-card\\\/\"},{\"@type\":\"ListItem\",\"position\":2,\"name\":\"Das amerikanische Diversity Visa Program\"}]},{\"@type\":\"WebSite\",\"@id\":\"https:\\\/\\\/us-gc.net\\\/de\\\/#website\",\"url\":\"https:\\\/\\\/us-gc.net\\\/de\\\/\",\"name\":\"USA GC\",\"description\":\"\",\"potentialAction\":[{\"@type\":\"SearchAction\",\"target\":{\"@type\":\"EntryPoint\",\"urlTemplate\":\"https:\\\/\\\/us-gc.net\\\/de\\\/?s={search_term_string}\"},\"query-input\":{\"@type\":\"PropertyValueSpecification\",\"valueRequired\":true,\"valueName\":\"search_term_string\"}}],\"inLanguage\":\"de\"}]}<\/script>\n<!-- \/ Yoast SEO plugin. -->","yoast_head_json":{"title":"Das amerikanische Diversity Visa Program - USA GC","robots":{"index":"index","follow":"follow","max-snippet":"max-snippet:-1","max-image-preview":"max-image-preview:large","max-video-preview":"max-video-preview:-1"},"canonical":"https:\/\/us-gc.net\/de\/diversity-visa-program\/","og_locale":"de_DE","og_type":"article","og_title":"Das amerikanische Diversity Visa Program - USA GC","og_description":"Das Diversity Visa Program der Vereinigten Staaten Was ist das Diversity Visa Program? Das Diversity Visa Program ist eine Initiative der US-Regierung, die darauf ausgelegt ist, die amerikanische Einwandererbev\u00f6lkerung zu diversifizieren. Jedes Jahr werden in den USA mehr als 50.000 Visa an Personen aus L\u00e4ndern mit niedrigen Einwanderungsraten vergeben. Das DV Program ist auch als [&hellip;]","og_url":"https:\/\/us-gc.net\/de\/diversity-visa-program\/","og_site_name":"USA GC","article_modified_time":"2024-12-30T09:40:50+00:00","twitter_card":"summary_large_image","twitter_misc":{"Gesch\u00e4tzte Lesezeit":"2\u00a0Minuten"},"schema":{"@context":"https:\/\/schema.org","@graph":[{"@type":"WebPage","@id":"https:\/\/us-gc.net\/de\/diversity-visa-program\/","url":"https:\/\/us-gc.net\/de\/diversity-visa-program\/","name":"Das amerikanische Diversity Visa Program - USA GC","isPartOf":{"@id":"https:\/\/us-gc.net\/de\/#website"},"datePublished":"2024-02-13T09:26:58+00:00","dateModified":"2024-12-30T09:40:50+00:00","breadcrumb":{"@id":"https:\/\/us-gc.net\/de\/diversity-visa-program\/#breadcrumb"},"inLanguage":"de","potentialAction":[{"@type":"ReadAction","target":["https:\/\/us-gc.net\/de\/diversity-visa-program\/"]}]},{"@type":"BreadcrumbList","@id":"https:\/\/us-gc.net\/de\/diversity-visa-program\/#breadcrumb","itemListElement":[{"@type":"ListItem","position":1,"name":"Accueil","item":"https:\/\/us-gc.net\/de\/green-card\/"},{"@type":"ListItem","position":2,"name":"Das amerikanische Diversity Visa Program"}]},{"@type":"WebSite","@id":"https:\/\/us-gc.net\/de\/#website","url":"https:\/\/us-gc.net\/de\/","name":"USA GC","description":"","potentialAction":[{"@type":"SearchAction","target":{"@type":"EntryPoint","urlTemplate":"https:\/\/us-gc.net\/de\/?s={search_term_string}"},"query-input":{"@type":"PropertyValueSpecification","valueRequired":true,"valueName":"search_term_string"}}],"inLanguage":"de"}]}},"_links":{"self":[{"href":"https:\/\/us-gc.net\/de\/wp-json\/wp\/v2\/pages\/2226","targetHints":{"allow":["GET"]}}],"collection":[{"href":"https:\/\/us-gc.net\/de\/wp-json\/wp\/v2\/pages"}],"about":[{"href":"https:\/\/us-gc.net\/de\/wp-json\/wp\/v2\/types\/page"}],"author":[{"embeddable":true,"href":"https:\/\/us-gc.net\/de\/wp-json\/wp\/v2\/users\/1"}],"replies":[{"embeddable":true,"href":"https:\/\/us-gc.net\/de\/wp-json\/wp\/v2\/comments?post=2226"}],"version-history":[{"count":1,"href":"https:\/\/us-gc.net\/de\/wp-json\/wp\/v2\/pages\/2226\/revisions"}],"predecessor-version":[{"id":7717,"href":"https:\/\/us-gc.net\/de\/wp-json\/wp\/v2\/pages\/2226\/revisions\/7717"}],"wp:attachment":[{"href":"https:\/\/us-gc.net\/de\/wp-json\/wp\/v2\/media?parent=2226"}],"curies":[{"name":"wp","href":"https:\/\/api.w.org\/{rel}","templated":true}]}}