{"id":1513,"date":"2024-02-08T15:57:06","date_gmt":"2024-02-08T15:57:06","guid":{"rendered":"https:\/\/green-card-usa.net\/preis-green-card\/"},"modified":"2025-03-31T11:22:35","modified_gmt":"2025-03-31T11:22:35","slug":"preis-green-card","status":"publish","type":"page","link":"https:\/\/us-gc.net\/de\/preis-green-card\/","title":{"rendered":"Wie hoch ist der Preis f\u00fcr die Green Card"},"content":{"rendered":"\n<h1 class=\"wp-block-heading\" id=\"h-prix-a-payer-pour-obtenir-la-green-card\">Preis, den Sie f\u00fcr die Green Card zahlen m\u00fcssen<\/h1>\n\n<p>Die Geb\u00fchren, die Sie f\u00fcr eine Green Card zahlen m\u00fcssen, h\u00e4ngen von der Art der Green Card und der Situation des Antragstellers ab. In den vier wichtigsten Situationen, in denen eine Green Card beantragt wird, fallen Geb\u00fchren an.<\/p>\n\n<h2 class=\"wp-block-heading\" id=\"h-quels-sont-les-frais-d-une-green-card-obtenue-a-la-loterie\">Wie hoch sind die Geb\u00fchren f\u00fcr eine Green Card, die in einer Lotterie gewonnen wurde?<\/h2>\n\n<p>Bei der <a href=\"https:\/\/us-gc.net\/de\/lotterie-green-card\/\">Green-Card-Lotterie<\/a> k\u00f6nnen \u00fcber 50.000 ausl\u00e4ndische Staatsangeh\u00f6rige das Recht auf eine <a href=\"https:\/\/us-gc.net\/de\/\">Green Card<\/a> gewinnen. Die Teilnahme an der Verlosung ist kostenlos. Allerdings m\u00fcssen die Bewerber eine Diversit\u00e4tsvisumsgeb\u00fchr an die US-Regierung zahlen, um die in der Lotterie gewonnene Green Card zu erhalten.<\/p>\n\n<p>Diese Geb\u00fchren sind nicht r\u00fcckzahlbar und gehen direkt an das US-Au\u00dfenministerium. Die Geb\u00fchren werden zur Deckung der Kosten veranschlagt, die dem Ministerium bei der Verwaltung des DV-Programms entstehen, und sind getrennt von allen Geb\u00fchren, die Sie im Zusammenhang mit Ihrem Visumantrag an die USCIS zahlen m\u00fcssen.<\/p>\n\n<p><strong>Die Geb\u00fchr f\u00fcr ein Diversity-Visum, das in der Green-Card-Lotterie gewonnen wird, betr\u00e4gt 330 US-Dollar<\/strong> pro Person, die sich als ausgew\u00e4hlter Kandidat in der Lotterie bewirbt. Die Zahlung dieser Geb\u00fchren muss erfolgen, bevor die Bearbeitung des von der<a href=\"https:\/\/www.uscis.gov\/\">USCIS<\/a> angenommenen Antrags fortgesetzt werden kann. Der Betrag h\u00e4ngt vom anf\u00e4nglichen Status des Green-Card-Antragstellers ab.<\/p>\n\n<p><strong>Um Ihre Teilnahme an der n\u00e4chsten Jahresziehung zu sichern<\/strong>: Sie m\u00fcssen das <a href=\"https:\/\/us-gc.net\/de\/lotterie-formular-green-card\/\">Anmeldeformular f\u00fcr die Green Card-Lotterie<\/a> ausf\u00fcllen.<\/p>\n\n<div style=\"height:10px\" aria-hidden=\"true\" class=\"wp-block-spacer\"><\/div>\n\n<h2 class=\"wp-block-heading\" id=\"h-quels-sont-les-frais-d-une-green-card-par-rapprochement-familial\">Wie hoch sind die Kosten f\u00fcr eine Green Card durch Familienzusammenf\u00fchrung?<\/h2>\n\n<p>Ein ausl\u00e4ndischer Staatsb\u00fcrger, der dauerhaft in den USA leben m\u00f6chte, ben\u00f6tigt ein Einwanderungsvisum. Er kann dieses Visum erhalten, indem er von einem unmittelbaren Verwandten gesponsert wird, der US-B\u00fcrger ist oder einen rechtm\u00e4\u00dfigen st\u00e4ndigen Wohnsitz in den Vereinigten Staaten hat.<\/p>\n\n<h3 class=\"wp-block-heading\" id=\"h-il-existe-deux-types-de-visas-d-immigrant-familiaux\">Es gibt zwei Arten von Visa f\u00fcr Familienmigranten<\/h3>\n\n<ul class=\"wp-block-list\">\n<li><strong>Von einem unmittelbaren Verwandten kommend<\/strong>: Diese Visa basieren auf einer direkten famili\u00e4ren Beziehung zu einem US-B\u00fcrger, wie einem Ehepartner, einem Kind oder einem Elternteil. Die Zahl der Zuwanderer in diesen Kategorien ist nicht jedes Jahr zahlenm\u00e4\u00dfig begrenzt.<\/li>\n\n\n\n<li><strong>Family Preference<\/strong>: Diese Visa sind f\u00fcr bestimmte, weiter entfernte famili\u00e4re Beziehungen zu einem US-B\u00fcrger und f\u00fcr bestimmte angegebene Beziehungen zu einem rechtm\u00e4\u00dfigen Daueraufenthaltsberechtigten bestimmt. Die Zahl der Zuwanderer in dieser Visumkategorie ist jedes Jahr zahlenm\u00e4\u00dfig begrenzt.<\/li>\n<\/ul>\n\n<div style=\"height:10px\" aria-hidden=\"true\" class=\"wp-block-spacer\"><\/div>\n\n<p>F\u00fcr beide Arten von Visa: <strong>Die Geb\u00fchr betr\u00e4gt 325 US-Dollar pro Person<\/strong>. Diese Kosten sind nicht erstattungsf\u00e4hig.<\/p>\n","protected":false},"excerpt":{"rendered":"<p>Preis, den Sie f\u00fcr die Green Card zahlen m\u00fcssen Die Geb\u00fchren, die Sie f\u00fcr eine Green Card zahlen m\u00fcssen, h\u00e4ngen von der Art der Green Card und der Situation des Antragstellers ab. In den vier wichtigsten Situationen, in denen eine Green Card beantragt wird, fallen Geb\u00fchren an. Wie hoch sind die Geb\u00fchren f\u00fcr eine Green [&hellip;]<\/p>\n","protected":false},"author":1,"featured_media":0,"parent":0,"menu_order":0,"comment_status":"closed","ping_status":"closed","template":"","meta":{"footnotes":""},"class_list":["post-1513","page","type-page","status-publish","hentry"],"yoast_head":"<!-- This site is optimized with the Yoast SEO plugin v27.4 - https:\/\/yoast.com\/product\/yoast-seo-wordpress\/ -->\n<title>Wie hoch ist der Preis f\u00fcr die Green Card - USA GC<\/title>\n<meta name=\"description\" content=\"Welche Geb\u00fchren bei der Beantragung einer US-amerikanischen Green Card anfallen, h\u00e4ngt von den Bedingungen ab, die f\u00fcr den Erhalt gelten.\" \/>\n<meta name=\"robots\" content=\"index, follow, max-snippet:-1, max-image-preview:large, max-video-preview:-1\" \/>\n<link rel=\"canonical\" href=\"https:\/\/us-gc.net\/de\/preis-green-card\/\" \/>\n<meta property=\"og:locale\" content=\"de_DE\" \/>\n<meta property=\"og:type\" content=\"article\" \/>\n<meta property=\"og:title\" content=\"Wie hoch ist der Preis f\u00fcr die Green Card - USA GC\" \/>\n<meta property=\"og:description\" content=\"Welche Geb\u00fchren bei der Beantragung einer US-amerikanischen Green Card anfallen, h\u00e4ngt von den Bedingungen ab, die f\u00fcr den Erhalt gelten.\" \/>\n<meta property=\"og:url\" content=\"https:\/\/us-gc.net\/de\/preis-green-card\/\" \/>\n<meta property=\"og:site_name\" content=\"USA GC\" \/>\n<meta property=\"article:modified_time\" content=\"2025-03-31T11:22:35+00:00\" \/>\n<meta name=\"twitter:card\" content=\"summary_large_image\" \/>\n<meta name=\"twitter:label1\" content=\"Gesch\u00e4tzte Lesezeit\" \/>\n\t<meta name=\"twitter:data1\" content=\"2\u00a0Minuten\" \/>\n<script type=\"application\/ld+json\" class=\"yoast-schema-graph\">{\"@context\":\"https:\\\/\\\/schema.org\",\"@graph\":[{\"@type\":\"WebPage\",\"@id\":\"https:\\\/\\\/us-gc.net\\\/de\\\/preis-green-card\\\/\",\"url\":\"https:\\\/\\\/us-gc.net\\\/de\\\/preis-green-card\\\/\",\"name\":\"Wie hoch ist der Preis f\u00fcr die Green Card - USA GC\",\"isPartOf\":{\"@id\":\"https:\\\/\\\/us-gc.net\\\/de\\\/#website\"},\"datePublished\":\"2024-02-08T15:57:06+00:00\",\"dateModified\":\"2025-03-31T11:22:35+00:00\",\"description\":\"Welche Geb\u00fchren bei der Beantragung einer US-amerikanischen Green Card anfallen, h\u00e4ngt von den Bedingungen ab, die f\u00fcr den Erhalt gelten.\",\"breadcrumb\":{\"@id\":\"https:\\\/\\\/us-gc.net\\\/de\\\/preis-green-card\\\/#breadcrumb\"},\"inLanguage\":\"de\",\"potentialAction\":[{\"@type\":\"ReadAction\",\"target\":[\"https:\\\/\\\/us-gc.net\\\/de\\\/preis-green-card\\\/\"]}]},{\"@type\":\"BreadcrumbList\",\"@id\":\"https:\\\/\\\/us-gc.net\\\/de\\\/preis-green-card\\\/#breadcrumb\",\"itemListElement\":[{\"@type\":\"ListItem\",\"position\":1,\"name\":\"Accueil\",\"item\":\"https:\\\/\\\/us-gc.net\\\/de\\\/green-card\\\/\"},{\"@type\":\"ListItem\",\"position\":2,\"name\":\"Wie hoch ist der Preis f\u00fcr die Green Card\"}]},{\"@type\":\"WebSite\",\"@id\":\"https:\\\/\\\/us-gc.net\\\/de\\\/#website\",\"url\":\"https:\\\/\\\/us-gc.net\\\/de\\\/\",\"name\":\"USA GC\",\"description\":\"\",\"potentialAction\":[{\"@type\":\"SearchAction\",\"target\":{\"@type\":\"EntryPoint\",\"urlTemplate\":\"https:\\\/\\\/us-gc.net\\\/de\\\/?s={search_term_string}\"},\"query-input\":{\"@type\":\"PropertyValueSpecification\",\"valueRequired\":true,\"valueName\":\"search_term_string\"}}],\"inLanguage\":\"de\"}]}<\/script>\n<!-- \/ Yoast SEO plugin. -->","yoast_head_json":{"title":"Wie hoch ist der Preis f\u00fcr die Green Card - USA GC","description":"Welche Geb\u00fchren bei der Beantragung einer US-amerikanischen Green Card anfallen, h\u00e4ngt von den Bedingungen ab, die f\u00fcr den Erhalt gelten.","robots":{"index":"index","follow":"follow","max-snippet":"max-snippet:-1","max-image-preview":"max-image-preview:large","max-video-preview":"max-video-preview:-1"},"canonical":"https:\/\/us-gc.net\/de\/preis-green-card\/","og_locale":"de_DE","og_type":"article","og_title":"Wie hoch ist der Preis f\u00fcr die Green Card - USA GC","og_description":"Welche Geb\u00fchren bei der Beantragung einer US-amerikanischen Green Card anfallen, h\u00e4ngt von den Bedingungen ab, die f\u00fcr den Erhalt gelten.","og_url":"https:\/\/us-gc.net\/de\/preis-green-card\/","og_site_name":"USA GC","article_modified_time":"2025-03-31T11:22:35+00:00","twitter_card":"summary_large_image","twitter_misc":{"Gesch\u00e4tzte Lesezeit":"2\u00a0Minuten"},"schema":{"@context":"https:\/\/schema.org","@graph":[{"@type":"WebPage","@id":"https:\/\/us-gc.net\/de\/preis-green-card\/","url":"https:\/\/us-gc.net\/de\/preis-green-card\/","name":"Wie hoch ist der Preis f\u00fcr die Green Card - USA GC","isPartOf":{"@id":"https:\/\/us-gc.net\/de\/#website"},"datePublished":"2024-02-08T15:57:06+00:00","dateModified":"2025-03-31T11:22:35+00:00","description":"Welche Geb\u00fchren bei der Beantragung einer US-amerikanischen Green Card anfallen, h\u00e4ngt von den Bedingungen ab, die f\u00fcr den Erhalt gelten.","breadcrumb":{"@id":"https:\/\/us-gc.net\/de\/preis-green-card\/#breadcrumb"},"inLanguage":"de","potentialAction":[{"@type":"ReadAction","target":["https:\/\/us-gc.net\/de\/preis-green-card\/"]}]},{"@type":"BreadcrumbList","@id":"https:\/\/us-gc.net\/de\/preis-green-card\/#breadcrumb","itemListElement":[{"@type":"ListItem","position":1,"name":"Accueil","item":"https:\/\/us-gc.net\/de\/green-card\/"},{"@type":"ListItem","position":2,"name":"Wie hoch ist der Preis f\u00fcr die Green Card"}]},{"@type":"WebSite","@id":"https:\/\/us-gc.net\/de\/#website","url":"https:\/\/us-gc.net\/de\/","name":"USA GC","description":"","potentialAction":[{"@type":"SearchAction","target":{"@type":"EntryPoint","urlTemplate":"https:\/\/us-gc.net\/de\/?s={search_term_string}"},"query-input":{"@type":"PropertyValueSpecification","valueRequired":true,"valueName":"search_term_string"}}],"inLanguage":"de"}]}},"_links":{"self":[{"href":"https:\/\/us-gc.net\/de\/wp-json\/wp\/v2\/pages\/1513","targetHints":{"allow":["GET"]}}],"collection":[{"href":"https:\/\/us-gc.net\/de\/wp-json\/wp\/v2\/pages"}],"about":[{"href":"https:\/\/us-gc.net\/de\/wp-json\/wp\/v2\/types\/page"}],"author":[{"embeddable":true,"href":"https:\/\/us-gc.net\/de\/wp-json\/wp\/v2\/users\/1"}],"replies":[{"embeddable":true,"href":"https:\/\/us-gc.net\/de\/wp-json\/wp\/v2\/comments?post=1513"}],"version-history":[{"count":3,"href":"https:\/\/us-gc.net\/de\/wp-json\/wp\/v2\/pages\/1513\/revisions"}],"predecessor-version":[{"id":10137,"href":"https:\/\/us-gc.net\/de\/wp-json\/wp\/v2\/pages\/1513\/revisions\/10137"}],"wp:attachment":[{"href":"https:\/\/us-gc.net\/de\/wp-json\/wp\/v2\/media?parent=1513"}],"curies":[{"name":"wp","href":"https:\/\/api.w.org\/{rel}","templated":true}]}}