{"id":1364,"date":"2024-02-10T08:30:09","date_gmt":"2024-02-10T08:30:09","guid":{"rendered":"https:\/\/green-card-usa.net\/greencard-lotterie-fur-nicht-teilnehmende-lander\/"},"modified":"2024-12-30T09:46:25","modified_gmt":"2024-12-30T09:46:25","slug":"greencard-lotterie-fur-nicht-teilnehmende-lander","status":"publish","type":"page","link":"https:\/\/us-gc.net\/de\/greencard-lotterie-fur-nicht-teilnehmende-lander\/","title":{"rendered":"L\u00e4nder, die nicht an der Green Card-Lotterie teilnehmen d\u00fcrfen"},"content":{"rendered":"\n<h1 class=\"wp-block-heading\" id=\"h-liste-des-pays-non-participants-a-la-loterie-de-la-green-card\">Liste der L\u00e4nder, die nicht an der Green Card-Lotterie teilnehmen<\/h1>\n\n<p>Die USA m\u00f6chten eine gemischte Bev\u00f6lkerung unter den Zuwanderern beibehalten. Das Diversity Visa Program erstellt daher jedes Jahr eine Liste der L\u00e4nder, deren Staatsangeh\u00f6rige nicht an der Green-Card-Lotterie teilnehmen d\u00fcrfen. Diese nicht teilnehmenden L\u00e4nder sind diejenigen, von denen mehr als 50.000 Staatsangeh\u00f6rige in den vergangenen f\u00fcnf Jahren in die USA eingewandert sind k\u00f6nnen nicht an der Jahresauslosung teilnehmen.<\/p>\n\n<h2 class=\"wp-block-heading\" id=\"h-pays-exclus-de-la-loterie-green-card-dv-2024\">L\u00e4nder, die von der Green-Card-Lotterie DV-2024 ausgeschlossen sind<\/h2>\n\n<p>F\u00fcr die j\u00e4hrliche Ziehung der <a href=\"https:\/\/us-gc.net\/de\/green-card-lotterie-2024\/\">Green Card<\/a> Lotterie <a href=\"https:\/\/us-gc.net\/de\/green-card-lotterie-2024\/\">DV-2024<\/a> waren Einheimische aus den folgenden L\u00e4ndern und Regionen nicht teilnahmeberechtigt, da mehr als 50.000 Einheimische aus diesen L\u00e4ndern in den vergangenen f\u00fcnf Jahren in die USA eingewandert sind: Bangladesch, Brasilien, Kanada, China (einschlie\u00dflich Hongkong), Kolumbien, Dominikanische Republik, El Salvador, Haiti, Honduras, Indien, Jamaika, Mexiko, Nigeria, Pakistan, Philippinen, Republik Korea, Vereinigtes K\u00f6nigreich (mit Ausnahme von Nordirland) und seine abh\u00e4ngigen Gebiete, Venezuela und Vietnam.<\/p>\n\n<p><strong>Chinesische Ausnahme<\/strong>: Einheimische in Macau und Taiwan waren wahlberechtigt.<\/p>\n\n<h2 class=\"wp-block-heading\" id=\"h-pays-exclus-de-la-loterie-green-card-dv-2025\">L\u00e4nder, die von der Green-Card-Lotterie DV-2025 ausgeschlossen sind<\/h2>\n\n<p>F\u00fcr die j\u00e4hrliche Ziehung der <a href=\"https:\/\/us-gc.net\/de\/lotterie-green-card-2025\/\">Green Card-Lotterie DV-2025<\/a> sind Staatsangeh\u00f6rige der folgenden L\u00e4nder nicht teilnahmeberechtigt: Bangladesch, Brasilien, Kanada, China (einschlie\u00dflich Hongkong), Kolumbien, Dominikanische Republik, El Salvador, Haiti, Honduras, Indien, Jamaika, Mexiko, Nigeria, Pakistan, Philippinen, Republik Korea, Venezuela und Vietnam.<\/p>\n\n<p><strong>Chinesische Ausnahme<\/strong>: Einheimische in Macau und Taiwan waren wahlberechtigt.<\/p>\n\n<p>Zwischen DV-2024 und DV-2025 wurde nur ein Gebiet von der Liste der ausgeschlossenen L\u00e4nder gestrichen: <strong>Gro\u00dfbritannien<\/strong>. Also konnten sich britische Staatsb\u00fcrger erneut f\u00fcr die <a href=\"https:\/\/us-gc.net\/de\/lotterie-grune-karte-amerikanische\/\">Gr\u00fcne Karte-Lotterie<\/a> in der DV-2025-Auslosung bewerben.<\/p>\n","protected":false},"excerpt":{"rendered":"<p>Liste der L\u00e4nder, die nicht an der Green Card-Lotterie teilnehmen Die USA m\u00f6chten eine gemischte Bev\u00f6lkerung unter den Zuwanderern beibehalten. Das Diversity Visa Program erstellt daher jedes Jahr eine Liste der L\u00e4nder, deren Staatsangeh\u00f6rige nicht an der Green-Card-Lotterie teilnehmen d\u00fcrfen. Diese nicht teilnehmenden L\u00e4nder sind diejenigen, von denen mehr als 50.000 Staatsangeh\u00f6rige in den vergangenen [&hellip;]<\/p>\n","protected":false},"author":1,"featured_media":0,"parent":0,"menu_order":0,"comment_status":"closed","ping_status":"closed","template":"","meta":{"footnotes":""},"class_list":["post-1364","page","type-page","status-publish","hentry"],"yoast_head":"<!-- This site is optimized with the Yoast SEO plugin v27.4 - https:\/\/yoast.com\/product\/yoast-seo-wordpress\/ -->\n<title>L\u00e4nder, die nicht an der Green Card-Lotterie teilnehmen d\u00fcrfen - USA GC<\/title>\n<meta name=\"robots\" content=\"index, follow, max-snippet:-1, max-image-preview:large, max-video-preview:-1\" \/>\n<link rel=\"canonical\" href=\"https:\/\/us-gc.net\/de\/greencard-lotterie-fur-nicht-teilnehmende-lander\/\" \/>\n<meta property=\"og:locale\" content=\"de_DE\" \/>\n<meta property=\"og:type\" content=\"article\" \/>\n<meta property=\"og:title\" content=\"L\u00e4nder, die nicht an der Green Card-Lotterie teilnehmen d\u00fcrfen - USA GC\" \/>\n<meta property=\"og:description\" content=\"Liste der L\u00e4nder, die nicht an der Green Card-Lotterie teilnehmen Die USA m\u00f6chten eine gemischte Bev\u00f6lkerung unter den Zuwanderern beibehalten. Das Diversity Visa Program erstellt daher jedes Jahr eine Liste der L\u00e4nder, deren Staatsangeh\u00f6rige nicht an der Green-Card-Lotterie teilnehmen d\u00fcrfen. Diese nicht teilnehmenden L\u00e4nder sind diejenigen, von denen mehr als 50.000 Staatsangeh\u00f6rige in den vergangenen [&hellip;]\" \/>\n<meta property=\"og:url\" content=\"https:\/\/us-gc.net\/de\/greencard-lotterie-fur-nicht-teilnehmende-lander\/\" \/>\n<meta property=\"og:site_name\" content=\"USA GC\" \/>\n<meta property=\"article:modified_time\" content=\"2024-12-30T09:46:25+00:00\" \/>\n<meta name=\"twitter:card\" content=\"summary_large_image\" \/>\n<meta name=\"twitter:label1\" content=\"Gesch\u00e4tzte Lesezeit\" \/>\n\t<meta name=\"twitter:data1\" content=\"1\u00a0Minute\" \/>\n<script type=\"application\/ld+json\" class=\"yoast-schema-graph\">{\"@context\":\"https:\\\/\\\/schema.org\",\"@graph\":[{\"@type\":\"WebPage\",\"@id\":\"https:\\\/\\\/us-gc.net\\\/de\\\/greencard-lotterie-fur-nicht-teilnehmende-lander\\\/\",\"url\":\"https:\\\/\\\/us-gc.net\\\/de\\\/greencard-lotterie-fur-nicht-teilnehmende-lander\\\/\",\"name\":\"L\u00e4nder, die nicht an der Green Card-Lotterie teilnehmen d\u00fcrfen - USA GC\",\"isPartOf\":{\"@id\":\"https:\\\/\\\/us-gc.net\\\/de\\\/#website\"},\"datePublished\":\"2024-02-10T08:30:09+00:00\",\"dateModified\":\"2024-12-30T09:46:25+00:00\",\"breadcrumb\":{\"@id\":\"https:\\\/\\\/us-gc.net\\\/de\\\/greencard-lotterie-fur-nicht-teilnehmende-lander\\\/#breadcrumb\"},\"inLanguage\":\"de\",\"potentialAction\":[{\"@type\":\"ReadAction\",\"target\":[\"https:\\\/\\\/us-gc.net\\\/de\\\/greencard-lotterie-fur-nicht-teilnehmende-lander\\\/\"]}]},{\"@type\":\"BreadcrumbList\",\"@id\":\"https:\\\/\\\/us-gc.net\\\/de\\\/greencard-lotterie-fur-nicht-teilnehmende-lander\\\/#breadcrumb\",\"itemListElement\":[{\"@type\":\"ListItem\",\"position\":1,\"name\":\"Accueil\",\"item\":\"https:\\\/\\\/us-gc.net\\\/de\\\/green-card\\\/\"},{\"@type\":\"ListItem\",\"position\":2,\"name\":\"L\u00e4nder, die nicht an der Green Card-Lotterie teilnehmen d\u00fcrfen\"}]},{\"@type\":\"WebSite\",\"@id\":\"https:\\\/\\\/us-gc.net\\\/de\\\/#website\",\"url\":\"https:\\\/\\\/us-gc.net\\\/de\\\/\",\"name\":\"USA GC\",\"description\":\"\",\"potentialAction\":[{\"@type\":\"SearchAction\",\"target\":{\"@type\":\"EntryPoint\",\"urlTemplate\":\"https:\\\/\\\/us-gc.net\\\/de\\\/?s={search_term_string}\"},\"query-input\":{\"@type\":\"PropertyValueSpecification\",\"valueRequired\":true,\"valueName\":\"search_term_string\"}}],\"inLanguage\":\"de\"}]}<\/script>\n<!-- \/ Yoast SEO plugin. -->","yoast_head_json":{"title":"L\u00e4nder, die nicht an der Green Card-Lotterie teilnehmen d\u00fcrfen - USA GC","robots":{"index":"index","follow":"follow","max-snippet":"max-snippet:-1","max-image-preview":"max-image-preview:large","max-video-preview":"max-video-preview:-1"},"canonical":"https:\/\/us-gc.net\/de\/greencard-lotterie-fur-nicht-teilnehmende-lander\/","og_locale":"de_DE","og_type":"article","og_title":"L\u00e4nder, die nicht an der Green Card-Lotterie teilnehmen d\u00fcrfen - USA GC","og_description":"Liste der L\u00e4nder, die nicht an der Green Card-Lotterie teilnehmen Die USA m\u00f6chten eine gemischte Bev\u00f6lkerung unter den Zuwanderern beibehalten. Das Diversity Visa Program erstellt daher jedes Jahr eine Liste der L\u00e4nder, deren Staatsangeh\u00f6rige nicht an der Green-Card-Lotterie teilnehmen d\u00fcrfen. Diese nicht teilnehmenden L\u00e4nder sind diejenigen, von denen mehr als 50.000 Staatsangeh\u00f6rige in den vergangenen [&hellip;]","og_url":"https:\/\/us-gc.net\/de\/greencard-lotterie-fur-nicht-teilnehmende-lander\/","og_site_name":"USA GC","article_modified_time":"2024-12-30T09:46:25+00:00","twitter_card":"summary_large_image","twitter_misc":{"Gesch\u00e4tzte Lesezeit":"1\u00a0Minute"},"schema":{"@context":"https:\/\/schema.org","@graph":[{"@type":"WebPage","@id":"https:\/\/us-gc.net\/de\/greencard-lotterie-fur-nicht-teilnehmende-lander\/","url":"https:\/\/us-gc.net\/de\/greencard-lotterie-fur-nicht-teilnehmende-lander\/","name":"L\u00e4nder, die nicht an der Green Card-Lotterie teilnehmen d\u00fcrfen - USA GC","isPartOf":{"@id":"https:\/\/us-gc.net\/de\/#website"},"datePublished":"2024-02-10T08:30:09+00:00","dateModified":"2024-12-30T09:46:25+00:00","breadcrumb":{"@id":"https:\/\/us-gc.net\/de\/greencard-lotterie-fur-nicht-teilnehmende-lander\/#breadcrumb"},"inLanguage":"de","potentialAction":[{"@type":"ReadAction","target":["https:\/\/us-gc.net\/de\/greencard-lotterie-fur-nicht-teilnehmende-lander\/"]}]},{"@type":"BreadcrumbList","@id":"https:\/\/us-gc.net\/de\/greencard-lotterie-fur-nicht-teilnehmende-lander\/#breadcrumb","itemListElement":[{"@type":"ListItem","position":1,"name":"Accueil","item":"https:\/\/us-gc.net\/de\/green-card\/"},{"@type":"ListItem","position":2,"name":"L\u00e4nder, die nicht an der Green Card-Lotterie teilnehmen d\u00fcrfen"}]},{"@type":"WebSite","@id":"https:\/\/us-gc.net\/de\/#website","url":"https:\/\/us-gc.net\/de\/","name":"USA GC","description":"","potentialAction":[{"@type":"SearchAction","target":{"@type":"EntryPoint","urlTemplate":"https:\/\/us-gc.net\/de\/?s={search_term_string}"},"query-input":{"@type":"PropertyValueSpecification","valueRequired":true,"valueName":"search_term_string"}}],"inLanguage":"de"}]}},"_links":{"self":[{"href":"https:\/\/us-gc.net\/de\/wp-json\/wp\/v2\/pages\/1364","targetHints":{"allow":["GET"]}}],"collection":[{"href":"https:\/\/us-gc.net\/de\/wp-json\/wp\/v2\/pages"}],"about":[{"href":"https:\/\/us-gc.net\/de\/wp-json\/wp\/v2\/types\/page"}],"author":[{"embeddable":true,"href":"https:\/\/us-gc.net\/de\/wp-json\/wp\/v2\/users\/1"}],"replies":[{"embeddable":true,"href":"https:\/\/us-gc.net\/de\/wp-json\/wp\/v2\/comments?post=1364"}],"version-history":[{"count":1,"href":"https:\/\/us-gc.net\/de\/wp-json\/wp\/v2\/pages\/1364\/revisions"}],"predecessor-version":[{"id":8027,"href":"https:\/\/us-gc.net\/de\/wp-json\/wp\/v2\/pages\/1364\/revisions\/8027"}],"wp:attachment":[{"href":"https:\/\/us-gc.net\/de\/wp-json\/wp\/v2\/media?parent=1364"}],"curies":[{"name":"wp","href":"https:\/\/api.w.org\/{rel}","templated":true}]}}