{"id":1244,"date":"2024-01-31T16:27:17","date_gmt":"2024-01-31T16:27:17","guid":{"rendered":"https:\/\/green-card-usa.net\/green-card-interview\/"},"modified":"2024-12-30T09:41:03","modified_gmt":"2024-12-30T09:41:03","slug":"green-card-interview","status":"publish","type":"page","link":"https:\/\/us-gc.net\/de\/green-card-interview\/","title":{"rendered":"Der Termin, um die Green Card zu erhalten"},"content":{"rendered":"\n<h1 class=\"wp-block-heading\" id=\"h-comment-preparer-l-entretien-pour-la-green-card\">Wie man sich auf das Green-Card-Interview vorbereitet<\/h1>\n\n<h3 class=\"wp-block-heading\" id=\"h-confirmation-du-rendez-vous-pour-passer-l-entretien\">Best\u00e4tigung des Termins, um das Vorstellungsgespr\u00e4ch zu absolvieren<\/h3>\n\n<p>Sobald die US-Beh\u00f6rde das ausgef\u00fcllte Formular DS-260 gepr\u00fcft hat, erh\u00e4lt der Bewerber eine E-Mail, in der er dar\u00fcber informiert wird, dass ein Interviewtermin in der ausgew\u00e4hlten US-Botschaft oder dem Konsulat angesetzt wurde. Der Bewerber muss sich mit seiner Anmeldenummer auf der Website des <a href=\"https:\/\/us-gc.net\/de\/diversity-visa-program\/\">Diversity Visa program<\/a> anmelden. Mit dieser Verbindung kann sie das Datum, die Uhrzeit und den Ort des Interviews best\u00e4tigen.<\/p>\n\n<h3 class=\"wp-block-heading\" id=\"h-preparation-de-l-interview\">Vorbereitung auf das Interview<\/h3>\n\n<p>Die Vorbereitung des Interviews ist entscheidend. Der Bewerber muss vor dem Termin des Vorstellungsgespr\u00e4chs die folgenden wichtigen Schritte unternehmen:<\/p>\n\n<ol class=\"wp-block-list\">\n<li>Sehen Sie sich die Teilnehmerinformationen auf der <a href=\"https:\/\/us-gc.net\/de\/diversity-visa-program\/\">DV-Programm-Website<\/a> an;<\/li>\n\n\n\n<li>Beachten Sie die Wartungsanweisungen der Botschaft, bei der Ihr Interview stattfindet;<\/li>\n\n\n\n<li>Eine medizinische Untersuchung planen und durchf\u00fchren. Sie m\u00fcssen einen Termin mit einem Arzt vereinbaren, der in dem Land, in dem Sie interviewt werden, zugelassen ist. Sie m\u00fcssen Ihre medizinische Untersuchung sowie alle erforderlichen Impfungen vor dem geplanten Termin f\u00fcr Ihr Visainterview absolvieren. Wenn Ihre medizinische Untersuchung abgeschlossen ist, erhalten Sie einen versiegelten Umschlag mit der medizinischen Untersuchung, den Sie zu Ihrem Visuminterview mitbringen m\u00fcssen. Einige \u00c4rzte werden die Ergebnisse der medizinischen Untersuchung direkt an die Botschaft oder das Konsulat schicken.<\/li>\n\n\n\n<li>Sammeln Sie die Fotografien und alle erforderlichen Unterlagen. Jeder Bewerber muss zwei identische <a href=\"https:\/\/us-gc.net\/de\/green-card-passfoto\/\">Fotos f\u00fcr die Green Card<\/a> zum Vorstellungsgespr\u00e4ch mitbringen.<\/li>\n<\/ol>\n\n<div style=\"height:10px\" aria-hidden=\"true\" class=\"wp-block-spacer\"><\/div>\n\n<h3 class=\"wp-block-heading\" id=\"h-documents-a-fournir-lors-de-l-entretien-pour-la-green-card\">Dokumente, die beim Interview f\u00fcr die Green Card vorgelegt werden m\u00fcssen<\/h3>\n\n<p>Bei seinem Vorstellungsgespr\u00e4ch in der <a href=\"https:\/\/www.usembassy.gov\/\">US-Botschaft<\/a> muss der Bewerber Folgendes vorlegen:<\/p>\n\n<ul class=\"wp-block-list\">\n<li>Termininformationen, die \u00fcber das Konto des Teilnehmers auf der <a href=\"https:\/\/us-gc.net\/de\/diversity-visa-program\/\">DV Program<\/a> Website ausgedruckt wurden ;<\/li>\n\n\n\n<li>Die ausgedruckte Best\u00e4tigungsseite des DS-260-Formulars ;<\/li>\n\n\n\n<li>Der Reisepass, der noch sechs Monate \u00fcber das geplante Einreisedatum in die USA hinaus g\u00fcltig ist ;<\/li>\n\n\n\n<li>Originaldokumente oder beglaubigte Kopien von Zivildokumenten, die bei der Validierung des DS-260-Formulars beim Kentucky Consular Center eingereicht wurden.<\/li>\n<\/ul>\n\n<div style=\"height:10px\" aria-hidden=\"true\" class=\"wp-block-spacer\"><\/div>\n\n<h3 class=\"wp-block-heading\" id=\"h-payer-les-frais-de-visa\">Bezahlen Sie die Visageb\u00fchren<\/h3>\n\n<p>Vor dem Gespr\u00e4ch in der Botschaft muss jeder Bewerber die <a href=\"https:\/\/us-gc.net\/de\/preis-green-card\/\">Geb\u00fchren f\u00fcr das Diversity-Visum<\/a> bezahlen. F\u00fcr Bewerber der <a href=\"https:\/\/us-gc.net\/de\/green-card-lotterie-2024\/\">Green Card 2024-Lotterie<\/a>: <strong>Die zu zahlende Geb\u00fchr betr\u00e4gt 330 $ pro Person<\/strong>. Diese Geb\u00fchren sind nicht erstattungsf\u00e4hig, unabh\u00e4ngig vom Ergebnis des Antrags auf ein Visum im Rahmen des Diversity-Programms.<\/p>\n\n<p>Sie m\u00fcssen Vorkehrungen treffen, um Ihre Geb\u00fchren vor dem Datum und der Uhrzeit Ihres Interviews zu bezahlen, indem Sie die Anweisungen der US-Botschaft oder des US-Konsulats befolgen, in der\/dem Sie interviewt werden.<\/p>\n\n<div style=\"height:10px\" aria-hidden=\"true\" class=\"wp-block-spacer\"><\/div>\n\n<h2 class=\"wp-block-heading\" id=\"h-l-entretien-pour-obtenir-la-green-card-peut-il-etre-annule\">Kann das Bewerbungsgespr\u00e4ch f\u00fcr die Green Card abgesagt werden?<\/h2>\n\n<p>Ja, das Interview zur Erlangung der <a href=\"https:\/\/us-gc.net\/de\/\">Green Card<\/a> kann unter bestimmten Umst\u00e4nden abgesagt oder verschoben werden. Hier sind einige Gr\u00fcnde, warum das passieren kann:<\/p>\n\n<ul class=\"wp-block-list\">\n<li><strong>Antrag des Bewerbers auf Verschiebung<\/strong>: Wenn Sie einen Konflikt oder einen Notfall haben, k\u00f6nnen Sie bei der USCIS beantragen, dass Ihr Bewerbungsgespr\u00e4ch verschoben wird. Es ist wichtig, dass Sie einen triftigen Grund angeben und gegebenenfalls Beweise vorlegen;<\/li>\n\n\n\n<li><strong>Ein Verwaltungsproblem<\/strong>: Die USCIS kann ein Interview absagen oder verschieben, wenn Dokumente fehlen, es Probleme mit Ihrer Akte gibt oder der zust\u00e4ndige Beamte nicht verf\u00fcgbar ist;<\/li>\n\n\n\n<li><strong>Wetterbedingungen oder Naturkatastrophen<\/strong>: Unvorhergesehene Ereignisse wie schwere St\u00fcrme oder andere Naturkatastrophen k\u00f6nnen die USCIS dazu zwingen, ihre B\u00fcros zu schlie\u00dfen und geplante Interviews abzusagen ;<\/li>\n\n\n\n<li><strong>Gr\u00fcnde der \u00f6ffentlichen Sicherheit oder Gesundheit<\/strong>: Situationen wie Pandemien k\u00f6nnen dazu f\u00fchren, dass Interviews aus Gr\u00fcnden der \u00f6ffentlichen Sicherheit oder Gesundheit abgesagt werden m\u00fcssen.<\/li>\n<\/ul>\n\n<p>Wenn Ihr Interview abgesagt wird, ist es von gr\u00f6\u00dfter Wichtigkeit, dass Sie Ihre Kontaktdaten mit der USCIS auf dem neuesten Stand halten, um sicherzustellen, dass Sie alle wichtigen Mitteilungen zu Ihrem Fall erhalten.<\/p>\n\n<h2 class=\"wp-block-heading\" id=\"h-peut-on-obtenir-la-green-card-sans-passer-l-interview\">Kann man die Green Card erhalten, ohne das Interview zu bestehen?<\/h2>\n\n<p>Die \u00fcberwiegende Mehrheit der Green-Card-Antragsteller muss sich einem Interview unterziehen. Das Interview erm\u00f6glicht es der USCIS, die im Antrag gemachten Angaben zu \u00fcberpr\u00fcfen, Dokumente zu beglaubigen und sicherzustellen, dass der Antragsteller alle Voraussetzungen erf\u00fcllt, um einen dauerhaften Wohnsitz zu erhalten.  <\/p>\n\n<p>Unter bestimmten besonderen Umst\u00e4nden kann es jedoch vorkommen, dass eine Wartung nicht notwendig ist. Hier sind einige Situationen, in denen dies passieren kann:<\/p>\n\n<ul class=\"wp-block-list\">\n<li><strong>Statusanpassungen f\u00fcr bestimmte Kategorien von Zuwanderern<\/strong>: In einigen F\u00e4llen kann die USCIS f\u00fcr bestimmte Kategorien von Zuwanderern entscheiden, dass ein Interview nicht erforderlich ist, und den Antrag auf Statusanpassung ohne Interview genehmigen. Dies kann bei bestimmten Kategorien von besch\u00e4ftigungsbasierten Visa vorkommen, insbesondere wenn die Unterlagen besonders klar und vollst\u00e4ndig sind;<\/li>\n\n\n\n<li><strong>Befreiung vom Vor stellungsgespr\u00e4ch<\/strong>: In seltenen F\u00e4llen, wenn der Bewerber nachweisen kann, dass eine Reise zum Vorstellungsgespr\u00e4ch extreme oder unn\u00f6tige Schwierigkeiten verursachen w\u00fcrde, k\u00f6nnte die USCIS eine Befreiung vom Vorstellungsgespr\u00e4ch in Betracht ziehen. Diese Situationen sind au\u00dfergew\u00f6hnlich ;<\/li>\n\n\n\n<li><strong>Bisherige Erfahrungen<\/strong>: In Zeiten hoher Nachfrage oder operativer Einschr\u00e4nkungen hat das USCIS seine Praxis gelegentlich angepasst und die Interviews f\u00fcr bestimmte Kategorien von Antragstellern eingeschr\u00e4nkt. Dies war in der Vergangenheit bei einigen Green-Card-Verl\u00e4ngerungen oder Statusanpassungen der Fall, die keine komplexen Fragen aufwarfen, die ein Interview erforderten.<\/li>\n\n\n\n<li><strong>\u00c4nderungen der Richtlinien als Reaktion auf eine Krise<\/strong>: W\u00e4hrend einer Gesundheitskrise wie der COVID-19-Pandemie passte das USCIS seine Richtlinien und Verfahren an. Die Anzahl der erforderlichen Interviews wurde reduziert.<\/li>\n<\/ul>\n\n<div style=\"height:10px\" aria-hidden=\"true\" class=\"wp-block-spacer\"><\/div>\n\n<h2 class=\"wp-block-heading\" id=\"h-combien-de-temps-dure-l-entretien\">Wie lange dauert das Gespr\u00e4ch?<\/h2>\n\n<p>Die Dauer eines Bewerbungsgespr\u00e4chs f\u00fcr eine Green Card kann je nach mehreren Faktoren variieren. In der Regel dauert er zwischen 20 Minuten und einer Stunde. Die Komplexit\u00e4t des Falls, die Fragen, die der Einwanderungsbeamte besprechen m\u00f6chte, und die Anzahl der zu pr\u00fcfenden Dokumente k\u00f6nnen alle die Dauer des Interviews beeinflussen.<\/p>\n\n<p>Es ist ratsam, gut vorbereitet zum Vorstellungsgespr\u00e4ch zu erscheinen und bereit zu sein, alle Fragen vollst\u00e4ndig zu beantworten. Vor und nach dem Gespr\u00e4ch sollte gen\u00fcgend Zeit f\u00fcr eventuelle zus\u00e4tzliche Verwaltungsverfahren vor Ort eingeplant werden.<\/p>\n\n<h2 class=\"wp-block-heading\" id=\"h-combien-de-temps-apres-l-entretien-on-obtient-la-green-card\">Wie lange dauert es nach dem Interview, bis man die Green Card erh\u00e4lt?<\/h2>\n\n<p>In der Regel teilt die USCIS dem Bewerber kurz nach dem Gespr\u00e4ch mit, wie \u00fcber seinen Antrag entschieden wurde. Wenn der Antrag bewilligt wird, kann es einige Wochen dauern, bis die Produktion und der Versand der Green Card abgeschlossen sind. Die USCIS gibt nach der Genehmigung des Antrags oft eine gesch\u00e4tzte Frist f\u00fcr den Erhalt der Karte an.<\/p>\n\n<p>Es ist wichtig, mit der USCIS in Kontakt zu bleiben und den Status des Antrags auf der Website des <a href=\"https:\/\/us-gc.net\/de\/diversity-visa-program\/\">Diversity Visa Program<\/a> zu \u00fcberwachen.<\/p>\n","protected":false},"excerpt":{"rendered":"<p>Wie man sich auf das Green-Card-Interview vorbereitet Best\u00e4tigung des Termins, um das Vorstellungsgespr\u00e4ch zu absolvieren Sobald die US-Beh\u00f6rde das ausgef\u00fcllte Formular DS-260 gepr\u00fcft hat, erh\u00e4lt der Bewerber eine E-Mail, in der er dar\u00fcber informiert wird, dass ein Interviewtermin in der ausgew\u00e4hlten US-Botschaft oder dem Konsulat angesetzt wurde. Der Bewerber muss sich mit seiner Anmeldenummer auf [&hellip;]<\/p>\n","protected":false},"author":1,"featured_media":0,"parent":0,"menu_order":0,"comment_status":"closed","ping_status":"closed","template":"","meta":{"footnotes":""},"class_list":["post-1244","page","type-page","status-publish","hentry"],"yoast_head":"<!-- This site is optimized with the Yoast SEO plugin v27.4 - https:\/\/yoast.com\/product\/yoast-seo-wordpress\/ -->\n<title>Der Termin, um die Green Card zu erhalten - USA GC<\/title>\n<meta name=\"description\" content=\"Wie man ein erfolgreiches Bewerbungsgespr\u00e4ch im Rahmen seiner Green Card f\u00fchrt\" \/>\n<meta name=\"robots\" content=\"index, follow, max-snippet:-1, max-image-preview:large, max-video-preview:-1\" \/>\n<link rel=\"canonical\" href=\"https:\/\/us-gc.net\/de\/green-card-interview\/\" \/>\n<meta property=\"og:locale\" content=\"de_DE\" \/>\n<meta property=\"og:type\" content=\"article\" \/>\n<meta property=\"og:title\" content=\"Der Termin, um die Green Card zu erhalten - USA GC\" \/>\n<meta property=\"og:description\" content=\"Wie man ein erfolgreiches Bewerbungsgespr\u00e4ch im Rahmen seiner Green Card f\u00fchrt\" \/>\n<meta property=\"og:url\" content=\"https:\/\/us-gc.net\/de\/green-card-interview\/\" \/>\n<meta property=\"og:site_name\" content=\"USA GC\" \/>\n<meta property=\"article:modified_time\" content=\"2024-12-30T09:41:03+00:00\" \/>\n<meta name=\"twitter:card\" content=\"summary_large_image\" \/>\n<meta name=\"twitter:label1\" content=\"Gesch\u00e4tzte Lesezeit\" \/>\n\t<meta name=\"twitter:data1\" content=\"5\u00a0Minuten\" \/>\n<script type=\"application\/ld+json\" class=\"yoast-schema-graph\">{\"@context\":\"https:\\\/\\\/schema.org\",\"@graph\":[{\"@type\":\"WebPage\",\"@id\":\"https:\\\/\\\/us-gc.net\\\/de\\\/green-card-interview\\\/\",\"url\":\"https:\\\/\\\/us-gc.net\\\/de\\\/green-card-interview\\\/\",\"name\":\"Der Termin, um die Green Card zu erhalten - USA GC\",\"isPartOf\":{\"@id\":\"https:\\\/\\\/us-gc.net\\\/de\\\/#website\"},\"datePublished\":\"2024-01-31T16:27:17+00:00\",\"dateModified\":\"2024-12-30T09:41:03+00:00\",\"description\":\"Wie man ein erfolgreiches Bewerbungsgespr\u00e4ch im Rahmen seiner Green Card f\u00fchrt\",\"breadcrumb\":{\"@id\":\"https:\\\/\\\/us-gc.net\\\/de\\\/green-card-interview\\\/#breadcrumb\"},\"inLanguage\":\"de\",\"potentialAction\":[{\"@type\":\"ReadAction\",\"target\":[\"https:\\\/\\\/us-gc.net\\\/de\\\/green-card-interview\\\/\"]}]},{\"@type\":\"BreadcrumbList\",\"@id\":\"https:\\\/\\\/us-gc.net\\\/de\\\/green-card-interview\\\/#breadcrumb\",\"itemListElement\":[{\"@type\":\"ListItem\",\"position\":1,\"name\":\"Accueil\",\"item\":\"https:\\\/\\\/us-gc.net\\\/de\\\/green-card\\\/\"},{\"@type\":\"ListItem\",\"position\":2,\"name\":\"Der Termin, um die Green Card zu erhalten\"}]},{\"@type\":\"WebSite\",\"@id\":\"https:\\\/\\\/us-gc.net\\\/de\\\/#website\",\"url\":\"https:\\\/\\\/us-gc.net\\\/de\\\/\",\"name\":\"USA GC\",\"description\":\"\",\"potentialAction\":[{\"@type\":\"SearchAction\",\"target\":{\"@type\":\"EntryPoint\",\"urlTemplate\":\"https:\\\/\\\/us-gc.net\\\/de\\\/?s={search_term_string}\"},\"query-input\":{\"@type\":\"PropertyValueSpecification\",\"valueRequired\":true,\"valueName\":\"search_term_string\"}}],\"inLanguage\":\"de\"}]}<\/script>\n<!-- \/ Yoast SEO plugin. -->","yoast_head_json":{"title":"Der Termin, um die Green Card zu erhalten - USA GC","description":"Wie man ein erfolgreiches Bewerbungsgespr\u00e4ch im Rahmen seiner Green Card f\u00fchrt","robots":{"index":"index","follow":"follow","max-snippet":"max-snippet:-1","max-image-preview":"max-image-preview:large","max-video-preview":"max-video-preview:-1"},"canonical":"https:\/\/us-gc.net\/de\/green-card-interview\/","og_locale":"de_DE","og_type":"article","og_title":"Der Termin, um die Green Card zu erhalten - USA GC","og_description":"Wie man ein erfolgreiches Bewerbungsgespr\u00e4ch im Rahmen seiner Green Card f\u00fchrt","og_url":"https:\/\/us-gc.net\/de\/green-card-interview\/","og_site_name":"USA GC","article_modified_time":"2024-12-30T09:41:03+00:00","twitter_card":"summary_large_image","twitter_misc":{"Gesch\u00e4tzte Lesezeit":"5\u00a0Minuten"},"schema":{"@context":"https:\/\/schema.org","@graph":[{"@type":"WebPage","@id":"https:\/\/us-gc.net\/de\/green-card-interview\/","url":"https:\/\/us-gc.net\/de\/green-card-interview\/","name":"Der Termin, um die Green Card zu erhalten - USA GC","isPartOf":{"@id":"https:\/\/us-gc.net\/de\/#website"},"datePublished":"2024-01-31T16:27:17+00:00","dateModified":"2024-12-30T09:41:03+00:00","description":"Wie man ein erfolgreiches Bewerbungsgespr\u00e4ch im Rahmen seiner Green Card f\u00fchrt","breadcrumb":{"@id":"https:\/\/us-gc.net\/de\/green-card-interview\/#breadcrumb"},"inLanguage":"de","potentialAction":[{"@type":"ReadAction","target":["https:\/\/us-gc.net\/de\/green-card-interview\/"]}]},{"@type":"BreadcrumbList","@id":"https:\/\/us-gc.net\/de\/green-card-interview\/#breadcrumb","itemListElement":[{"@type":"ListItem","position":1,"name":"Accueil","item":"https:\/\/us-gc.net\/de\/green-card\/"},{"@type":"ListItem","position":2,"name":"Der Termin, um die Green Card zu erhalten"}]},{"@type":"WebSite","@id":"https:\/\/us-gc.net\/de\/#website","url":"https:\/\/us-gc.net\/de\/","name":"USA GC","description":"","potentialAction":[{"@type":"SearchAction","target":{"@type":"EntryPoint","urlTemplate":"https:\/\/us-gc.net\/de\/?s={search_term_string}"},"query-input":{"@type":"PropertyValueSpecification","valueRequired":true,"valueName":"search_term_string"}}],"inLanguage":"de"}]}},"_links":{"self":[{"href":"https:\/\/us-gc.net\/de\/wp-json\/wp\/v2\/pages\/1244","targetHints":{"allow":["GET"]}}],"collection":[{"href":"https:\/\/us-gc.net\/de\/wp-json\/wp\/v2\/pages"}],"about":[{"href":"https:\/\/us-gc.net\/de\/wp-json\/wp\/v2\/types\/page"}],"author":[{"embeddable":true,"href":"https:\/\/us-gc.net\/de\/wp-json\/wp\/v2\/users\/1"}],"replies":[{"embeddable":true,"href":"https:\/\/us-gc.net\/de\/wp-json\/wp\/v2\/comments?post=1244"}],"version-history":[{"count":1,"href":"https:\/\/us-gc.net\/de\/wp-json\/wp\/v2\/pages\/1244\/revisions"}],"predecessor-version":[{"id":7739,"href":"https:\/\/us-gc.net\/de\/wp-json\/wp\/v2\/pages\/1244\/revisions\/7739"}],"wp:attachment":[{"href":"https:\/\/us-gc.net\/de\/wp-json\/wp\/v2\/media?parent=1244"}],"curies":[{"name":"wp","href":"https:\/\/api.w.org\/{rel}","templated":true}]}}