{"id":1157,"date":"2024-01-31T16:36:26","date_gmt":"2024-01-31T16:36:26","guid":{"rendered":"https:\/\/green-card-usa.net\/green-card-sponsern\/"},"modified":"2024-12-30T09:46:02","modified_gmt":"2024-12-30T09:46:02","slug":"green-card-sponsern","status":"publish","type":"page","link":"https:\/\/us-gc.net\/de\/green-card-sponsern\/","title":{"rendered":"Patenschaft f\u00fcr einen Green-Card-Kandidaten"},"content":{"rendered":"\n<h1 class=\"wp-block-heading\" id=\"h-obtenir-la-green-card-grace-au-parrainage\">Die Green Card durch Sponsoring erhalten<\/h1>\n\n<p>Eine US-amerikanische Green Card durch einen Sponsor zu erhalten, erm\u00f6glicht es Zuwanderern, einen dauerhaften Wohnsitz in den USA zu bekommen. Im Folgenden werden die wichtigsten Aspekte der Green-Card-Patenschaft und die Pflichten des Sponsors erl\u00e4utert.<\/p>\n\n<h2 class=\"wp-block-heading\" id=\"h-qu-est-ce-que-le-parrainage-de-la-green-card\">Was ist Green Card Sponsoring?<\/h2>\n\n<p>Das Sponsoring der Green Card bezieht sich auf den Akt der Unterst\u00fctzung des Antrags einer Person auf dauerhaften Aufenthalt in den Vereinigten Staaten. Diese Unterst\u00fctzung kann von einem Familienmitglied kommen, das bereits US-B\u00fcrger ist oder eine <a href=\"https:\/\/us-gc.net\/de\/\">Green Card<\/a> besitzt, oder von einem US-amerikanischen Arbeitgeber.<\/p>\n\n<p>Der Sponsor ist eine Art moralischer B\u00fcrge f\u00fcr den Green-Card-Kandidaten.  <\/p>\n\n<h2 class=\"wp-block-heading\" id=\"h-parrainage-familial\">Familienpatenschaft<\/h2>\n\n<h3 class=\"wp-block-heading\" id=\"h-le-titulaire-d-une-green-card-peut-il-parrainer-ses-parents\">Kann der Inhaber einer Green Card seine Eltern sponsern?<\/h3>\n\n<p>Nein, Green-Card-Inhaber k\u00f6nnen ihre Eltern nicht sponsern. Nur US-B\u00fcrger k\u00f6nnen ihre Eltern als unmittelbare Angeh\u00f6rige f\u00fcr eine Green Card sponsern.<\/p>\n\n<h3 class=\"wp-block-heading\" id=\"h-le-titulaire-d-une-green-card-peut-il-parrainer-son-conjoint\">Kann der Inhaber einer Green Card seinen Ehepartner sponsern?<\/h3>\n\n<p>Ja, Green-Card-Inhaber k\u00f6nnen ihren Ehepartner sponsern, um einen dauerhaften Wohnsitz in den USA zu erhalten.<\/p>\n\n<h3 class=\"wp-block-heading\" id=\"h-le-titulaire-d-une-green-card-peut-il-parrainer-ses-freres-et-soeurs\">Kann der Inhaber einer Green Card seine Geschwister sponsern?<\/h3>\n\n<p>Nein, Green-Card-Inhaber k\u00f6nnen ihre Geschwister nicht sponsern. Diese Option ist nur f\u00fcr US-B\u00fcrger verf\u00fcgbar.<\/p>\n\n<h3 class=\"wp-block-heading\" id=\"h-le-titulaire-d-une-green-card-peut-il-parrainer-un-enfant-de-plus-de-21-ans\">Kann der Inhaber einer Green Card ein Kind \u00fcber 21 Jahre sponsern?<\/h3>\n\n<p>Ja, Green-Card-Inhaber k\u00f6nnen ihre unverheirateten Kinder \u00fcber 21 Jahre sponsern, aber sie fallen in eine Vorzugskategorie, was zu l\u00e4ngeren Fristen f\u00fchren kann.<\/p>\n\n<h2 class=\"wp-block-heading\" id=\"h-une-entreprise-peut-elle-sponsoriser-une-green-card\">Kann ein Unternehmen eine Green Card sponsern?<\/h2>\n\n<p>Ja, ein Unternehmen kann einen Mitarbeiter f\u00fcr eine Green Card durch den Prozess der Arbeitszertifizierung oder andere Besch\u00e4ftigungskategorien sponsern.<\/p>\n\n<h2 class=\"wp-block-heading\" id=\"h-les-etapes-pour-obtenir-une-green-card-grace-a-un-sponsor\">Schritte, um eine Green Card durch einen Sponsor zu erhalten<\/h2>\n\n<ol class=\"wp-block-list\">\n<li><strong>Identifikation des Sponsors<\/strong>: Bestimmen Sie, ob Sie f\u00fcr eine <strong>Sponsorschaft<\/strong> durch ein Familienmitglied oder einen Arbeitgeber in Frage kommen.<\/li>\n\n\n\n<li><strong>Einreichen des Formulars I-130<\/strong> f\u00fcr eine Familienpatenschaft. Im Rahmen eines gesponserten Arbeitgebers muss ein Prozess zur Zertifizierung der Arbeit eingeleitet werden.<\/li>\n\n\n\n<li><strong>Warten auf Genehmigung<\/strong>: Die Fristen h\u00e4ngen von der Sponsorenkategorie und der nationalen Herkunft des Antragstellers ab.<\/li>\n\n\n\n<li><strong>Statusanpassung oder konsularischer Prozess<\/strong>: Wenn Sie sich bereits in den USA befinden, k\u00f6nnen Sie Ihren Status anpassen. Andernfalls durchlaufen Sie den konsularischen Prozess in Ihrem Heimatland.<\/li>\n\n\n\n<li><strong>Interview und Genehmigung<\/strong>: Nehmen Sie an einem <a href=\"https:\/\/us-gc.net\/de\/green-card-interview\/\">Interview f\u00fcr die Green Card<\/a> im Konsulat oder bei den <a href=\"https:\/\/www.uscis.gov\/\">USCIS-Teams<\/a> teil, um Ihren Antrag zu genehmigen.<\/li>\n<\/ol>\n\n<h2 class=\"wp-block-heading\" id=\"h-le-sponsor-peut-il-revoquer-la-green-card\">Kann der Sponsor die Green Card widerrufen?<\/h2>\n\n<p>Wenn die Green Card einmal gew\u00e4hrt wurde, kann der Sponsor sie in der Regel nicht mehr widerrufen. Es gibt jedoch Ausnahmen, z. B. wenn die Green Card durch Betrug erlangt wurde.<\/p>\n\n<h2 class=\"wp-block-heading\" id=\"h-faut-il-un-sponsor-pour-participer-a-la-loterie\">Braucht man einen Sponsor, um an der Lotterie teilzunehmen?<\/h2>\n\n<p>Nein, Sie brauchen keinen Sponsor, um an der <a href=\"https:\/\/us-gc.net\/de\/lotterie-green-card\/\">Greencard-Lotterie<\/a> teilzunehmen. Die Anmeldung erfolgt vollst\u00e4ndig online in wenigen Minuten. Um Ihre Teilnahme zu sichern, klicken Sie auf <a href=\"https:\/\/us-gc.net\/de\/lotterie-formular-green-card\/\">Online-Formular<\/a>.<\/p>\n","protected":false},"excerpt":{"rendered":"<p>Die Green Card durch Sponsoring erhalten Eine US-amerikanische Green Card durch einen Sponsor zu erhalten, erm\u00f6glicht es Zuwanderern, einen dauerhaften Wohnsitz in den USA zu bekommen. Im Folgenden werden die wichtigsten Aspekte der Green-Card-Patenschaft und die Pflichten des Sponsors erl\u00e4utert. Was ist Green Card Sponsoring? Das Sponsoring der Green Card bezieht sich auf den Akt [&hellip;]<\/p>\n","protected":false},"author":1,"featured_media":0,"parent":0,"menu_order":0,"comment_status":"closed","ping_status":"closed","template":"","meta":{"footnotes":""},"class_list":["post-1157","page","type-page","status-publish","hentry"],"yoast_head":"<!-- This site is optimized with the Yoast SEO plugin v27.4 - https:\/\/yoast.com\/product\/yoast-seo-wordpress\/ -->\n<title>Patenschaft f\u00fcr einen Green-Card-Kandidaten - USA GC<\/title>\n<meta name=\"description\" content=\"Der Inhaber einer Green Card kann unter bestimmten Umst\u00e4nden einen Green-Card-Bewerber sponsern\" \/>\n<meta name=\"robots\" content=\"index, follow, max-snippet:-1, max-image-preview:large, max-video-preview:-1\" \/>\n<link rel=\"canonical\" href=\"https:\/\/us-gc.net\/de\/green-card-sponsern\/\" \/>\n<meta property=\"og:locale\" content=\"de_DE\" \/>\n<meta property=\"og:type\" content=\"article\" \/>\n<meta property=\"og:title\" content=\"Patenschaft f\u00fcr einen Green-Card-Kandidaten - USA GC\" \/>\n<meta property=\"og:description\" content=\"Der Inhaber einer Green Card kann unter bestimmten Umst\u00e4nden einen Green-Card-Bewerber sponsern\" \/>\n<meta property=\"og:url\" content=\"https:\/\/us-gc.net\/de\/green-card-sponsern\/\" \/>\n<meta property=\"og:site_name\" content=\"USA GC\" \/>\n<meta property=\"article:modified_time\" content=\"2024-12-30T09:46:02+00:00\" \/>\n<meta name=\"twitter:card\" content=\"summary_large_image\" \/>\n<meta name=\"twitter:label1\" content=\"Gesch\u00e4tzte Lesezeit\" \/>\n\t<meta name=\"twitter:data1\" content=\"2\u00a0Minuten\" \/>\n<script type=\"application\/ld+json\" class=\"yoast-schema-graph\">{\"@context\":\"https:\\\/\\\/schema.org\",\"@graph\":[{\"@type\":\"WebPage\",\"@id\":\"https:\\\/\\\/us-gc.net\\\/de\\\/green-card-sponsern\\\/\",\"url\":\"https:\\\/\\\/us-gc.net\\\/de\\\/green-card-sponsern\\\/\",\"name\":\"Patenschaft f\u00fcr einen Green-Card-Kandidaten - USA GC\",\"isPartOf\":{\"@id\":\"https:\\\/\\\/us-gc.net\\\/de\\\/#website\"},\"datePublished\":\"2024-01-31T16:36:26+00:00\",\"dateModified\":\"2024-12-30T09:46:02+00:00\",\"description\":\"Der Inhaber einer Green Card kann unter bestimmten Umst\u00e4nden einen Green-Card-Bewerber sponsern\",\"breadcrumb\":{\"@id\":\"https:\\\/\\\/us-gc.net\\\/de\\\/green-card-sponsern\\\/#breadcrumb\"},\"inLanguage\":\"de\",\"potentialAction\":[{\"@type\":\"ReadAction\",\"target\":[\"https:\\\/\\\/us-gc.net\\\/de\\\/green-card-sponsern\\\/\"]}]},{\"@type\":\"BreadcrumbList\",\"@id\":\"https:\\\/\\\/us-gc.net\\\/de\\\/green-card-sponsern\\\/#breadcrumb\",\"itemListElement\":[{\"@type\":\"ListItem\",\"position\":1,\"name\":\"Accueil\",\"item\":\"https:\\\/\\\/us-gc.net\\\/de\\\/green-card\\\/\"},{\"@type\":\"ListItem\",\"position\":2,\"name\":\"Patenschaft f\u00fcr einen Green-Card-Kandidaten\"}]},{\"@type\":\"WebSite\",\"@id\":\"https:\\\/\\\/us-gc.net\\\/de\\\/#website\",\"url\":\"https:\\\/\\\/us-gc.net\\\/de\\\/\",\"name\":\"USA GC\",\"description\":\"\",\"potentialAction\":[{\"@type\":\"SearchAction\",\"target\":{\"@type\":\"EntryPoint\",\"urlTemplate\":\"https:\\\/\\\/us-gc.net\\\/de\\\/?s={search_term_string}\"},\"query-input\":{\"@type\":\"PropertyValueSpecification\",\"valueRequired\":true,\"valueName\":\"search_term_string\"}}],\"inLanguage\":\"de\"}]}<\/script>\n<!-- \/ Yoast SEO plugin. -->","yoast_head_json":{"title":"Patenschaft f\u00fcr einen Green-Card-Kandidaten - USA GC","description":"Der Inhaber einer Green Card kann unter bestimmten Umst\u00e4nden einen Green-Card-Bewerber sponsern","robots":{"index":"index","follow":"follow","max-snippet":"max-snippet:-1","max-image-preview":"max-image-preview:large","max-video-preview":"max-video-preview:-1"},"canonical":"https:\/\/us-gc.net\/de\/green-card-sponsern\/","og_locale":"de_DE","og_type":"article","og_title":"Patenschaft f\u00fcr einen Green-Card-Kandidaten - USA GC","og_description":"Der Inhaber einer Green Card kann unter bestimmten Umst\u00e4nden einen Green-Card-Bewerber sponsern","og_url":"https:\/\/us-gc.net\/de\/green-card-sponsern\/","og_site_name":"USA GC","article_modified_time":"2024-12-30T09:46:02+00:00","twitter_card":"summary_large_image","twitter_misc":{"Gesch\u00e4tzte Lesezeit":"2\u00a0Minuten"},"schema":{"@context":"https:\/\/schema.org","@graph":[{"@type":"WebPage","@id":"https:\/\/us-gc.net\/de\/green-card-sponsern\/","url":"https:\/\/us-gc.net\/de\/green-card-sponsern\/","name":"Patenschaft f\u00fcr einen Green-Card-Kandidaten - USA GC","isPartOf":{"@id":"https:\/\/us-gc.net\/de\/#website"},"datePublished":"2024-01-31T16:36:26+00:00","dateModified":"2024-12-30T09:46:02+00:00","description":"Der Inhaber einer Green Card kann unter bestimmten Umst\u00e4nden einen Green-Card-Bewerber sponsern","breadcrumb":{"@id":"https:\/\/us-gc.net\/de\/green-card-sponsern\/#breadcrumb"},"inLanguage":"de","potentialAction":[{"@type":"ReadAction","target":["https:\/\/us-gc.net\/de\/green-card-sponsern\/"]}]},{"@type":"BreadcrumbList","@id":"https:\/\/us-gc.net\/de\/green-card-sponsern\/#breadcrumb","itemListElement":[{"@type":"ListItem","position":1,"name":"Accueil","item":"https:\/\/us-gc.net\/de\/green-card\/"},{"@type":"ListItem","position":2,"name":"Patenschaft f\u00fcr einen Green-Card-Kandidaten"}]},{"@type":"WebSite","@id":"https:\/\/us-gc.net\/de\/#website","url":"https:\/\/us-gc.net\/de\/","name":"USA GC","description":"","potentialAction":[{"@type":"SearchAction","target":{"@type":"EntryPoint","urlTemplate":"https:\/\/us-gc.net\/de\/?s={search_term_string}"},"query-input":{"@type":"PropertyValueSpecification","valueRequired":true,"valueName":"search_term_string"}}],"inLanguage":"de"}]}},"_links":{"self":[{"href":"https:\/\/us-gc.net\/de\/wp-json\/wp\/v2\/pages\/1157","targetHints":{"allow":["GET"]}}],"collection":[{"href":"https:\/\/us-gc.net\/de\/wp-json\/wp\/v2\/pages"}],"about":[{"href":"https:\/\/us-gc.net\/de\/wp-json\/wp\/v2\/types\/page"}],"author":[{"embeddable":true,"href":"https:\/\/us-gc.net\/de\/wp-json\/wp\/v2\/users\/1"}],"replies":[{"embeddable":true,"href":"https:\/\/us-gc.net\/de\/wp-json\/wp\/v2\/comments?post=1157"}],"version-history":[{"count":1,"href":"https:\/\/us-gc.net\/de\/wp-json\/wp\/v2\/pages\/1157\/revisions"}],"predecessor-version":[{"id":7983,"href":"https:\/\/us-gc.net\/de\/wp-json\/wp\/v2\/pages\/1157\/revisions\/7983"}],"wp:attachment":[{"href":"https:\/\/us-gc.net\/de\/wp-json\/wp\/v2\/media?parent=1157"}],"curies":[{"name":"wp","href":"https:\/\/api.w.org\/{rel}","templated":true}]}}