{"id":1125,"date":"2024-01-31T15:53:04","date_gmt":"2024-01-31T15:53:04","guid":{"rendered":"https:\/\/green-card-usa.net\/lotterie-grune-karte-amerikanische\/"},"modified":"2024-12-30T09:46:11","modified_gmt":"2024-12-30T09:46:11","slug":"lotterie-grune-karte-amerikanische","status":"publish","type":"page","link":"https:\/\/us-gc.net\/de\/lotterie-grune-karte-amerikanische\/","title":{"rendered":"An der amerikanischen Gr\u00fcne Karte-Lotterie teilnehmen"},"content":{"rendered":"\n<h1 class=\"wp-block-heading\" id=\"h-la-carte-verte-permet-de-vivre-aux-etats-unis\">Mit der Gr\u00fcne Karte kann man in den USA leben.<\/h1>\n\n<p>Tausende von B\u00fcrgern aus aller Welt versuchen jedes Jahr, eine Gr\u00fcne Karte f\u00fcr US-Einwohner zu erhalten, um in den Vereinigten Staaten leben zu k\u00f6nnen.<\/p>\n\n<h2 class=\"wp-block-heading\" id=\"h-qu-est-ce-que-la-carte-verte\">Was ist die Gr\u00fcne Karte?<\/h2>\n\n<p>Die Gr\u00fcne Karte ist eine US-amerikanische Karte, die das Recht auf einen st\u00e4ndigen Wohnsitz in den Vereinigten Staaten verleiht. Sie erm\u00f6glicht es Ausl\u00e4ndern, legal in den USA zu arbeiten. Diese Aufenthaltsgenehmigung wird weltweit die amerikanische Gr\u00fcne Karte genannt, da es sich um eine Karte mit gr\u00fcner Farbe handelt.<\/p>\n\n<h2 class=\"wp-block-heading\" id=\"h-comment-obtenir-une-carte-verte\">Wie erhalte ich eine Gr\u00fcne Karte?<\/h2>\n\n<p>Es gibt verschiedene M\u00f6glichkeiten, die Gr\u00fcne Karte in den USA zu erhalten. Ausl\u00e4ndische Green-Card-Bewerber k\u00f6nnen aus folgenden Gr\u00fcnden einen Antrag stellen:<\/p>\n\n<ul class=\"wp-block-list\">\n<li><a href=\"https:\/\/us-gc.net\/de\/green-card-durch-heirat\/\">Gr\u00fcne Karte durch Heirat<\/a> mit einem US-Gr\u00fcne-Karte-Inhaber ;<\/li>\n\n\n\n<li>Eine <a href=\"https:\/\/us-gc.net\/de\/green-card-fur-beschaftigung\/\">Gr\u00fcne Karte durch seinen Job<\/a> erhalten ;<\/li>\n\n\n\n<li>Eine <a href=\"https:\/\/us-gc.net\/de\/green-card-sponsern\/\">Gr\u00fcne Karte durch einen Familien-oder Firmensponsor<\/a> erhalten ;<\/li>\n<\/ul>\n\n<div style=\"height:10px\" aria-hidden=\"true\" class=\"wp-block-spacer\"><\/div>\n\n<p>Es gibt noch andere M\u00f6glichkeiten, eine Gr\u00fcne Karte zu erhalten. Die weltweit begehrteste L\u00f6sung, um die Gr\u00fcne Karte zu erhalten, ist die amerikanische Lotterie. <strong>Sie k\u00f6nnen an dieser j\u00e4hrlichen Lotterie teilnehmen, indem Sie sich in wenigen Minuten online anmelden<\/strong>, indem Sie auf das <a href=\"https:\/\/us-gc.net\/de\/lotterie-formular-green-card\/\">Online-Formular<\/a> klicken.<\/p>\n\n<div style=\"height:10px\" aria-hidden=\"true\" class=\"wp-block-spacer\"><\/div>\n\n<h2 class=\"wp-block-heading\" id=\"h-qu-est-ce-que-la-loterie-americaine-de-la-carte-verte\">Was ist die amerikanische Greencard-Lotterie?<\/h2>\n\n<p>Die Vereinigten Staaten haben das Diversity Visa Program eingef\u00fchrt, um ihre ausl\u00e4ndische Einwanderung zu steuern. Es handelt sich um eine j\u00e4hrliche Lotterie, an der jedes Jahr mehrere Millionen Ausl\u00e4nder teilnehmen, um eine der 50.000 Gr\u00fcne Kartes zu erhalten, die per Los vergeben werden.<\/p>\n\n<h2 class=\"wp-block-heading\" id=\"h-quand-se-deroule-le-tirage-de-la-loterie-carte-verte\">Wann findet die Ziehung der Gr\u00fcne Karte-Lotterie statt?<\/h2>\n\n<p>Die Greencard-Lotterie findet einmal im Jahr statt. Sie findet am Ende des Jahres im November statt. Die Verlosungen der Lotterie werden daher nach ihrem Jahr benannt: Es gibt die <a href=\"https:\/\/us-gc.net\/de\/green-card-lotterie-2024\/\">Gr\u00fcne Karte Lotterie 2024<\/a>, die <a href=\"https:\/\/us-gc.net\/de\/lotterie-green-card-2025\/\">Gr\u00fcne Karte Lotterie 2025<\/a> und die <a href=\"https:\/\/us-gc.net\/de\/lotterie-green-card-2026\/\">Gr\u00fcne Karte Lotterie 2026<\/a>. Die Bewerber melden sich vor dem Ende der Anmeldefrist an, um an der Verlosung teilzunehmen. Die <a href=\"https:\/\/us-gc.net\/de\/lotterie-ergebnisse-green-card\/\">Ergebnisse der Gr\u00fcne Karte-Lotterie<\/a> werden dann direkt im Internet ver\u00f6ffentlicht.<\/p>\n\n<h2 class=\"wp-block-heading\" id=\"h-comment-s-inscrire-a-la-loterie\">Wie meldet man sich f\u00fcr die Lotterie an?<\/h2>\n\n<p>Die Bewerber m\u00fcssen zuvor ihre Berechtigung zur Teilnahme an der Lotterie \u00fcberpr\u00fcfen. Tats\u00e4chlich ver\u00f6ffentlicht die US-Regierung jedes Jahr eine Liste der <a href=\"https:\/\/us-gc.net\/de\/greencard-lotterie-fur-nicht-teilnehmende-lander\/\">L\u00e4nder, die nicht an der Greencard-Lotterie teilnehmen<\/a> d\u00fcrfen.<\/p>\n\n<p>Bewerber f\u00fcr die Greencard-Lotterie m\u00fcssen sich direkt online im Internet anmelden. Sie m\u00fcssen ein <a href=\"https:\/\/us-gc.net\/de\/lotterie-formular-green-card\/\">Online-Formular<\/a> ausf\u00fcllen, um ihre Anmeldung f\u00fcr die Lotterie zu registrieren.<\/p>\n","protected":false},"excerpt":{"rendered":"<p>Mit der Gr\u00fcne Karte kann man in den USA leben. Tausende von B\u00fcrgern aus aller Welt versuchen jedes Jahr, eine Gr\u00fcne Karte f\u00fcr US-Einwohner zu erhalten, um in den Vereinigten Staaten leben zu k\u00f6nnen. Was ist die Gr\u00fcne Karte? Die Gr\u00fcne Karte ist eine US-amerikanische Karte, die das Recht auf einen st\u00e4ndigen Wohnsitz in den [&hellip;]<\/p>\n","protected":false},"author":1,"featured_media":0,"parent":0,"menu_order":0,"comment_status":"closed","ping_status":"closed","template":"","meta":{"footnotes":""},"class_list":["post-1125","page","type-page","status-publish","hentry"],"yoast_head":"<!-- This site is optimized with the Yoast SEO plugin v27.4 - https:\/\/yoast.com\/product\/yoast-seo-wordpress\/ -->\n<title>An der amerikanischen Gr\u00fcne Karte-Lotterie teilnehmen - USA GC<\/title>\n<meta name=\"description\" content=\"Nehmen Sie an der amerikanischen Lotterie teil, um eine Gr\u00fcne Karte zu gewinnen. Dies ist die Daueraufenthaltskarte, um in den Vereinigten Staaten zu leben.\" \/>\n<meta name=\"robots\" content=\"index, follow, max-snippet:-1, max-image-preview:large, max-video-preview:-1\" \/>\n<link rel=\"canonical\" href=\"https:\/\/us-gc.net\/de\/lotterie-grune-karte-amerikanische\/\" \/>\n<meta property=\"og:locale\" content=\"de_DE\" \/>\n<meta property=\"og:type\" content=\"article\" \/>\n<meta property=\"og:title\" content=\"An der amerikanischen Gr\u00fcne Karte-Lotterie teilnehmen - USA GC\" \/>\n<meta property=\"og:description\" content=\"Nehmen Sie an der amerikanischen Lotterie teil, um eine Gr\u00fcne Karte zu gewinnen. Dies ist die Daueraufenthaltskarte, um in den Vereinigten Staaten zu leben.\" \/>\n<meta property=\"og:url\" content=\"https:\/\/us-gc.net\/de\/lotterie-grune-karte-amerikanische\/\" \/>\n<meta property=\"og:site_name\" content=\"USA GC\" \/>\n<meta property=\"article:modified_time\" content=\"2024-12-30T09:46:11+00:00\" \/>\n<meta name=\"twitter:card\" content=\"summary_large_image\" \/>\n<meta name=\"twitter:label1\" content=\"Gesch\u00e4tzte Lesezeit\" \/>\n\t<meta name=\"twitter:data1\" content=\"2\u00a0Minuten\" \/>\n<script type=\"application\/ld+json\" class=\"yoast-schema-graph\">{\"@context\":\"https:\\\/\\\/schema.org\",\"@graph\":[{\"@type\":\"WebPage\",\"@id\":\"https:\\\/\\\/us-gc.net\\\/de\\\/lotterie-grune-karte-amerikanische\\\/\",\"url\":\"https:\\\/\\\/us-gc.net\\\/de\\\/lotterie-grune-karte-amerikanische\\\/\",\"name\":\"An der amerikanischen Gr\u00fcne Karte-Lotterie teilnehmen - USA GC\",\"isPartOf\":{\"@id\":\"https:\\\/\\\/us-gc.net\\\/de\\\/#website\"},\"datePublished\":\"2024-01-31T15:53:04+00:00\",\"dateModified\":\"2024-12-30T09:46:11+00:00\",\"description\":\"Nehmen Sie an der amerikanischen Lotterie teil, um eine Gr\u00fcne Karte zu gewinnen. Dies ist die Daueraufenthaltskarte, um in den Vereinigten Staaten zu leben.\",\"breadcrumb\":{\"@id\":\"https:\\\/\\\/us-gc.net\\\/de\\\/lotterie-grune-karte-amerikanische\\\/#breadcrumb\"},\"inLanguage\":\"de\",\"potentialAction\":[{\"@type\":\"ReadAction\",\"target\":[\"https:\\\/\\\/us-gc.net\\\/de\\\/lotterie-grune-karte-amerikanische\\\/\"]}]},{\"@type\":\"BreadcrumbList\",\"@id\":\"https:\\\/\\\/us-gc.net\\\/de\\\/lotterie-grune-karte-amerikanische\\\/#breadcrumb\",\"itemListElement\":[{\"@type\":\"ListItem\",\"position\":1,\"name\":\"Accueil\",\"item\":\"https:\\\/\\\/us-gc.net\\\/de\\\/green-card\\\/\"},{\"@type\":\"ListItem\",\"position\":2,\"name\":\"An der amerikanischen Gr\u00fcne Karte-Lotterie teilnehmen\"}]},{\"@type\":\"WebSite\",\"@id\":\"https:\\\/\\\/us-gc.net\\\/de\\\/#website\",\"url\":\"https:\\\/\\\/us-gc.net\\\/de\\\/\",\"name\":\"USA GC\",\"description\":\"\",\"potentialAction\":[{\"@type\":\"SearchAction\",\"target\":{\"@type\":\"EntryPoint\",\"urlTemplate\":\"https:\\\/\\\/us-gc.net\\\/de\\\/?s={search_term_string}\"},\"query-input\":{\"@type\":\"PropertyValueSpecification\",\"valueRequired\":true,\"valueName\":\"search_term_string\"}}],\"inLanguage\":\"de\"}]}<\/script>\n<!-- \/ Yoast SEO plugin. -->","yoast_head_json":{"title":"An der amerikanischen Gr\u00fcne Karte-Lotterie teilnehmen - USA GC","description":"Nehmen Sie an der amerikanischen Lotterie teil, um eine Gr\u00fcne Karte zu gewinnen. Dies ist die Daueraufenthaltskarte, um in den Vereinigten Staaten zu leben.","robots":{"index":"index","follow":"follow","max-snippet":"max-snippet:-1","max-image-preview":"max-image-preview:large","max-video-preview":"max-video-preview:-1"},"canonical":"https:\/\/us-gc.net\/de\/lotterie-grune-karte-amerikanische\/","og_locale":"de_DE","og_type":"article","og_title":"An der amerikanischen Gr\u00fcne Karte-Lotterie teilnehmen - USA GC","og_description":"Nehmen Sie an der amerikanischen Lotterie teil, um eine Gr\u00fcne Karte zu gewinnen. Dies ist die Daueraufenthaltskarte, um in den Vereinigten Staaten zu leben.","og_url":"https:\/\/us-gc.net\/de\/lotterie-grune-karte-amerikanische\/","og_site_name":"USA GC","article_modified_time":"2024-12-30T09:46:11+00:00","twitter_card":"summary_large_image","twitter_misc":{"Gesch\u00e4tzte Lesezeit":"2\u00a0Minuten"},"schema":{"@context":"https:\/\/schema.org","@graph":[{"@type":"WebPage","@id":"https:\/\/us-gc.net\/de\/lotterie-grune-karte-amerikanische\/","url":"https:\/\/us-gc.net\/de\/lotterie-grune-karte-amerikanische\/","name":"An der amerikanischen Gr\u00fcne Karte-Lotterie teilnehmen - USA GC","isPartOf":{"@id":"https:\/\/us-gc.net\/de\/#website"},"datePublished":"2024-01-31T15:53:04+00:00","dateModified":"2024-12-30T09:46:11+00:00","description":"Nehmen Sie an der amerikanischen Lotterie teil, um eine Gr\u00fcne Karte zu gewinnen. Dies ist die Daueraufenthaltskarte, um in den Vereinigten Staaten zu leben.","breadcrumb":{"@id":"https:\/\/us-gc.net\/de\/lotterie-grune-karte-amerikanische\/#breadcrumb"},"inLanguage":"de","potentialAction":[{"@type":"ReadAction","target":["https:\/\/us-gc.net\/de\/lotterie-grune-karte-amerikanische\/"]}]},{"@type":"BreadcrumbList","@id":"https:\/\/us-gc.net\/de\/lotterie-grune-karte-amerikanische\/#breadcrumb","itemListElement":[{"@type":"ListItem","position":1,"name":"Accueil","item":"https:\/\/us-gc.net\/de\/green-card\/"},{"@type":"ListItem","position":2,"name":"An der amerikanischen Gr\u00fcne Karte-Lotterie teilnehmen"}]},{"@type":"WebSite","@id":"https:\/\/us-gc.net\/de\/#website","url":"https:\/\/us-gc.net\/de\/","name":"USA GC","description":"","potentialAction":[{"@type":"SearchAction","target":{"@type":"EntryPoint","urlTemplate":"https:\/\/us-gc.net\/de\/?s={search_term_string}"},"query-input":{"@type":"PropertyValueSpecification","valueRequired":true,"valueName":"search_term_string"}}],"inLanguage":"de"}]}},"_links":{"self":[{"href":"https:\/\/us-gc.net\/de\/wp-json\/wp\/v2\/pages\/1125","targetHints":{"allow":["GET"]}}],"collection":[{"href":"https:\/\/us-gc.net\/de\/wp-json\/wp\/v2\/pages"}],"about":[{"href":"https:\/\/us-gc.net\/de\/wp-json\/wp\/v2\/types\/page"}],"author":[{"embeddable":true,"href":"https:\/\/us-gc.net\/de\/wp-json\/wp\/v2\/users\/1"}],"replies":[{"embeddable":true,"href":"https:\/\/us-gc.net\/de\/wp-json\/wp\/v2\/comments?post=1125"}],"version-history":[{"count":1,"href":"https:\/\/us-gc.net\/de\/wp-json\/wp\/v2\/pages\/1125\/revisions"}],"predecessor-version":[{"id":8005,"href":"https:\/\/us-gc.net\/de\/wp-json\/wp\/v2\/pages\/1125\/revisions\/8005"}],"wp:attachment":[{"href":"https:\/\/us-gc.net\/de\/wp-json\/wp\/v2\/media?parent=1125"}],"curies":[{"name":"wp","href":"https:\/\/api.w.org\/{rel}","templated":true}]}}