{"id":1104,"date":"2024-02-04T15:55:27","date_gmt":"2024-02-04T15:55:27","guid":{"rendered":"https:\/\/green-card-usa.net\/lotterie-green-card-2026\/"},"modified":"2025-03-31T10:09:27","modified_gmt":"2025-03-31T10:09:27","slug":"lotterie-green-card-2026","status":"publish","type":"page","link":"https:\/\/us-gc.net\/de\/lotterie-green-card-2026\/","title":{"rendered":"Green Card-Lotterie 2026"},"content":{"rendered":"\n<h1 class=\"wp-block-heading\" id=\"h-la-loterie-de-la-green-card-2026\">Die Green Card-Lotterie 2026<\/h1>\n\n<p>Jedes Jahr bieten die Vereinigten Staaten \u00fcber 50.000 ausl\u00e4ndischen Staatsangeh\u00f6rigen die M\u00f6glichkeit, eine Green Card zu erhalten, die per Losverfahren vergeben wird. Diese Lotterie ist Teil des Diversity Visa Program der USA. Dieses Programm wurde eingef\u00fchrt, um die Einwanderung in die Vereinigten Staaten zu steuern.<\/p>\n\n<h2 class=\"wp-block-heading\" id=\"h-qu-est-ce-que-la-loterie-de-la-green-card-2026\">Was ist die Green Card-Lotterie 2026<\/h2>\n\n<p>Jeder Jahrgang der Green-Card-Verlosung tr\u00e4gt die Nummer des Jahres, in dem die Bewerber endlich Inhaber einer <a href=\"https:\/\/us-gc.net\/de\/\">US-amerikanischen Green Card<\/a> sein werden. Die Green-Card-Lotterie 2026 bezieht sich also auf die Quote der Green Cards, die im Jahr 2026 ausgestellt werden. Die US-Regierung nennt diese F\u00f6rderung von neuen Visa aus dem Diversity-Programm: DV-2026 f\u00fcr Diversity-Program 2026.<\/p>\n\n<h2 class=\"wp-block-heading\" id=\"h-quand-se-deroule-le-tirage-au-sort-du-quota-de-green-card-2026\">Wann findet die Auslosung der Green Card-Quote 2026 statt?<\/h2>\n\n<p>Der Prozess, eine Green Card durch die Lotterie zu erhalten, besteht aus mehreren Schritten. Der erste Schritt ist die Auslosung. <\/p>\n\n<p><strong>DV2026-Kandidaten mussten sich ab dem 2. Oktober 2024 anmelden<\/strong>, um an der Auslosung teilzunehmen, die jedes Jahr Anfang November stattfindet. Die Online-Anmeldung f\u00fcr die DV2026-Ziehung endete am 5. November 2024. <\/p>\n\n<h2 class=\"wp-block-heading\" id=\"h-quand-sont-publies-les-resultats-du-tirage-au-sort-du-dv-2026\">Wann werden die Ergebnisse der DV-2026-Auslosung ver\u00f6ffentlicht?<\/h2>\n\n<p>Die <a href=\"https:\/\/us-gc.net\/de\/lotterie-ergebnisse-green-card\/\">Ergebnisse der Green Card-Ziehung<\/a> werden etwa 6 Monate nach dem Ende der Registrierung ver\u00f6ffentlicht: Die Ergebnisse der Ziehung DV2026 werden ab Mai 2025 ver\u00f6ffentlicht.<\/p>\n\n<h2 class=\"wp-block-heading\" id=\"h-quel-sont-les-etapes-suivantes-pour-les-gagnants-de-la-loterie\">Was sind die n\u00e4chsten Schritte f\u00fcr Lotteriegewinner?<\/h2>\n\n<p>Die Gewinner m\u00fcssen sich dann um ein Diversity-Visum bem\u00fchen. Die folgenden Hauptschritte, um die Green Card zu erhalten, sind :<\/p>\n\n<ul class=\"wp-block-list\">\n<li>F\u00fcllen Sie das <a href=\"https:\/\/travel.state.gov\/content\/travel\/en\/us-visas\/visa-information-resources\/forms\/online-immigrant-visa-forms\/ds-260-faqs.html\">Formular DS-260<\/a> f\u00fcr den Visumantrag aus.<\/li>\n\n\n\n<li>F\u00fchren Sie die Zahlung der <a href=\"https:\/\/us-gc.net\/de\/preis-green-card\/\">Geb\u00fchren durch, die f\u00fcr den Erhalt der Green Card<\/a> im Rahmen dieses obligatorischen Visumantrags zu entrichten sind;<\/li>\n\n\n\n<li>Ihr <a href=\"https:\/\/us-gc.net\/de\/green-card-interview\/\">Green-Card-Interview<\/a> mit einem USCIS-Beamten absolvieren, der am Diversity Visa Program teilnimmt.<\/li>\n<\/ul>\n\n<div style=\"height:10px\" aria-hidden=\"true\" class=\"wp-block-spacer\"><\/div>\n\n<p>Die <a href=\"https:\/\/us-gc.net\/de\/unterschied-green-card-visum\/\">Green Card und das Visum sind unterschiedliche Dokumente<\/a>. Die Beantragung eines Diversity-Visums ist einer der Schritte, um eine Green Card zu erhalten.<\/p>\n\n<p><\/p>\n\n<p><\/p>\n","protected":false},"excerpt":{"rendered":"<p>Die Green Card-Lotterie 2026 Jedes Jahr bieten die Vereinigten Staaten \u00fcber 50.000 ausl\u00e4ndischen Staatsangeh\u00f6rigen die M\u00f6glichkeit, eine Green Card zu erhalten, die per Losverfahren vergeben wird. Diese Lotterie ist Teil des Diversity Visa Program der USA. Dieses Programm wurde eingef\u00fchrt, um die Einwanderung in die Vereinigten Staaten zu steuern. Was ist die Green Card-Lotterie 2026 [&hellip;]<\/p>\n","protected":false},"author":1,"featured_media":0,"parent":0,"menu_order":0,"comment_status":"closed","ping_status":"closed","template":"","meta":{"footnotes":""},"class_list":["post-1104","page","type-page","status-publish","hentry"],"yoast_head":"<!-- This site is optimized with the Yoast SEO plugin v27.4 - https:\/\/yoast.com\/product\/yoast-seo-wordpress\/ -->\n<title>Green Card-Lotterie 2026 - USA GC<\/title>\n<meta name=\"description\" content=\"Hier finden Sie alle Informationen \u00fcber das Green Card Lotterieprogramm 2026 in den USA.\" \/>\n<meta name=\"robots\" content=\"index, follow, max-snippet:-1, max-image-preview:large, max-video-preview:-1\" \/>\n<link rel=\"canonical\" href=\"https:\/\/us-gc.net\/de\/lotterie-green-card-2026\/\" \/>\n<meta property=\"og:locale\" content=\"de_DE\" \/>\n<meta property=\"og:type\" content=\"article\" \/>\n<meta property=\"og:title\" content=\"Green Card-Lotterie 2026 - USA GC\" \/>\n<meta property=\"og:description\" content=\"Hier finden Sie alle Informationen \u00fcber das Green Card Lotterieprogramm 2026 in den USA.\" \/>\n<meta property=\"og:url\" content=\"https:\/\/us-gc.net\/de\/lotterie-green-card-2026\/\" \/>\n<meta property=\"og:site_name\" content=\"USA GC\" \/>\n<meta property=\"article:modified_time\" content=\"2025-03-31T10:09:27+00:00\" \/>\n<meta name=\"twitter:card\" content=\"summary_large_image\" \/>\n<meta name=\"twitter:label1\" content=\"Gesch\u00e4tzte Lesezeit\" \/>\n\t<meta name=\"twitter:data1\" content=\"2\u00a0Minuten\" \/>\n<script type=\"application\/ld+json\" class=\"yoast-schema-graph\">{\"@context\":\"https:\\\/\\\/schema.org\",\"@graph\":[{\"@type\":\"WebPage\",\"@id\":\"https:\\\/\\\/us-gc.net\\\/de\\\/lotterie-green-card-2026\\\/\",\"url\":\"https:\\\/\\\/us-gc.net\\\/de\\\/lotterie-green-card-2026\\\/\",\"name\":\"Green Card-Lotterie 2026 - USA GC\",\"isPartOf\":{\"@id\":\"https:\\\/\\\/us-gc.net\\\/de\\\/#website\"},\"datePublished\":\"2024-02-04T15:55:27+00:00\",\"dateModified\":\"2025-03-31T10:09:27+00:00\",\"description\":\"Hier finden Sie alle Informationen \u00fcber das Green Card Lotterieprogramm 2026 in den USA.\",\"breadcrumb\":{\"@id\":\"https:\\\/\\\/us-gc.net\\\/de\\\/lotterie-green-card-2026\\\/#breadcrumb\"},\"inLanguage\":\"de\",\"potentialAction\":[{\"@type\":\"ReadAction\",\"target\":[\"https:\\\/\\\/us-gc.net\\\/de\\\/lotterie-green-card-2026\\\/\"]}]},{\"@type\":\"BreadcrumbList\",\"@id\":\"https:\\\/\\\/us-gc.net\\\/de\\\/lotterie-green-card-2026\\\/#breadcrumb\",\"itemListElement\":[{\"@type\":\"ListItem\",\"position\":1,\"name\":\"Accueil\",\"item\":\"https:\\\/\\\/us-gc.net\\\/de\\\/green-card\\\/\"},{\"@type\":\"ListItem\",\"position\":2,\"name\":\"Green Card-Lotterie 2026\"}]},{\"@type\":\"WebSite\",\"@id\":\"https:\\\/\\\/us-gc.net\\\/de\\\/#website\",\"url\":\"https:\\\/\\\/us-gc.net\\\/de\\\/\",\"name\":\"USA GC\",\"description\":\"\",\"potentialAction\":[{\"@type\":\"SearchAction\",\"target\":{\"@type\":\"EntryPoint\",\"urlTemplate\":\"https:\\\/\\\/us-gc.net\\\/de\\\/?s={search_term_string}\"},\"query-input\":{\"@type\":\"PropertyValueSpecification\",\"valueRequired\":true,\"valueName\":\"search_term_string\"}}],\"inLanguage\":\"de\"}]}<\/script>\n<!-- \/ Yoast SEO plugin. -->","yoast_head_json":{"title":"Green Card-Lotterie 2026 - USA GC","description":"Hier finden Sie alle Informationen \u00fcber das Green Card Lotterieprogramm 2026 in den USA.","robots":{"index":"index","follow":"follow","max-snippet":"max-snippet:-1","max-image-preview":"max-image-preview:large","max-video-preview":"max-video-preview:-1"},"canonical":"https:\/\/us-gc.net\/de\/lotterie-green-card-2026\/","og_locale":"de_DE","og_type":"article","og_title":"Green Card-Lotterie 2026 - USA GC","og_description":"Hier finden Sie alle Informationen \u00fcber das Green Card Lotterieprogramm 2026 in den USA.","og_url":"https:\/\/us-gc.net\/de\/lotterie-green-card-2026\/","og_site_name":"USA GC","article_modified_time":"2025-03-31T10:09:27+00:00","twitter_card":"summary_large_image","twitter_misc":{"Gesch\u00e4tzte Lesezeit":"2\u00a0Minuten"},"schema":{"@context":"https:\/\/schema.org","@graph":[{"@type":"WebPage","@id":"https:\/\/us-gc.net\/de\/lotterie-green-card-2026\/","url":"https:\/\/us-gc.net\/de\/lotterie-green-card-2026\/","name":"Green Card-Lotterie 2026 - USA GC","isPartOf":{"@id":"https:\/\/us-gc.net\/de\/#website"},"datePublished":"2024-02-04T15:55:27+00:00","dateModified":"2025-03-31T10:09:27+00:00","description":"Hier finden Sie alle Informationen \u00fcber das Green Card Lotterieprogramm 2026 in den USA.","breadcrumb":{"@id":"https:\/\/us-gc.net\/de\/lotterie-green-card-2026\/#breadcrumb"},"inLanguage":"de","potentialAction":[{"@type":"ReadAction","target":["https:\/\/us-gc.net\/de\/lotterie-green-card-2026\/"]}]},{"@type":"BreadcrumbList","@id":"https:\/\/us-gc.net\/de\/lotterie-green-card-2026\/#breadcrumb","itemListElement":[{"@type":"ListItem","position":1,"name":"Accueil","item":"https:\/\/us-gc.net\/de\/green-card\/"},{"@type":"ListItem","position":2,"name":"Green Card-Lotterie 2026"}]},{"@type":"WebSite","@id":"https:\/\/us-gc.net\/de\/#website","url":"https:\/\/us-gc.net\/de\/","name":"USA GC","description":"","potentialAction":[{"@type":"SearchAction","target":{"@type":"EntryPoint","urlTemplate":"https:\/\/us-gc.net\/de\/?s={search_term_string}"},"query-input":{"@type":"PropertyValueSpecification","valueRequired":true,"valueName":"search_term_string"}}],"inLanguage":"de"}]}},"_links":{"self":[{"href":"https:\/\/us-gc.net\/de\/wp-json\/wp\/v2\/pages\/1104","targetHints":{"allow":["GET"]}}],"collection":[{"href":"https:\/\/us-gc.net\/de\/wp-json\/wp\/v2\/pages"}],"about":[{"href":"https:\/\/us-gc.net\/de\/wp-json\/wp\/v2\/types\/page"}],"author":[{"embeddable":true,"href":"https:\/\/us-gc.net\/de\/wp-json\/wp\/v2\/users\/1"}],"replies":[{"embeddable":true,"href":"https:\/\/us-gc.net\/de\/wp-json\/wp\/v2\/comments?post=1104"}],"version-history":[{"count":3,"href":"https:\/\/us-gc.net\/de\/wp-json\/wp\/v2\/pages\/1104\/revisions"}],"predecessor-version":[{"id":10116,"href":"https:\/\/us-gc.net\/de\/wp-json\/wp\/v2\/pages\/1104\/revisions\/10116"}],"wp:attachment":[{"href":"https:\/\/us-gc.net\/de\/wp-json\/wp\/v2\/media?parent=1104"}],"curies":[{"name":"wp","href":"https:\/\/api.w.org\/{rel}","templated":true}]}}