{"id":1061,"date":"2024-01-31T16:02:41","date_gmt":"2024-01-31T16:02:41","guid":{"rendered":"https:\/\/green-card-usa.net\/lotterie-green-card-2025\/"},"modified":"2024-12-30T09:45:44","modified_gmt":"2024-12-30T09:45:44","slug":"lotterie-green-card-2025","status":"publish","type":"page","link":"https:\/\/us-gc.net\/de\/lotterie-green-card-2025\/","title":{"rendered":"Green Card-Lotterie 2025"},"content":{"rendered":"\n<h1 class=\"wp-block-heading\" id=\"h-loterie-de-la-green-card-en-2025\">Green Card-Lotterie im Jahr 2025<\/h1>\n\n<p>Die Green Card-Lotterie wird nur einmal im Jahr ausgelost. Es gibt also jedes Jahr einen neuen Jahrgang von Lotteriegewinnern, die nach dem Jahr benannt werden, in dem sie ihre Green Card erhalten haben.<\/p>\n\n<h2 class=\"wp-block-heading\" id=\"h-qu-est-ce-que-la-loterie-2025-de-la-green-card\">Was ist die Green Card-Lotterie 2025?<\/h2>\n\n<p>Die Green Card Lotterie 2025 betrifft die Quote der Green Cards, die im Jahr 2025 ausgestellt werden. Die Auslosung unter den Bewerbern f\u00fcr die Lotterie 2025 findet im Oktober 2023 statt. Bei dieser Verlosung wurden \u00fcber 50.000 Ausl\u00e4nder als Gewinner der Green Card im Rahmen des <a href=\"https:\/\/us-gc.net\/de\/diversity-visa-program\/\">Diversity Visa Program<\/a> der Vereinigten Staaten ermittelt.  <\/p>\n\n<h2 class=\"wp-block-heading\" id=\"h-quand-se-deroule-la-loterie-de-la-green-card-en-2025\">Wann findet die Green-Card-Lotterie im Jahr 2025 statt?<\/h2>\n\n<p>Die Anmeldung f\u00fcr die Teilnahme an der Verlosung im Jahr 2025 ist ab Oktober 2025 m\u00f6glich.<\/p>\n\n<h2 class=\"wp-block-heading\" id=\"h-quelles-sont-les-resultats-de-la-loterie-de-la-green-card-2025\">Was sind die Ergebnisse der Green Card-Lotterie 2025?<\/h2>\n\n<p>Die <a href=\"https:\/\/us-gc.net\/de\/lotterie-ergebnisse-green-card\/\">Ergebnisse der Green Card-Verlosung<\/a> werden etwa 6 Monate nach der Verlosung, die im November stattfindet, ver\u00f6ffentlicht. Die Ergebnisse der Ziehung der Lotterie, die im Jahr 2025 stattfindet, werden ab Mai 2026 online ver\u00f6ffentlicht.<\/p>\n\n<p>Die Ergebnisse der im November 2023 durchgef\u00fchrten Ziehung der Diversity Visa 2025 sind seit dem 4. Mai 2024 auf der Online-Seite verf\u00fcgbar: <a href=\"https:\/\/dvprogram.state.gov\/ESC\/\">dvprogram.state.gov<\/a>.<\/p>\n\n<h2 class=\"wp-block-heading\" id=\"h-comment-s-inscrire-a-la-loterie-de-la-green-card-2025\">Wie melde ich mich f\u00fcr die Green Card-Lotterie 2025 an?<\/h2>\n\n<p>Die Anmeldung f\u00fcr die <a href=\"https:\/\/us-gc.net\/de\/lotterie-grune-karte-amerikanische\/\">USA Green Card Lotterie<\/a> erfolgt vollst\u00e4ndig online. <strong>Nehmen Sie an dieser j\u00e4hrlichen Lotterie teil, indem<\/strong> Sie sich in wenigen Minuten online registrieren, indem Sie auf das <a href=\"https:\/\/us-gc.net\/de\/lotterie-formular-green-card\/\">Online-Formular<\/a> klicken. Der Vorgang dauert nur wenige Minuten.<\/p>\n\n<h2 class=\"wp-block-heading\" id=\"h-quel-sont-les-etapes-suivantes-pour-les-gagnants-de-la-loterie\">Was sind die n\u00e4chsten Schritte f\u00fcr Lotteriegewinner?<\/h2>\n\n<p>Die Gewinner der Lotterie m\u00fcssen anschlie\u00dfend ein Diversity-Visum beantragen. Die n\u00e4chsten Schritte des Verfahrens sind :<\/p>\n\n<ul class=\"wp-block-list\">\n<li>F\u00fcllen Sie das <a href=\"https:\/\/travel.state.gov\/content\/travel\/en\/us-visas\/visa-information-resources\/forms\/online-immigrant-visa-forms\/ds-260-faqs.html\">Formular DS-260<\/a> f\u00fcr den Visumantrag aus.<\/li>\n\n\n\n<li>F\u00fchren Sie die Zahlung der <a href=\"https:\/\/us-gc.net\/de\/preis-green-card\/\">Geb\u00fchren durch, die f\u00fcr den Erhalt der Green Card<\/a> im Rahmen dieses obligatorischen Visumantrags zu entrichten sind;<\/li>\n\n\n\n<li>Ein <a href=\"https:\/\/us-gc.net\/de\/green-card-interview\/\">Interview f\u00fcr die Green Card<\/a> mit einem USCIS-Beamten des Diversity Visa Program f\u00fchren ;<\/li>\n\n\n\n<li>F\u00fchren Sie eine medizinische Untersuchung durch.<\/li>\n<\/ul>\n\n<div style=\"height:10px\" aria-hidden=\"true\" class=\"wp-block-spacer\"><\/div>\n\n<p>Die <a href=\"https:\/\/us-gc.net\/de\/unterschied-green-card-visum\/\">Green Card und das Visum sind unterschiedliche Dokumente<\/a>. Die Beantragung eines Diversity-Visums ist einer der Schritte, um eine Green Card zu erhalten.<\/p>\n","protected":false},"excerpt":{"rendered":"<p>Green Card-Lotterie im Jahr 2025 Die Green Card-Lotterie wird nur einmal im Jahr ausgelost. Es gibt also jedes Jahr einen neuen Jahrgang von Lotteriegewinnern, die nach dem Jahr benannt werden, in dem sie ihre Green Card erhalten haben. Was ist die Green Card-Lotterie 2025? Die Green Card Lotterie 2025 betrifft die Quote der Green Cards, [&hellip;]<\/p>\n","protected":false},"author":1,"featured_media":0,"parent":0,"menu_order":0,"comment_status":"closed","ping_status":"closed","template":"","meta":{"footnotes":""},"class_list":["post-1061","page","type-page","status-publish","hentry"],"yoast_head":"<!-- This site is optimized with the Yoast SEO plugin v27.4 - https:\/\/yoast.com\/product\/yoast-seo-wordpress\/ -->\n<title>Green Card-Lotterie 2025 - USA GC<\/title>\n<meta name=\"description\" content=\"Teilnahme an der Green Card-Lotterie 2025 f\u00fcr eine Daueraufenthaltsgenehmigung in den Vereinigten Staaten.\" \/>\n<meta name=\"robots\" content=\"index, follow, max-snippet:-1, max-image-preview:large, max-video-preview:-1\" \/>\n<link rel=\"canonical\" href=\"https:\/\/us-gc.net\/de\/lotterie-green-card-2025\/\" \/>\n<meta property=\"og:locale\" content=\"de_DE\" \/>\n<meta property=\"og:type\" content=\"article\" \/>\n<meta property=\"og:title\" content=\"Green Card-Lotterie 2025 - USA GC\" \/>\n<meta property=\"og:description\" content=\"Teilnahme an der Green Card-Lotterie 2025 f\u00fcr eine Daueraufenthaltsgenehmigung in den Vereinigten Staaten.\" \/>\n<meta property=\"og:url\" content=\"https:\/\/us-gc.net\/de\/lotterie-green-card-2025\/\" \/>\n<meta property=\"og:site_name\" content=\"USA GC\" \/>\n<meta property=\"article:modified_time\" content=\"2024-12-30T09:45:44+00:00\" \/>\n<meta name=\"twitter:card\" content=\"summary_large_image\" \/>\n<meta name=\"twitter:label1\" content=\"Gesch\u00e4tzte Lesezeit\" \/>\n\t<meta name=\"twitter:data1\" content=\"2\u00a0Minuten\" \/>\n<script type=\"application\/ld+json\" class=\"yoast-schema-graph\">{\"@context\":\"https:\\\/\\\/schema.org\",\"@graph\":[{\"@type\":\"WebPage\",\"@id\":\"https:\\\/\\\/us-gc.net\\\/de\\\/lotterie-green-card-2025\\\/\",\"url\":\"https:\\\/\\\/us-gc.net\\\/de\\\/lotterie-green-card-2025\\\/\",\"name\":\"Green Card-Lotterie 2025 - USA GC\",\"isPartOf\":{\"@id\":\"https:\\\/\\\/us-gc.net\\\/de\\\/#website\"},\"datePublished\":\"2024-01-31T16:02:41+00:00\",\"dateModified\":\"2024-12-30T09:45:44+00:00\",\"description\":\"Teilnahme an der Green Card-Lotterie 2025 f\u00fcr eine Daueraufenthaltsgenehmigung in den Vereinigten Staaten.\",\"breadcrumb\":{\"@id\":\"https:\\\/\\\/us-gc.net\\\/de\\\/lotterie-green-card-2025\\\/#breadcrumb\"},\"inLanguage\":\"de\",\"potentialAction\":[{\"@type\":\"ReadAction\",\"target\":[\"https:\\\/\\\/us-gc.net\\\/de\\\/lotterie-green-card-2025\\\/\"]}]},{\"@type\":\"BreadcrumbList\",\"@id\":\"https:\\\/\\\/us-gc.net\\\/de\\\/lotterie-green-card-2025\\\/#breadcrumb\",\"itemListElement\":[{\"@type\":\"ListItem\",\"position\":1,\"name\":\"Accueil\",\"item\":\"https:\\\/\\\/us-gc.net\\\/de\\\/green-card\\\/\"},{\"@type\":\"ListItem\",\"position\":2,\"name\":\"Green Card-Lotterie 2025\"}]},{\"@type\":\"WebSite\",\"@id\":\"https:\\\/\\\/us-gc.net\\\/de\\\/#website\",\"url\":\"https:\\\/\\\/us-gc.net\\\/de\\\/\",\"name\":\"USA GC\",\"description\":\"\",\"potentialAction\":[{\"@type\":\"SearchAction\",\"target\":{\"@type\":\"EntryPoint\",\"urlTemplate\":\"https:\\\/\\\/us-gc.net\\\/de\\\/?s={search_term_string}\"},\"query-input\":{\"@type\":\"PropertyValueSpecification\",\"valueRequired\":true,\"valueName\":\"search_term_string\"}}],\"inLanguage\":\"de\"}]}<\/script>\n<!-- \/ Yoast SEO plugin. -->","yoast_head_json":{"title":"Green Card-Lotterie 2025 - USA GC","description":"Teilnahme an der Green Card-Lotterie 2025 f\u00fcr eine Daueraufenthaltsgenehmigung in den Vereinigten Staaten.","robots":{"index":"index","follow":"follow","max-snippet":"max-snippet:-1","max-image-preview":"max-image-preview:large","max-video-preview":"max-video-preview:-1"},"canonical":"https:\/\/us-gc.net\/de\/lotterie-green-card-2025\/","og_locale":"de_DE","og_type":"article","og_title":"Green Card-Lotterie 2025 - USA GC","og_description":"Teilnahme an der Green Card-Lotterie 2025 f\u00fcr eine Daueraufenthaltsgenehmigung in den Vereinigten Staaten.","og_url":"https:\/\/us-gc.net\/de\/lotterie-green-card-2025\/","og_site_name":"USA GC","article_modified_time":"2024-12-30T09:45:44+00:00","twitter_card":"summary_large_image","twitter_misc":{"Gesch\u00e4tzte Lesezeit":"2\u00a0Minuten"},"schema":{"@context":"https:\/\/schema.org","@graph":[{"@type":"WebPage","@id":"https:\/\/us-gc.net\/de\/lotterie-green-card-2025\/","url":"https:\/\/us-gc.net\/de\/lotterie-green-card-2025\/","name":"Green Card-Lotterie 2025 - USA GC","isPartOf":{"@id":"https:\/\/us-gc.net\/de\/#website"},"datePublished":"2024-01-31T16:02:41+00:00","dateModified":"2024-12-30T09:45:44+00:00","description":"Teilnahme an der Green Card-Lotterie 2025 f\u00fcr eine Daueraufenthaltsgenehmigung in den Vereinigten Staaten.","breadcrumb":{"@id":"https:\/\/us-gc.net\/de\/lotterie-green-card-2025\/#breadcrumb"},"inLanguage":"de","potentialAction":[{"@type":"ReadAction","target":["https:\/\/us-gc.net\/de\/lotterie-green-card-2025\/"]}]},{"@type":"BreadcrumbList","@id":"https:\/\/us-gc.net\/de\/lotterie-green-card-2025\/#breadcrumb","itemListElement":[{"@type":"ListItem","position":1,"name":"Accueil","item":"https:\/\/us-gc.net\/de\/green-card\/"},{"@type":"ListItem","position":2,"name":"Green Card-Lotterie 2025"}]},{"@type":"WebSite","@id":"https:\/\/us-gc.net\/de\/#website","url":"https:\/\/us-gc.net\/de\/","name":"USA GC","description":"","potentialAction":[{"@type":"SearchAction","target":{"@type":"EntryPoint","urlTemplate":"https:\/\/us-gc.net\/de\/?s={search_term_string}"},"query-input":{"@type":"PropertyValueSpecification","valueRequired":true,"valueName":"search_term_string"}}],"inLanguage":"de"}]}},"_links":{"self":[{"href":"https:\/\/us-gc.net\/de\/wp-json\/wp\/v2\/pages\/1061","targetHints":{"allow":["GET"]}}],"collection":[{"href":"https:\/\/us-gc.net\/de\/wp-json\/wp\/v2\/pages"}],"about":[{"href":"https:\/\/us-gc.net\/de\/wp-json\/wp\/v2\/types\/page"}],"author":[{"embeddable":true,"href":"https:\/\/us-gc.net\/de\/wp-json\/wp\/v2\/users\/1"}],"replies":[{"embeddable":true,"href":"https:\/\/us-gc.net\/de\/wp-json\/wp\/v2\/comments?post=1061"}],"version-history":[{"count":1,"href":"https:\/\/us-gc.net\/de\/wp-json\/wp\/v2\/pages\/1061\/revisions"}],"predecessor-version":[{"id":7939,"href":"https:\/\/us-gc.net\/de\/wp-json\/wp\/v2\/pages\/1061\/revisions\/7939"}],"wp:attachment":[{"href":"https:\/\/us-gc.net\/de\/wp-json\/wp\/v2\/media?parent=1061"}],"curies":[{"name":"wp","href":"https:\/\/api.w.org\/{rel}","templated":true}]}}