{"id":1055,"date":"2024-01-31T15:56:24","date_gmt":"2024-01-31T15:56:24","guid":{"rendered":"https:\/\/green-card-usa.net\/green-card-lotterie-2024\/"},"modified":"2025-03-31T10:07:59","modified_gmt":"2025-03-31T10:07:59","slug":"green-card-lotterie-2024","status":"publish","type":"page","link":"https:\/\/us-gc.net\/de\/green-card-lotterie-2024\/","title":{"rendered":"Green Card-Lotterie 2024"},"content":{"rendered":"\n<h1 class=\"wp-block-heading\" id=\"h-loterie-de-la-green-card-en-2024\">Green Card-Lotterie im Jahr 2024<\/h1>\n\n<p>Die Green Card-Lotterie wird nur einmal im Jahr ausgelost. Es gibt zwei M\u00f6glichkeiten, das Lotteriejahr zu bezeichnen:<\/p>\n\n<ul class=\"wp-block-list\">\n<li>Das US-Au\u00dfenministerium benennt jeden Lotteriejahrgang nach dem Jahr, in dem die Bewerber ihre <a href=\"https:\/\/us-gc.net\/de\/\">Green Card<\/a> erhalten werden. Also ist die Auslosung, die im vierten Quartal 2024 stattfindet, die des <a href=\"https:\/\/us-gc.net\/de\/lotterie-green-card-2026\/\">Green Card-Programms 2026<\/a>;<\/li>\n\n\n\n<li>Die meisten Bewerber f\u00fcr die Auslosung geben der Auslosung, die im Laufe des Jahres 2024 stattfindet, den Namen Green Card Lotterie 2024.<\/li>\n<\/ul>\n\n<h2 class=\"wp-block-heading\" id=\"h-qu-est-ce-que-la-loterie-2024-de-la-green-card\">Was ist die Green Card-Lotterie 2024?<\/h2>\n\n<p>Am h\u00e4ufigsten wird die Green Card Lotterie 2024 als die j\u00e4hrliche Verlosung bezeichnet, die im Laufe des Jahres 2024 stattfindet. Diese Verlosung findet einmal im Jahr statt und erm\u00f6glicht es \u00fcber 50.000 ausl\u00e4ndischen Staatsangeh\u00f6rigen, das Recht zu gewinnen, eine Green Card im Rahmen des Diversity Visa Program der USA zu beantragen.<\/p>\n\n<h2 class=\"wp-block-heading\" id=\"h-quand-se-deroule-la-loterie-de-la-green-card-pour-l-annee-2024\">Wann findet die Green-Card-Lotterie f\u00fcr das Jahr 2024 statt?<\/h2>\n\n<p>Die endg\u00fcltige Anmeldung f\u00fcr die Verlosung im Jahr 2024 erfolgte im Oktober 2024. Die genauen Daten f\u00fcr 2024 waren : <\/p>\n\n<ul class=\"wp-block-list\">\n<li>Die Anmeldefrist begann am 2. Oktober 2024;<\/li>\n\n\n\n<li>Der Anmeldeschluss war am 5. November 2024.<\/li>\n<\/ul>\n\n<div style=\"height:10px\" aria-hidden=\"true\" class=\"wp-block-spacer\"><\/div>\n\n<p>Die n\u00e4chste Phase der Anmeldung erfolgt f\u00fcr die Teilnahme an der Verlosung, die im Jahr 2025 stattfinden wird. Sie k\u00f6nnen sich bereits jetzt vorab registrieren, indem Sie auf das <a href=\"https:\/\/us-gc.net\/de\/lotterie-formular-green-card\/\">Online-Formular<\/a> klicken, um Ihren Antrag auf Teilnahme an der Verlosung auszuf\u00fcllen. <\/p>\n\n<h2 class=\"wp-block-heading\" id=\"h-quelles-sont-les-resultats-de-la-loterie-de-la-green-card-2024\">Was sind die Ergebnisse der Green Card Lotterie 2024?<\/h2>\n\n<p>Die <a href=\"https:\/\/us-gc.net\/de\/lotterie-ergebnisse-green-card\/\">Ergebnisse der Green-Card-Verlosung<\/a> werden jedes Jahr etwa sechs Monate nach der Verlosung, die im November stattfindet, ver\u00f6ffentlicht. Die Ergebnisse der Ziehung der Lotterie, die im Jahr 2024 stattfindet, werden ab Mai 2025 online ver\u00f6ffentlicht.<\/p>\n\n<h2 class=\"wp-block-heading\" id=\"h-comment-s-inscrire-a-la-loterie-de-la-green-card-2024\">Wie melde ich mich f\u00fcr die Green Card-Lotterie 2024 an?<\/h2>\n\n<p>Die Anmeldung f\u00fcr die <a href=\"https:\/\/us-gc.net\/de\/lotterie-grune-karte-amerikanische\/\">USA Green Card Lotterie<\/a> erfolgt vollst\u00e4ndig online. <strong>Nehmen Sie an dieser j\u00e4hrlichen Lotterie teil, indem<\/strong> Sie sich in wenigen Minuten online registrieren, indem Sie auf das <a href=\"https:\/\/us-gc.net\/de\/lotterie-formular-green-card\/\">Online-Formular<\/a> klicken. Der Vorgang dauert nur wenige Minuten.<\/p>\n\n<h2 class=\"wp-block-heading\" id=\"h-quel-sont-les-etapes-suivantes-pour-les-gagnants-de-la-loterie\">Was sind die n\u00e4chsten Schritte f\u00fcr Lotteriegewinner?<\/h2>\n\n<p>Die Gewinner der Lotterie m\u00fcssen anschlie\u00dfend ein Diversity-Visum beantragen. Die n\u00e4chsten Schritte des Verfahrens sind :<\/p>\n\n<ul class=\"wp-block-list\">\n<li>F\u00fcllen Sie das <a href=\"https:\/\/travel.state.gov\/content\/travel\/en\/us-visas\/visa-information-resources\/forms\/online-immigrant-visa-forms\/ds-260-faqs.html\">Formular DS-260<\/a> f\u00fcr den Visumantrag aus.<\/li>\n\n\n\n<li>F\u00fchren Sie die Zahlung der <a href=\"https:\/\/us-gc.net\/de\/preis-green-card\/\">Geb\u00fchren durch, die f\u00fcr den Erhalt der Green Card<\/a> im Rahmen dieses obligatorischen Visumantrags zu entrichten sind;<\/li>\n\n\n\n<li>Ein <a href=\"https:\/\/us-gc.net\/de\/green-card-interview\/\">Interview f\u00fcr die Green Card<\/a> mit einem USCIS-Beamten des Diversity Visa Program f\u00fchren ;<\/li>\n\n\n\n<li>F\u00fchren Sie eine medizinische Untersuchung durch.<\/li>\n<\/ul>\n\n<div style=\"height:10px\" aria-hidden=\"true\" class=\"wp-block-spacer\"><\/div>\n\n<p>Die <a href=\"https:\/\/us-gc.net\/de\/unterschied-green-card-visum\/\">Green Card und das Visum sind unterschiedliche Dokumente<\/a>. Die Beantragung eines Diversity-Visums ist einer der Schritte, um eine Green Card zu erhalten.<\/p>\n","protected":false},"excerpt":{"rendered":"<p>Green Card-Lotterie im Jahr 2024 Die Green Card-Lotterie wird nur einmal im Jahr ausgelost. Es gibt zwei M\u00f6glichkeiten, das Lotteriejahr zu bezeichnen: Was ist die Green Card-Lotterie 2024? Am h\u00e4ufigsten wird die Green Card Lotterie 2024 als die j\u00e4hrliche Verlosung bezeichnet, die im Laufe des Jahres 2024 stattfindet. Diese Verlosung findet einmal im Jahr statt [&hellip;]<\/p>\n","protected":false},"author":1,"featured_media":0,"parent":0,"menu_order":0,"comment_status":"closed","ping_status":"closed","template":"","meta":{"footnotes":""},"class_list":["post-1055","page","type-page","status-publish","hentry"],"yoast_head":"<!-- This site is optimized with the Yoast SEO plugin v27.4 - https:\/\/yoast.com\/product\/yoast-seo-wordpress\/ -->\n<title>Green Card-Lotterie 2024 - USA GC<\/title>\n<meta name=\"description\" content=\"Nehmen Sie an der Ziehung der Green-Card-Lotterie im Jahr 2024 teil. Die Verlosung findet jedes Jahr statt und f\u00fchrt zum Gewinn einer Green Card.\" \/>\n<meta name=\"robots\" content=\"index, follow, max-snippet:-1, max-image-preview:large, max-video-preview:-1\" \/>\n<link rel=\"canonical\" href=\"https:\/\/us-gc.net\/de\/green-card-lotterie-2024\/\" \/>\n<meta property=\"og:locale\" content=\"de_DE\" \/>\n<meta property=\"og:type\" content=\"article\" \/>\n<meta property=\"og:title\" content=\"Green Card-Lotterie 2024 - USA GC\" \/>\n<meta property=\"og:description\" content=\"Nehmen Sie an der Ziehung der Green-Card-Lotterie im Jahr 2024 teil. Die Verlosung findet jedes Jahr statt und f\u00fchrt zum Gewinn einer Green Card.\" \/>\n<meta property=\"og:url\" content=\"https:\/\/us-gc.net\/de\/green-card-lotterie-2024\/\" \/>\n<meta property=\"og:site_name\" content=\"USA GC\" \/>\n<meta property=\"article:modified_time\" content=\"2025-03-31T10:07:59+00:00\" \/>\n<meta name=\"twitter:card\" content=\"summary_large_image\" \/>\n<meta name=\"twitter:label1\" content=\"Gesch\u00e4tzte Lesezeit\" \/>\n\t<meta name=\"twitter:data1\" content=\"2\u00a0Minuten\" \/>\n<script type=\"application\/ld+json\" class=\"yoast-schema-graph\">{\"@context\":\"https:\\\/\\\/schema.org\",\"@graph\":[{\"@type\":\"WebPage\",\"@id\":\"https:\\\/\\\/us-gc.net\\\/de\\\/green-card-lotterie-2024\\\/\",\"url\":\"https:\\\/\\\/us-gc.net\\\/de\\\/green-card-lotterie-2024\\\/\",\"name\":\"Green Card-Lotterie 2024 - USA GC\",\"isPartOf\":{\"@id\":\"https:\\\/\\\/us-gc.net\\\/de\\\/#website\"},\"datePublished\":\"2024-01-31T15:56:24+00:00\",\"dateModified\":\"2025-03-31T10:07:59+00:00\",\"description\":\"Nehmen Sie an der Ziehung der Green-Card-Lotterie im Jahr 2024 teil. Die Verlosung findet jedes Jahr statt und f\u00fchrt zum Gewinn einer Green Card.\",\"breadcrumb\":{\"@id\":\"https:\\\/\\\/us-gc.net\\\/de\\\/green-card-lotterie-2024\\\/#breadcrumb\"},\"inLanguage\":\"de\",\"potentialAction\":[{\"@type\":\"ReadAction\",\"target\":[\"https:\\\/\\\/us-gc.net\\\/de\\\/green-card-lotterie-2024\\\/\"]}]},{\"@type\":\"BreadcrumbList\",\"@id\":\"https:\\\/\\\/us-gc.net\\\/de\\\/green-card-lotterie-2024\\\/#breadcrumb\",\"itemListElement\":[{\"@type\":\"ListItem\",\"position\":1,\"name\":\"Accueil\",\"item\":\"https:\\\/\\\/us-gc.net\\\/de\\\/green-card\\\/\"},{\"@type\":\"ListItem\",\"position\":2,\"name\":\"Green Card-Lotterie 2024\"}]},{\"@type\":\"WebSite\",\"@id\":\"https:\\\/\\\/us-gc.net\\\/de\\\/#website\",\"url\":\"https:\\\/\\\/us-gc.net\\\/de\\\/\",\"name\":\"USA GC\",\"description\":\"\",\"potentialAction\":[{\"@type\":\"SearchAction\",\"target\":{\"@type\":\"EntryPoint\",\"urlTemplate\":\"https:\\\/\\\/us-gc.net\\\/de\\\/?s={search_term_string}\"},\"query-input\":{\"@type\":\"PropertyValueSpecification\",\"valueRequired\":true,\"valueName\":\"search_term_string\"}}],\"inLanguage\":\"de\"}]}<\/script>\n<!-- \/ Yoast SEO plugin. -->","yoast_head_json":{"title":"Green Card-Lotterie 2024 - USA GC","description":"Nehmen Sie an der Ziehung der Green-Card-Lotterie im Jahr 2024 teil. Die Verlosung findet jedes Jahr statt und f\u00fchrt zum Gewinn einer Green Card.","robots":{"index":"index","follow":"follow","max-snippet":"max-snippet:-1","max-image-preview":"max-image-preview:large","max-video-preview":"max-video-preview:-1"},"canonical":"https:\/\/us-gc.net\/de\/green-card-lotterie-2024\/","og_locale":"de_DE","og_type":"article","og_title":"Green Card-Lotterie 2024 - USA GC","og_description":"Nehmen Sie an der Ziehung der Green-Card-Lotterie im Jahr 2024 teil. Die Verlosung findet jedes Jahr statt und f\u00fchrt zum Gewinn einer Green Card.","og_url":"https:\/\/us-gc.net\/de\/green-card-lotterie-2024\/","og_site_name":"USA GC","article_modified_time":"2025-03-31T10:07:59+00:00","twitter_card":"summary_large_image","twitter_misc":{"Gesch\u00e4tzte Lesezeit":"2\u00a0Minuten"},"schema":{"@context":"https:\/\/schema.org","@graph":[{"@type":"WebPage","@id":"https:\/\/us-gc.net\/de\/green-card-lotterie-2024\/","url":"https:\/\/us-gc.net\/de\/green-card-lotterie-2024\/","name":"Green Card-Lotterie 2024 - USA GC","isPartOf":{"@id":"https:\/\/us-gc.net\/de\/#website"},"datePublished":"2024-01-31T15:56:24+00:00","dateModified":"2025-03-31T10:07:59+00:00","description":"Nehmen Sie an der Ziehung der Green-Card-Lotterie im Jahr 2024 teil. Die Verlosung findet jedes Jahr statt und f\u00fchrt zum Gewinn einer Green Card.","breadcrumb":{"@id":"https:\/\/us-gc.net\/de\/green-card-lotterie-2024\/#breadcrumb"},"inLanguage":"de","potentialAction":[{"@type":"ReadAction","target":["https:\/\/us-gc.net\/de\/green-card-lotterie-2024\/"]}]},{"@type":"BreadcrumbList","@id":"https:\/\/us-gc.net\/de\/green-card-lotterie-2024\/#breadcrumb","itemListElement":[{"@type":"ListItem","position":1,"name":"Accueil","item":"https:\/\/us-gc.net\/de\/green-card\/"},{"@type":"ListItem","position":2,"name":"Green Card-Lotterie 2024"}]},{"@type":"WebSite","@id":"https:\/\/us-gc.net\/de\/#website","url":"https:\/\/us-gc.net\/de\/","name":"USA GC","description":"","potentialAction":[{"@type":"SearchAction","target":{"@type":"EntryPoint","urlTemplate":"https:\/\/us-gc.net\/de\/?s={search_term_string}"},"query-input":{"@type":"PropertyValueSpecification","valueRequired":true,"valueName":"search_term_string"}}],"inLanguage":"de"}]}},"_links":{"self":[{"href":"https:\/\/us-gc.net\/de\/wp-json\/wp\/v2\/pages\/1055","targetHints":{"allow":["GET"]}}],"collection":[{"href":"https:\/\/us-gc.net\/de\/wp-json\/wp\/v2\/pages"}],"about":[{"href":"https:\/\/us-gc.net\/de\/wp-json\/wp\/v2\/types\/page"}],"author":[{"embeddable":true,"href":"https:\/\/us-gc.net\/de\/wp-json\/wp\/v2\/users\/1"}],"replies":[{"embeddable":true,"href":"https:\/\/us-gc.net\/de\/wp-json\/wp\/v2\/comments?post=1055"}],"version-history":[{"count":3,"href":"https:\/\/us-gc.net\/de\/wp-json\/wp\/v2\/pages\/1055\/revisions"}],"predecessor-version":[{"id":10095,"href":"https:\/\/us-gc.net\/de\/wp-json\/wp\/v2\/pages\/1055\/revisions\/10095"}],"wp:attachment":[{"href":"https:\/\/us-gc.net\/de\/wp-json\/wp\/v2\/media?parent=1055"}],"curies":[{"name":"wp","href":"https:\/\/api.w.org\/{rel}","templated":true}]}}