{"id":1013,"date":"2024-01-31T14:33:04","date_gmt":"2024-01-31T14:33:04","guid":{"rendered":"https:\/\/green-card-usa.net\/green-card-durch-heirat\/"},"modified":"2024-12-30T09:39:38","modified_gmt":"2024-12-30T09:39:38","slug":"green-card-durch-heirat","status":"publish","type":"page","link":"https:\/\/us-gc.net\/de\/green-card-durch-heirat\/","title":{"rendered":"Green Card durch Heirat erlangt"},"content":{"rendered":"\n<h1 class=\"wp-block-heading\" id=\"h-obtenir-une-green-card-par-mariage\">Eine Green Card durch Heirat erhalten<\/h1>\n\n<p>Die Green Card kann aufgrund einer Heirat mit einem US-B\u00fcrger oder einem Legal Permanent Resident (RPL) beantragt werden. Durch die Heirat kann man also einen dauerhaften Wohnsitz in den Vereinigten Staaten erhalten. Im Folgenden werden die wichtigsten Schritte und Bedingungen im Detail erl\u00e4utert, um davon zu profitieren.<\/p>\n\n<h2 class=\"wp-block-heading\" id=\"h-eligibilite-a-la-green-card-par-mariage\">Green Card-F\u00e4higkeit durch Heirat<\/h2>\n\n<p>Um sich f\u00fcr eine Green Card durch Heirat zu qualifizieren, m\u00fcssen Sie mit einem US-B\u00fcrger oder einem RLP verheiratet sein. Die Ehe muss legal sein und auf einer echten Beziehung beruhen. Das Bestreben, einen dauerhaften Wohnsitz in den USA zu haben, sollte nicht der Hauptgrund f\u00fcr die Eheschlie\u00dfung sein.<\/p>\n\n<h2 class=\"wp-block-heading\" id=\"h-conditions-et-preuves-requises\">Voraussetzungen und erforderliche Nachweise<\/h2>\n\n<p>Paare m\u00fcssen substanzielle Beweise f\u00fcr ihre rechtm\u00e4\u00dfige Ehe vorlegen. Beispielsweise kann das Paar gemeinsame Kontoausz\u00fcge, gemeinsame Mietvertr\u00e4ge oder Hypotheken, Hochzeitsfotos und Familienereignisse vorlegen. Alle anderen Dokumente, die ihre Beziehung belegen, k\u00f6nnen relevant sein und sollten dem Antrag beigef\u00fcgt werden.<\/p>\n\n<p>Wenn Sie die Voraussetzungen nicht erf\u00fcllen, haben Sie immer noch die M\u00f6glichkeit, eine <a href=\"https:\/\/us-gc.net\/de\/lotterie-green-card\/\">Green Card bei der Lotterie<\/a> zu erhalten. <strong>Um an der j\u00e4hrlichen Verlosung teilzunehmen<\/strong>, m\u00fcssen Sie nur das <a href=\"https:\/\/us-gc.net\/de\/lotterie-formular-green-card\/\">Online-Formular<\/a> ausf\u00fcllen.<\/p>\n\n<div style=\"height:10px\" aria-hidden=\"true\" class=\"wp-block-spacer\"><\/div>\n\n<h2 class=\"wp-block-heading\" id=\"h-processus-de-demande\">Antragsverfahren<\/h2>\n\n<p>Die Beantragung einer <a href=\"https:\/\/us-gc.net\/de\/\">Green Card<\/a> im Zusammenhang mit einer Eheschlie\u00dfung erfolgt in mehreren Schritten.<\/p>\n\n<ol class=\"wp-block-list\">\n<li><strong>Einreichen der Petition<\/strong>: Der B\u00fcrgerliche Partner oder RPL muss zun\u00e4chst das <a href=\"https:\/\/www.uscis.gov\/i-130\">Formular I-130<\/a> einreichen. Es handelt sich um eine Petition f\u00fcr einen ausl\u00e4ndischen Elternteil, die beim US Citizenship and Immigration Service (USCIS) eingereicht werden muss.<\/li>\n\n\n\n<li><strong>Statusanpassung oder konsularischer Prozess<\/strong>: Wenn der Ehepartner ohne Staatsb\u00fcrgerschaft bereits in den USA ist, kann er mit dem <a href=\"https:\/\/www.uscis.gov\/i-485\">Formular I-485<\/a> eine Statusanpassung beantragen. Wenn sich der Ehepartner au\u00dferhalb der USA befindet, wird er \u00fcber das Konsulat seines Heimatlandes gehen.<\/li>\n\n\n\n<li><strong>Gespr\u00e4ch und Genehmigung<\/strong>: Beide Partner werden zu einem <a href=\"https:\/\/us-gc.net\/de\/green-card-interview\/\">Green-Card-Gespr\u00e4ch<\/a> eingeladen, um die Echtheit der Ehe zu \u00fcberpr\u00fcfen. Wenn der Antrag genehmigt wird, erh\u00e4lt der Ehepartner, der nicht die Staatsb\u00fcrgerschaft besitzt, eine Green Card.<\/li>\n<\/ol>\n\n<h2 class=\"wp-block-heading\" id=\"h-green-card-conditionnelle\">Bedingte Green Card<\/h2>\n\n<p>Wenn die Ehe zum Zeitpunkt der Genehmigung weniger als zwei Jahre alt ist, erh\u00e4lt der Ehepartner ohne Staatsb\u00fcrgerschaft eine bedingte Green Card, die zwei Jahre g\u00fcltig ist. Vor ihrem Ablauf muss das Paar das <a href=\"https:\/\/www.uscis.gov\/sites\/default\/files\/document\/forms\/i-751.pdf\">Formular I-751<\/a> einreichen, um die Aufhebung der Bedingungen zu beantragen und eine dauerhafte Green Card zu erhalten.<\/p>\n\n<h2 class=\"wp-block-heading\" id=\"h-conseils-pour-une-reussir-la-demande-de-green-card\">Tipps f\u00fcr eine erfolgreiche Beantragung der Green Card<\/h2>\n\n<p>Eine Green Card berechtigt zu einem dauerhaften Aufenthalt in den Vereinigten Staaten. Das Verfahren zur Erlangung einer Green Card durch Heirat wird besonders gr\u00fcndlich gepr\u00fcft und der Erfolg ist nicht garantiert. Hier sind einige relevante Tipps, um die Erfolgschancen zu maximieren:<\/p>\n\n<ul class=\"wp-block-list\">\n<li><strong>Dokumentieren Sie Ihre Beziehung sorgf\u00e4ltig<\/strong>: Behalten Sie den \u00dcberblick \u00fcber Dokumente und Fotos, die die Kontinuit\u00e4t und Echtheit Ihrer Beziehung belegen.<\/li>\n\n\n\n<li><strong>Bereiten Sie sich auf das Vorstellungsgespr\u00e4ch vor<\/strong>: Seien Sie darauf vorbereitet, Fragen zu Ihrer Beziehung und Ehe transparent und ehrlich zu beantworten.<\/li>\n\n\n\n<li><strong>Fristen einhalten<\/strong>: Achten Sie darauf, dass Sie alle Antr\u00e4ge und erforderlichen Unterlagen innerhalb der vorgeschriebenen Fristen einreichen.<\/li>\n<\/ul>\n\n<p><\/p>\n","protected":false},"excerpt":{"rendered":"<p>Eine Green Card durch Heirat erhalten Die Green Card kann aufgrund einer Heirat mit einem US-B\u00fcrger oder einem Legal Permanent Resident (RPL) beantragt werden. Durch die Heirat kann man also einen dauerhaften Wohnsitz in den Vereinigten Staaten erhalten. Im Folgenden werden die wichtigsten Schritte und Bedingungen im Detail erl\u00e4utert, um davon zu profitieren. Green Card-F\u00e4higkeit [&hellip;]<\/p>\n","protected":false},"author":1,"featured_media":0,"parent":0,"menu_order":0,"comment_status":"closed","ping_status":"closed","template":"","meta":{"footnotes":""},"class_list":["post-1013","page","type-page","status-publish","hentry"],"yoast_head":"<!-- This site is optimized with the Yoast SEO plugin v27.4 - https:\/\/yoast.com\/product\/yoast-seo-wordpress\/ -->\n<title>Green Card durch Heirat erlangt - USA GC<\/title>\n<meta name=\"description\" content=\"Erhalten Sie eine Green Card durch die Heirat mit einem US-B\u00fcrger oder dem Inhaber einer US-Green Card.\" \/>\n<meta name=\"robots\" content=\"index, follow, max-snippet:-1, max-image-preview:large, max-video-preview:-1\" \/>\n<link rel=\"canonical\" href=\"https:\/\/us-gc.net\/de\/green-card-durch-heirat\/\" \/>\n<meta property=\"og:locale\" content=\"de_DE\" \/>\n<meta property=\"og:type\" content=\"article\" \/>\n<meta property=\"og:title\" content=\"Green Card durch Heirat erlangt - USA GC\" \/>\n<meta property=\"og:description\" content=\"Erhalten Sie eine Green Card durch die Heirat mit einem US-B\u00fcrger oder dem Inhaber einer US-Green Card.\" \/>\n<meta property=\"og:url\" content=\"https:\/\/us-gc.net\/de\/green-card-durch-heirat\/\" \/>\n<meta property=\"og:site_name\" content=\"USA GC\" \/>\n<meta property=\"article:modified_time\" content=\"2024-12-30T09:39:38+00:00\" \/>\n<meta name=\"twitter:card\" content=\"summary_large_image\" \/>\n<meta name=\"twitter:label1\" content=\"Gesch\u00e4tzte Lesezeit\" \/>\n\t<meta name=\"twitter:data1\" content=\"3\u00a0Minuten\" \/>\n<script type=\"application\/ld+json\" class=\"yoast-schema-graph\">{\"@context\":\"https:\\\/\\\/schema.org\",\"@graph\":[{\"@type\":\"WebPage\",\"@id\":\"https:\\\/\\\/us-gc.net\\\/de\\\/green-card-durch-heirat\\\/\",\"url\":\"https:\\\/\\\/us-gc.net\\\/de\\\/green-card-durch-heirat\\\/\",\"name\":\"Green Card durch Heirat erlangt - USA GC\",\"isPartOf\":{\"@id\":\"https:\\\/\\\/us-gc.net\\\/de\\\/#website\"},\"datePublished\":\"2024-01-31T14:33:04+00:00\",\"dateModified\":\"2024-12-30T09:39:38+00:00\",\"description\":\"Erhalten Sie eine Green Card durch die Heirat mit einem US-B\u00fcrger oder dem Inhaber einer US-Green Card.\",\"breadcrumb\":{\"@id\":\"https:\\\/\\\/us-gc.net\\\/de\\\/green-card-durch-heirat\\\/#breadcrumb\"},\"inLanguage\":\"de\",\"potentialAction\":[{\"@type\":\"ReadAction\",\"target\":[\"https:\\\/\\\/us-gc.net\\\/de\\\/green-card-durch-heirat\\\/\"]}]},{\"@type\":\"BreadcrumbList\",\"@id\":\"https:\\\/\\\/us-gc.net\\\/de\\\/green-card-durch-heirat\\\/#breadcrumb\",\"itemListElement\":[{\"@type\":\"ListItem\",\"position\":1,\"name\":\"Accueil\",\"item\":\"https:\\\/\\\/us-gc.net\\\/de\\\/green-card\\\/\"},{\"@type\":\"ListItem\",\"position\":2,\"name\":\"Green Card durch Heirat erlangt\"}]},{\"@type\":\"WebSite\",\"@id\":\"https:\\\/\\\/us-gc.net\\\/de\\\/#website\",\"url\":\"https:\\\/\\\/us-gc.net\\\/de\\\/\",\"name\":\"USA GC\",\"description\":\"\",\"potentialAction\":[{\"@type\":\"SearchAction\",\"target\":{\"@type\":\"EntryPoint\",\"urlTemplate\":\"https:\\\/\\\/us-gc.net\\\/de\\\/?s={search_term_string}\"},\"query-input\":{\"@type\":\"PropertyValueSpecification\",\"valueRequired\":true,\"valueName\":\"search_term_string\"}}],\"inLanguage\":\"de\"}]}<\/script>\n<!-- \/ Yoast SEO plugin. -->","yoast_head_json":{"title":"Green Card durch Heirat erlangt - USA GC","description":"Erhalten Sie eine Green Card durch die Heirat mit einem US-B\u00fcrger oder dem Inhaber einer US-Green Card.","robots":{"index":"index","follow":"follow","max-snippet":"max-snippet:-1","max-image-preview":"max-image-preview:large","max-video-preview":"max-video-preview:-1"},"canonical":"https:\/\/us-gc.net\/de\/green-card-durch-heirat\/","og_locale":"de_DE","og_type":"article","og_title":"Green Card durch Heirat erlangt - USA GC","og_description":"Erhalten Sie eine Green Card durch die Heirat mit einem US-B\u00fcrger oder dem Inhaber einer US-Green Card.","og_url":"https:\/\/us-gc.net\/de\/green-card-durch-heirat\/","og_site_name":"USA GC","article_modified_time":"2024-12-30T09:39:38+00:00","twitter_card":"summary_large_image","twitter_misc":{"Gesch\u00e4tzte Lesezeit":"3\u00a0Minuten"},"schema":{"@context":"https:\/\/schema.org","@graph":[{"@type":"WebPage","@id":"https:\/\/us-gc.net\/de\/green-card-durch-heirat\/","url":"https:\/\/us-gc.net\/de\/green-card-durch-heirat\/","name":"Green Card durch Heirat erlangt - USA GC","isPartOf":{"@id":"https:\/\/us-gc.net\/de\/#website"},"datePublished":"2024-01-31T14:33:04+00:00","dateModified":"2024-12-30T09:39:38+00:00","description":"Erhalten Sie eine Green Card durch die Heirat mit einem US-B\u00fcrger oder dem Inhaber einer US-Green Card.","breadcrumb":{"@id":"https:\/\/us-gc.net\/de\/green-card-durch-heirat\/#breadcrumb"},"inLanguage":"de","potentialAction":[{"@type":"ReadAction","target":["https:\/\/us-gc.net\/de\/green-card-durch-heirat\/"]}]},{"@type":"BreadcrumbList","@id":"https:\/\/us-gc.net\/de\/green-card-durch-heirat\/#breadcrumb","itemListElement":[{"@type":"ListItem","position":1,"name":"Accueil","item":"https:\/\/us-gc.net\/de\/green-card\/"},{"@type":"ListItem","position":2,"name":"Green Card durch Heirat erlangt"}]},{"@type":"WebSite","@id":"https:\/\/us-gc.net\/de\/#website","url":"https:\/\/us-gc.net\/de\/","name":"USA GC","description":"","potentialAction":[{"@type":"SearchAction","target":{"@type":"EntryPoint","urlTemplate":"https:\/\/us-gc.net\/de\/?s={search_term_string}"},"query-input":{"@type":"PropertyValueSpecification","valueRequired":true,"valueName":"search_term_string"}}],"inLanguage":"de"}]}},"_links":{"self":[{"href":"https:\/\/us-gc.net\/de\/wp-json\/wp\/v2\/pages\/1013","targetHints":{"allow":["GET"]}}],"collection":[{"href":"https:\/\/us-gc.net\/de\/wp-json\/wp\/v2\/pages"}],"about":[{"href":"https:\/\/us-gc.net\/de\/wp-json\/wp\/v2\/types\/page"}],"author":[{"embeddable":true,"href":"https:\/\/us-gc.net\/de\/wp-json\/wp\/v2\/users\/1"}],"replies":[{"embeddable":true,"href":"https:\/\/us-gc.net\/de\/wp-json\/wp\/v2\/comments?post=1013"}],"version-history":[{"count":1,"href":"https:\/\/us-gc.net\/de\/wp-json\/wp\/v2\/pages\/1013\/revisions"}],"predecessor-version":[{"id":7651,"href":"https:\/\/us-gc.net\/de\/wp-json\/wp\/v2\/pages\/1013\/revisions\/7651"}],"wp:attachment":[{"href":"https:\/\/us-gc.net\/de\/wp-json\/wp\/v2\/media?parent=1013"}],"curies":[{"name":"wp","href":"https:\/\/api.w.org\/{rel}","templated":true}]}}